{"id":277,"date":"2020-06-05T11:15:04","date_gmt":"2020-06-05T09:15:04","guid":{"rendered":"http:\/\/seteks.si\/?page_id=277"},"modified":"2025-08-31T16:24:56","modified_gmt":"2025-08-31T14:24:56","slug":"kontakt","status":"publish","type":"page","link":"https:\/\/www.lumist.si\/hr\/kontakt\/","title":{"rendered":"Kontakt"},"content":{"rendered":"<div class=\"wpb-content-wrapper\"><div class=\"vc_row wpb_row vc_row-fluid\" ><div class=\"wpb_column vc_column_container vc_col-sm-12\"><div class=\"vc_column-inner\"><div class=\"wpb_wrapper\">\n\t<div class=\"wpb_text_column wpb_content_element\" >\n\t\t<div class=\"wpb_wrapper\">\n\t\t\t<p><strong>Seteks doo<\/strong><br \/>Preglov trg 4<br \/>1000 Ljubljana<\/p>\n<p><a href=\"mailto:info@lumist.si\">info@lumist.si<a><\/p>\n<p\/>\nTel. 051 306 332<\/p>\n<p><strong>Porezni broj:<\/strong> Si16277112<br \/><strong>Registarski broj:<\/strong> 6262899000<br \/><strong>TRR:<\/strong> Si56 02056-0260178969<\/p>\n\n\t\t<\/div>\n\t<\/div>\n<\/div><\/div><\/div><\/div>\n<\/div>","protected":false},"excerpt":{"rendered":"Seteks\u00a0d.o.o.Preglov trg 41000 Ljubljana info@lumist.si Tel. 051 306 332 Dav\u010dna \u0161t.: Si16277112Mati\u010dna \u0161t.: 6262899000TRR: Si56 02056-0260178969","protected":false},"author":1,"featured_media":0,"parent":0,"menu_order":0,"comment_status":"closed","ping_status":"closed","template":"","meta":{"om_disable_all_campaigns":false,"inline_featured_image":false,"_monsterinsights_skip_tracking":false,"_monsterinsights_sitenote_active":false,"_monsterinsights_sitenote_note":"","_monsterinsights_sitenote_category":0,"footnotes":""},"class_list":["post-277","page","type-page","status-publish","hentry"],"aioseo_notices":[],"_links":{"self":[{"href":"https:\/\/www.lumist.si\/hr\/wp-json\/wp\/v2\/pages\/277","targetHints":{"allow":["GET"]}}],"collection":[{"href":"https:\/\/www.lumist.si\/hr\/wp-json\/wp\/v2\/pages"}],"about":[{"href":"https:\/\/www.lumist.si\/hr\/wp-json\/wp\/v2\/types\/page"}],"author":[{"embeddable":true,"href":"https:\/\/www.lumist.si\/hr\/wp-json\/wp\/v2\/users\/1"}],"replies":[{"embeddable":true,"href":"https:\/\/www.lumist.si\/hr\/wp-json\/wp\/v2\/comments?post=277"}],"version-history":[{"count":24,"href":"https:\/\/www.lumist.si\/hr\/wp-json\/wp\/v2\/pages\/277\/revisions"}],"predecessor-version":[{"id":16614,"href":"https:\/\/www.lumist.si\/hr\/wp-json\/wp\/v2\/pages\/277\/revisions\/16614"}],"wp:attachment":[{"href":"https:\/\/www.lumist.si\/hr\/wp-json\/wp\/v2\/media?parent=277"}],"curies":[{"name":"wp","href":"https:\/\/api.w.org\/{rel}","templated":true}]}}