{"id":1001,"date":"2020-09-14T11:03:40","date_gmt":"2020-09-14T09:03:40","guid":{"rendered":"http:\/\/www.lumist.si\/?post_type=product&#038;p=1001"},"modified":"2025-10-12T19:52:20","modified_gmt":"2025-10-12T17:52:20","slug":"cokoladna-rolla-twister","status":"publish","type":"product","link":"https:\/\/www.lumist.si\/hr\/proizvod\/cokoladna-rolla-twister\/","title":{"rendered":"\u010cokoladna rolla Twister"},"content":{"rendered":"<p><strong>\u010cokoladna rolla twister<\/strong><\/p>\n<p>Dekorativni \u010dokoladni zvitki v elegantni klasi\u010dni obliki, z edinstvenim marmoriranim vzorcem iz bele in temne \u010dokolade. Popolni za okra\u0161evanje tort, sladoleda, moussa, krem in drugih sladic, kjer \u017eelite zdru\u017eiti estetiko in okus. Zahvaljujo\u010d svoji vsestranskosti in var\u010dni uporabi so odli\u010dna izbira tako za profesionalne sla\u0161\u010di\u010darje kot ljubiteljske ustvarjalce sladic.<\/p>\n<p>Izdelek: Roll Twister<br \/>\nVeli\u010dina: 55 mm<br \/>\nOkus: bela \u010dokolada (29 % kakava), temna \u010dokolada (50 % kakava)<br \/>\nVzor\u010dek: \u010drno-bel<br \/>\nUporaba: univerzalna \u2013 za dekoracijo vseh vrst sladic<\/p>\n<p>Skladi\u0161tenje:<br \/>\nZaradi ob\u010dutljivosti na visoke temperature hranite zvitke v hladnem in suhem prostoru, stran od neposredne svetlobe, v dobro zaprti embala\u017ei. Tako bodo ohranili svojo \u010dvrstost in brezhiben videz.<\/p>","protected":false},"excerpt":{"rendered":"<p><strong>\u010cokoladna rolla twister<\/strong><\/p>\n<p>Dekorativni \u010dokoladni zvitki v elegantni klasi\u010dni obliki, z edinstvenim marmoriranim vzorcem iz bele in temne \u010dokolade. Popolni za okra\u0161evanje tort, sladoleda, moussa, krem in drugih sladic, kjer \u017eelite zdru\u017eiti estetiko in okus. Zahvaljujo\u010d svoji vsestranskosti in var\u010dni uporabi so odli\u010dna izbira tako za profesionalne sla\u0161\u010di\u010darje kot ljubiteljske ustvarjalce sladic.<\/p>\n<p>&nbsp;<\/p>\n<p>&nbsp;<\/p>","protected":false},"featured_media":7947,"comment_status":"open","ping_status":"closed","template":"","meta":{"om_disable_all_campaigns":false,"inline_featured_image":false,"_monsterinsights_skip_tracking":false,"_monsterinsights_sitenote_active":false,"_monsterinsights_sitenote_note":"","_monsterinsights_sitenote_category":0},"product_brand":[],"product_cat":[117,27],"product_tag":[],"class_list":{"0":"post-1001","1":"product","2":"type-product","3":"status-publish","4":"has-post-thumbnail","6":"product_cat-dekoracija-sladic","7":"product_cat-cokoladni-okraski","8":"pa_teza-1-kg","9":"pa_teza-120-g","10":"pa_znamka-barbara-luijckx","12":"first","13":"instock","14":"taxable","15":"shipping-taxable","16":"purchasable","17":"product-type-variable","18":"has-default-attributes"},"aioseo_notices":[],"_links":{"self":[{"href":"https:\/\/www.lumist.si\/hr\/wp-json\/wp\/v2\/product\/1001","targetHints":{"allow":["GET"]}}],"collection":[{"href":"https:\/\/www.lumist.si\/hr\/wp-json\/wp\/v2\/product"}],"about":[{"href":"https:\/\/www.lumist.si\/hr\/wp-json\/wp\/v2\/types\/product"}],"replies":[{"embeddable":true,"href":"https:\/\/www.lumist.si\/hr\/wp-json\/wp\/v2\/comments?post=1001"}],"wp:featuredmedia":[{"embeddable":true,"href":"https:\/\/www.lumist.si\/hr\/wp-json\/wp\/v2\/media\/7947"}],"wp:attachment":[{"href":"https:\/\/www.lumist.si\/hr\/wp-json\/wp\/v2\/media?parent=1001"}],"wp:term":[{"taxonomy":"product_brand","embeddable":true,"href":"https:\/\/www.lumist.si\/hr\/wp-json\/wp\/v2\/product_brand?post=1001"},{"taxonomy":"product_cat","embeddable":true,"href":"https:\/\/www.lumist.si\/hr\/wp-json\/wp\/v2\/product_cat?post=1001"},{"taxonomy":"product_tag","embeddable":true,"href":"https:\/\/www.lumist.si\/hr\/wp-json\/wp\/v2\/product_tag?post=1001"}],"curies":[{"name":"wp","href":"https:\/\/api.w.org\/{rel}","templated":true}]}}