{"id":1003,"date":"2020-09-14T11:10:59","date_gmt":"2020-09-14T09:10:59","guid":{"rendered":"http:\/\/www.lumist.si\/?post_type=product&#038;p=1003"},"modified":"2026-03-24T10:32:28","modified_gmt":"2026-03-24T09:32:28","slug":"cokoladna-rolla-pena","status":"publish","type":"product","link":"https:\/\/www.lumist.si\/hr\/proizvod\/cokoladna-rolla-pena\/","title":{"rendered":"\u010cokoladna rolla Pena"},"content":{"rendered":"<p><strong>\u010cokoladna rolla Pena<\/strong><\/p>\n<p>Dekorativni \u010dokoladni zvitki v prepoznavni, klasi\u010dni obliki, izdelani iz bele in temne \u010dokolade. Namenjeni so preprosti, a u\u010dinkoviti dekoraciji tort, sladic, sladoleda, krem in mousseov. Njihov prefinjen videz prina\u0161a eleganco vsaki sladici, hkrati pa ostajajo izjemno prakti\u010dni in var\u010dni za vsakodnevno uporabo.<\/p>\n<p>Izdelek: \u010dokoladna mini rolica<br \/>\nDol\u017eina: 35 mm<br \/>\nOkus: bela in temna \u010dokolada<br \/>\nUporaba: univerzalna \u2013 za sla\u0161\u010di\u010darske dekoracije vseh vrst<\/p>\n<p><strong>Skladi\u0161tenje:<\/strong><br \/>\nKer so dekoracije ob\u010dutljive na toploto, jih shranjujte v suhem, hladnem prostoru, stran od neposredne son\u010dne svetlobe. Tako bodo ohranile svojo obliko, sijaj in odli\u010den okus.<\/p>","protected":false},"excerpt":{"rendered":"<p><strong>\u010cokoladna rolla Pena<\/strong><\/p>\n<p>Dekorativni \u010dokoladni zvitki v prepoznavni, klasi\u010dni obliki, izdelani iz bele in temne \u010dokolade. Namenjeni so preprosti, a u\u010dinkoviti dekoraciji tort, sladic, sladoleda, krem in mousseov. Njihov prefinjen videz prina\u0161a eleganco vsaki sladici, hkrati pa ostajajo izjemno prakti\u010dni in var\u010dni za vsakodnevno uporabo.<\/p>\n<p>&nbsp;<\/p>","protected":false},"featured_media":7945,"comment_status":"open","ping_status":"closed","template":"","meta":{"om_disable_all_campaigns":false,"inline_featured_image":false,"_monsterinsights_skip_tracking":false,"_monsterinsights_sitenote_active":false,"_monsterinsights_sitenote_note":"","_monsterinsights_sitenote_category":0},"product_brand":[],"product_cat":[117,27],"product_tag":[],"class_list":{"0":"post-1003","1":"product","2":"type-product","3":"status-publish","4":"has-post-thumbnail","6":"product_cat-dekoracija-sladic","7":"product_cat-cokoladni-okraski","8":"pa_teza-12-kg","9":"pa_teza-100-g","10":"pa_znamka-barbara-luijckx","12":"first","13":"instock","14":"taxable","15":"shipping-taxable","16":"purchasable","17":"product-type-variable","18":"has-default-attributes"},"aioseo_notices":[],"_links":{"self":[{"href":"https:\/\/www.lumist.si\/hr\/wp-json\/wp\/v2\/product\/1003","targetHints":{"allow":["GET"]}}],"collection":[{"href":"https:\/\/www.lumist.si\/hr\/wp-json\/wp\/v2\/product"}],"about":[{"href":"https:\/\/www.lumist.si\/hr\/wp-json\/wp\/v2\/types\/product"}],"replies":[{"embeddable":true,"href":"https:\/\/www.lumist.si\/hr\/wp-json\/wp\/v2\/comments?post=1003"}],"wp:featuredmedia":[{"embeddable":true,"href":"https:\/\/www.lumist.si\/hr\/wp-json\/wp\/v2\/media\/7945"}],"wp:attachment":[{"href":"https:\/\/www.lumist.si\/hr\/wp-json\/wp\/v2\/media?parent=1003"}],"wp:term":[{"taxonomy":"product_brand","embeddable":true,"href":"https:\/\/www.lumist.si\/hr\/wp-json\/wp\/v2\/product_brand?post=1003"},{"taxonomy":"product_cat","embeddable":true,"href":"https:\/\/www.lumist.si\/hr\/wp-json\/wp\/v2\/product_cat?post=1003"},{"taxonomy":"product_tag","embeddable":true,"href":"https:\/\/www.lumist.si\/hr\/wp-json\/wp\/v2\/product_tag?post=1003"}],"curies":[{"name":"wp","href":"https:\/\/api.w.org\/{rel}","templated":true}]}}