{"id":1018,"date":"2020-09-14T12:50:30","date_gmt":"2020-09-14T10:50:30","guid":{"rendered":"http:\/\/www.lumist.si\/?post_type=product&#038;p=1018"},"modified":"2026-03-12T17:37:33","modified_gmt":"2026-03-12T16:37:33","slug":"crispy-mlecna-cokolada","status":"publish","type":"product","link":"https:\/\/www.lumist.si\/hr\/proizvod\/crispy-mlecna-cokolada\/","title":{"rendered":"Crispy Mle\u010dna \u010dokolada"},"content":{"rendered":"<p><strong>Crispy\u00a0 Mle\u010dna \u010dokolada<\/strong><br \/>\nCrispy kroglice so prevle\u010dene s kvalitetno mle\u010dno \u010dokolado, notranjost pa je hrustljava sredica. Ta okrasni posip je primeren za vse vrste sladic, sla\u0161\u010dic in sladice v kozarcih.<\/p>\n<p>Ukusna hrskava sredina prelivena visokokvalitetnom mlije\u010dnom \u010dokoladom. U obliku malih kuglica, promjera 4-5 mm, pogodne su za ukra\u0161avanje slastica i kao posip za kreme, pjene, pjene, sladolede.<\/p>\n<p>Tip: \u010cokoladni ukrasi<br \/>\nVeli\u010dina: 4-5 mm<br \/>\nOkus: mlije\u010dna \u010dokolada<br \/>\nOblik: lopta<\/p>\n<p><strong>Skladi\u0161tenje<\/strong>: na suhom i hladnom mjestu (temperatura 5-20 \u00b0C, relativna vla\u017enost zraka ispod 75%) u dobro zatvorenoj ambala\u017ei; za\u0161tititi od sun\u010deve svjetlosti i stranih mirisa.<\/p>","protected":false},"excerpt":{"rendered":"<p><strong>Crispy\u00a0 Mle\u010dna \u010dokolada<\/strong><br \/>\nCrispy kroglice so prevle\u010dene s kvalitetno mle\u010dno \u010dokolado, notranjost pa je hrustljava sredica. Ta okrasni posip je primeren za vse vrste sladic, sla\u0161\u010dic in sladic v kozarcih.<\/p>\n<p>Ukusna hrskava sredina prelivena visokokvalitetnom mlije\u010dnom \u010dokoladom. U obliku malih kuglica, promjera 4-5 mm, pogodne su za ukra\u0161avanje slastica i kao posip za kreme, pjene, pjene, sladolede.<\/p>\n<p>&nbsp;<\/p>","protected":false},"featured_media":1019,"comment_status":"open","ping_status":"closed","template":"","meta":{"om_disable_all_campaigns":false,"inline_featured_image":false,"_monsterinsights_skip_tracking":false,"_monsterinsights_sitenote_active":false,"_monsterinsights_sitenote_note":"","_monsterinsights_sitenote_category":0},"product_brand":[],"product_cat":[117,346],"product_tag":[],"class_list":{"0":"post-1018","1":"product","2":"type-product","3":"status-publish","4":"has-post-thumbnail","6":"product_cat-dekoracija-sladic","7":"product_cat-hrustljavi-posipi","8":"pa_teza-100-g","9":"pa_teza-500g","10":"pa_znamka-barbara-luijckx","12":"first","13":"instock","14":"taxable","15":"shipping-taxable","16":"purchasable","17":"product-type-variable","18":"has-default-attributes"},"aioseo_notices":[],"_links":{"self":[{"href":"https:\/\/www.lumist.si\/hr\/wp-json\/wp\/v2\/product\/1018","targetHints":{"allow":["GET"]}}],"collection":[{"href":"https:\/\/www.lumist.si\/hr\/wp-json\/wp\/v2\/product"}],"about":[{"href":"https:\/\/www.lumist.si\/hr\/wp-json\/wp\/v2\/types\/product"}],"replies":[{"embeddable":true,"href":"https:\/\/www.lumist.si\/hr\/wp-json\/wp\/v2\/comments?post=1018"}],"wp:featuredmedia":[{"embeddable":true,"href":"https:\/\/www.lumist.si\/hr\/wp-json\/wp\/v2\/media\/1019"}],"wp:attachment":[{"href":"https:\/\/www.lumist.si\/hr\/wp-json\/wp\/v2\/media?parent=1018"}],"wp:term":[{"taxonomy":"product_brand","embeddable":true,"href":"https:\/\/www.lumist.si\/hr\/wp-json\/wp\/v2\/product_brand?post=1018"},{"taxonomy":"product_cat","embeddable":true,"href":"https:\/\/www.lumist.si\/hr\/wp-json\/wp\/v2\/product_cat?post=1018"},{"taxonomy":"product_tag","embeddable":true,"href":"https:\/\/www.lumist.si\/hr\/wp-json\/wp\/v2\/product_tag?post=1018"}],"curies":[{"name":"wp","href":"https:\/\/api.w.org\/{rel}","templated":true}]}}