{"id":1020,"date":"2020-09-14T12:59:12","date_gmt":"2020-09-14T10:59:12","guid":{"rendered":"http:\/\/www.lumist.si\/?post_type=product&#038;p=1020"},"modified":"2026-01-21T18:14:19","modified_gmt":"2026-01-21T17:14:19","slug":"crispy-bela-cokolada","status":"publish","type":"product","link":"https:\/\/www.lumist.si\/hr\/proizvod\/crispy-bela-cokolada\/","title":{"rendered":"Crispy Bela \u010dokolada 100 g"},"content":{"rendered":"<p><strong>Crispy Bela \u010dokolada 100 g<\/strong><br \/>\nKuglice su prelivene kvalitetnom \u010dokoladom, a iznutra je hrskava jezgra. Ovaj ukrasni posip pogodan je za sve vrste slastica, poslastica i slastica u staklenkama.<\/p>\n<p>Ukusna hrskava sredina prelivena visokokvalitetnom bijelom \u010dokoladom. U obliku malih kuglica, promjera 4-5 mm, pogodne su za ukra\u0161avanje slastica i kao posip za kreme, pjene, pjene, sladolede.<\/p>\n<p><strong>Skladi\u0161tenje<\/strong>: na suhom i hladnom mjestu (temperatura 5-20 \u00b0C, relativna vla\u017enost zraka ispod 75%) u dobro zatvorenoj ambala\u017ei; za\u0161tititi od sun\u010deve svjetlosti i stranih mirisa.<\/p>\n<p><strong>Pakiranje<\/strong>: 100 g<br \/>\n<strong>Veli\u010dina<\/strong>: 4-5 mm<br \/>\n<strong>Ukus<\/strong>: bijela \u010dokolada.<\/p>","protected":false},"excerpt":{"rendered":"<p><strong>Crispy Bela \u010dokolada 100 g<\/strong><br \/>\nCrispy kroglice so prevle\u010dene s kvalitetno \u010dokolado, notranjost pa je hrustljava sredica. Ta okrasni posip je primeren za vse vrste sladic, sla\u0161\u010dic in sladic v kozarcih.<\/p>\n<p>Ukusna hrskava sredina prelivena visokokvalitetnom bijelom \u010dokoladom. U obliku malih kuglica, promjera 4-5 mm, pogodne su za ukra\u0161avanje slastica i kao posip za kreme, pjene, pjene, sladolede.<\/p>\n<p>&nbsp;<\/p>\n<p>&nbsp;<\/p>","protected":false},"featured_media":1801,"comment_status":"open","ping_status":"closed","template":"","meta":{"om_disable_all_campaigns":false,"inline_featured_image":false,"_monsterinsights_skip_tracking":false,"_monsterinsights_sitenote_active":false,"_monsterinsights_sitenote_note":"","_monsterinsights_sitenote_category":0},"product_brand":[],"product_cat":[117,346],"product_tag":[],"class_list":{"0":"post-1020","1":"product","2":"type-product","3":"status-publish","4":"has-post-thumbnail","6":"product_cat-dekoracija-sladic","7":"product_cat-hrustljavi-posipi","8":"pa_teza-100-g","9":"pa_teza-200g","10":"pa_teza-500g","11":"pa_znamka-barbara-luijckx","13":"first","14":"instock","15":"taxable","16":"shipping-taxable","17":"purchasable","18":"product-type-variable","19":"has-default-attributes"},"aioseo_notices":[],"_links":{"self":[{"href":"https:\/\/www.lumist.si\/hr\/wp-json\/wp\/v2\/product\/1020","targetHints":{"allow":["GET"]}}],"collection":[{"href":"https:\/\/www.lumist.si\/hr\/wp-json\/wp\/v2\/product"}],"about":[{"href":"https:\/\/www.lumist.si\/hr\/wp-json\/wp\/v2\/types\/product"}],"replies":[{"embeddable":true,"href":"https:\/\/www.lumist.si\/hr\/wp-json\/wp\/v2\/comments?post=1020"}],"wp:featuredmedia":[{"embeddable":true,"href":"https:\/\/www.lumist.si\/hr\/wp-json\/wp\/v2\/media\/1801"}],"wp:attachment":[{"href":"https:\/\/www.lumist.si\/hr\/wp-json\/wp\/v2\/media?parent=1020"}],"wp:term":[{"taxonomy":"product_brand","embeddable":true,"href":"https:\/\/www.lumist.si\/hr\/wp-json\/wp\/v2\/product_brand?post=1020"},{"taxonomy":"product_cat","embeddable":true,"href":"https:\/\/www.lumist.si\/hr\/wp-json\/wp\/v2\/product_cat?post=1020"},{"taxonomy":"product_tag","embeddable":true,"href":"https:\/\/www.lumist.si\/hr\/wp-json\/wp\/v2\/product_tag?post=1020"}],"curies":[{"name":"wp","href":"https:\/\/api.w.org\/{rel}","templated":true}]}}