{"id":1023,"date":"2020-09-14T13:07:07","date_gmt":"2020-09-14T11:07:07","guid":{"rendered":"http:\/\/www.lumist.si\/?post_type=product&#038;p=1023"},"modified":"2026-01-07T17:43:50","modified_gmt":"2026-01-07T16:43:50","slug":"crispy-temna-cokolada","status":"publish","type":"product","link":"https:\/\/www.lumist.si\/hr\/proizvod\/crispy-temna-cokolada\/","title":{"rendered":"Crispy Temna \u010dokolada"},"content":{"rendered":"<p><strong>Crispy Temna \u010dokolada<\/strong><\/p>\n<p>Imajo slastno hrustljavo sredico oblite pa so s kakovostno temno \u010dokolado. V obliki majhnih kroglic, premera 4-5 mm so primerne so za okra\u0161evanje sladic, ter za posipe krem, pen, sladoleda,&#8230;Hrustljave \u010dokoladne kroglice Kroglice so prevle\u010dene s kvalitetno \u010dokolado, notranjost pa je hrustljava sredica. Ta okrasni posip je primeren za vse vrste sladic, sla\u0161\u010dic in sladic v kozarcih.<\/p>\n<p><strong>Skladi\u0161tenje<\/strong>: na suhom i hladnom mjestu (temperatura 5-20 \u00b0C, relativna vla\u017enost zraka ispod 75%) u dobro zatvorenoj ambala\u017ei; za\u0161tititi od sun\u010deve svjetlosti i stranih mirisa.<\/p>\n<p><strong>Tip<\/strong>: \u010cokoladni ukrasi<br \/>\n<strong>Veli\u010dina:<\/strong> 4-5 mm<br \/>\n<strong>Ukus:<\/strong> tamna \u010dokolada<br \/>\n<strong>Upotreba:<\/strong> univerzalno<\/p>","protected":false},"excerpt":{"rendered":"<p><strong>Crispy Temna \u010dokolada<\/strong><\/p>\n<p>Imajo slastno hrustljavo sredico oblite pa so s kakovostno temno \u010dokolado. V obliki majhnih kroglic, premera 4-5 mm so primerne so za okra\u0161evanje sladic, ter za posipe krem, pen, sladoleda,&#8230; pod 75%) v tesno zaprti embala\u017ei; za\u0161\u010ditite pred son\u010dno svetlobo in tujimi vonja<\/p>","protected":false},"featured_media":1024,"comment_status":"open","ping_status":"closed","template":"","meta":{"om_disable_all_campaigns":false,"inline_featured_image":false,"_monsterinsights_skip_tracking":false,"_monsterinsights_sitenote_active":false,"_monsterinsights_sitenote_note":"","_monsterinsights_sitenote_category":0},"product_brand":[],"product_cat":[117,346],"product_tag":[],"class_list":{"0":"post-1023","1":"product","2":"type-product","3":"status-publish","4":"has-post-thumbnail","6":"product_cat-dekoracija-sladic","7":"product_cat-hrustljavi-posipi","8":"pa_teza-100-g","9":"pa_teza-500-g","10":"pa_znamka-barbara-luijckx","12":"first","13":"instock","14":"taxable","15":"shipping-taxable","16":"purchasable","17":"product-type-variable","18":"has-default-attributes"},"aioseo_notices":[],"_links":{"self":[{"href":"https:\/\/www.lumist.si\/hr\/wp-json\/wp\/v2\/product\/1023","targetHints":{"allow":["GET"]}}],"collection":[{"href":"https:\/\/www.lumist.si\/hr\/wp-json\/wp\/v2\/product"}],"about":[{"href":"https:\/\/www.lumist.si\/hr\/wp-json\/wp\/v2\/types\/product"}],"replies":[{"embeddable":true,"href":"https:\/\/www.lumist.si\/hr\/wp-json\/wp\/v2\/comments?post=1023"}],"wp:featuredmedia":[{"embeddable":true,"href":"https:\/\/www.lumist.si\/hr\/wp-json\/wp\/v2\/media\/1024"}],"wp:attachment":[{"href":"https:\/\/www.lumist.si\/hr\/wp-json\/wp\/v2\/media?parent=1023"}],"wp:term":[{"taxonomy":"product_brand","embeddable":true,"href":"https:\/\/www.lumist.si\/hr\/wp-json\/wp\/v2\/product_brand?post=1023"},{"taxonomy":"product_cat","embeddable":true,"href":"https:\/\/www.lumist.si\/hr\/wp-json\/wp\/v2\/product_cat?post=1023"},{"taxonomy":"product_tag","embeddable":true,"href":"https:\/\/www.lumist.si\/hr\/wp-json\/wp\/v2\/product_tag?post=1023"}],"curies":[{"name":"wp","href":"https:\/\/api.w.org\/{rel}","templated":true}]}}