{"id":10301,"date":"2023-07-14T06:24:04","date_gmt":"2023-07-14T04:24:04","guid":{"rendered":"https:\/\/www.lumist.si\/?post_type=product&#038;p=10301"},"modified":"2026-01-04T20:55:06","modified_gmt":"2026-01-04T19:55:06","slug":"svetlec-posip-srebrn-sugarflair","status":"publish","type":"product","link":"https:\/\/www.lumist.si\/hr\/proizvod\/svetlec-posip-srebrn-sugarflair\/","title":{"rendered":"Svetle\u010d posip Srebrn, Sugarflair 100 g"},"content":{"rendered":"<p><strong>Svetle\u010d posip Srebrn, Sugarflair<\/strong><\/p>\n<p>Ukrasite svoje kola\u010de, torte i druge slatke poslastice ovim prekrasnim zlatnim \u0161e\u0107ernim posipima iz Sugarflaira.<\/p>\n<p><strong>Boja<\/strong>: Srebrna.<br \/>\n<strong>Sadr\u017eaj<\/strong>: 100 gramov.<\/p>\n<p><strong>Sastojci<\/strong>: Sladkor, barvilo: E170, E120. Ne vsebuje titanovega dioksida.<br \/>\n<strong>Skladi\u0161tenje<\/strong>: Hraniti v zaprti posodi na suhem mestu.<\/p>\n<p>Ovaj proizvod je pogodan za vegetarijance.<\/p>\n<p>Upotrijebiti najmanje do datuma otisnutog na pakiranju.<\/p>\n<p>Proizvedeno u Velikoj Britaniji.<\/p>","protected":false},"excerpt":{"rendered":"<p><strong>Svetle\u010d posip Srebrn, Sugarflair<\/strong><\/p>\n<p>Ukrasite svoje kola\u010de, torte i druge slatke poslastice ovim prekrasnim zlatnim \u0161e\u0107ernim posipima iz Sugarflaira.<\/p>\n<p><strong>Boja<\/strong>: Srebrna.<br \/>\n<strong>Sadr\u017eaj<\/strong>: 100 gramov.<\/p>\n<p><strong>Sastojci<\/strong>: Sladkor, barvilo: E170, E120. Ne vsebuje titanovega dioksida.<br \/>\n<strong>Skladi\u0161tenje<\/strong>: Hraniti v zaprti posodi na suhem mestu.<\/p>\n<p>Ovaj proizvod je pogodan za vegetarijance.<\/p>\n<p>Upotrijebiti najmanje do datuma otisnutog na pakiranju.<\/p>\n<p>Proizvedeno u Velikoj Britaniji.<\/p>","protected":false},"featured_media":10302,"comment_status":"open","ping_status":"closed","template":"","meta":{"om_disable_all_campaigns":false,"inline_featured_image":false,"_monsterinsights_skip_tracking":false,"_monsterinsights_sitenote_active":false,"_monsterinsights_sitenote_note":"","_monsterinsights_sitenote_category":0},"product_brand":[],"product_cat":[117,416],"product_tag":[],"class_list":{"0":"post-10301","1":"product","2":"type-product","3":"status-publish","4":"has-post-thumbnail","6":"product_cat-dekoracija-sladic","7":"product_cat-svetleci-posipi","8":"pa_teza-100-g","9":"pa_znamka-sugarflair","11":"first","12":"instock","13":"taxable","14":"shipping-taxable","15":"purchasable","16":"product-type-simple"},"aioseo_notices":[],"_links":{"self":[{"href":"https:\/\/www.lumist.si\/hr\/wp-json\/wp\/v2\/product\/10301","targetHints":{"allow":["GET"]}}],"collection":[{"href":"https:\/\/www.lumist.si\/hr\/wp-json\/wp\/v2\/product"}],"about":[{"href":"https:\/\/www.lumist.si\/hr\/wp-json\/wp\/v2\/types\/product"}],"replies":[{"embeddable":true,"href":"https:\/\/www.lumist.si\/hr\/wp-json\/wp\/v2\/comments?post=10301"}],"wp:featuredmedia":[{"embeddable":true,"href":"https:\/\/www.lumist.si\/hr\/wp-json\/wp\/v2\/media\/10302"}],"wp:attachment":[{"href":"https:\/\/www.lumist.si\/hr\/wp-json\/wp\/v2\/media?parent=10301"}],"wp:term":[{"taxonomy":"product_brand","embeddable":true,"href":"https:\/\/www.lumist.si\/hr\/wp-json\/wp\/v2\/product_brand?post=10301"},{"taxonomy":"product_cat","embeddable":true,"href":"https:\/\/www.lumist.si\/hr\/wp-json\/wp\/v2\/product_cat?post=10301"},{"taxonomy":"product_tag","embeddable":true,"href":"https:\/\/www.lumist.si\/hr\/wp-json\/wp\/v2\/product_tag?post=10301"}],"curies":[{"name":"wp","href":"https:\/\/api.w.org\/{rel}","templated":true}]}}