{"id":10314,"date":"2023-07-15T08:46:22","date_gmt":"2023-07-15T06:46:22","guid":{"rendered":"https:\/\/www.lumist.si\/?post_type=product&#038;p=10314"},"modified":"2025-12-23T18:33:01","modified_gmt":"2025-12-23T17:33:01","slug":"diamanti-zlati-fun-cakes","status":"publish","type":"product","link":"https:\/\/www.lumist.si\/hr\/proizvod\/diamanti-zlati-fun-cakes\/","title":{"rendered":"Diamonds Gold, zabavni kola\u010di"},"content":{"rendered":"","protected":false},"excerpt":{"rendered":"<p>Dijamantni \u017eele, savr\u0161eni za vjen\u010danja, ro\u0111endane i sve druge prilike u kojima je glamur neizostavan!<br \/>\nKoristite ih kao ukrase na tortama, keksima, keksima i svim ostalim slasticama. Dijamanti su veli\u010dine pribli\u017eno 10 mm, dostupni su u prozirnoj, plavoj i zlatnoj verziji i pakirani su u paketima od 20 komada.<\/p>\n<p><strong>Savjet!<\/strong> Ako dijamante prije upotrebe zamrznete, jo\u0161 \u0107ete ih lak\u0161e izvaditi iz pakiranja.<\/p>\n<p>Doziranje proizvoda mora biti u skladu s Uredbom 1333\/2008\/EZ.<\/p>\n<p><strong>Skladi\u0161tenje:<\/strong> \u010cuvati na suhom i tamnom mjestu.<br \/>\nNajbolje iskoristiti do datuma otisnutog na pakiranju.<\/p>\n<p>Proizvedeno u Italiji.<\/p>","protected":false},"featured_media":10315,"comment_status":"open","ping_status":"closed","template":"","meta":{"om_disable_all_campaigns":false,"inline_featured_image":false,"_monsterinsights_skip_tracking":false,"_monsterinsights_sitenote_active":false,"_monsterinsights_sitenote_note":"","_monsterinsights_sitenote_category":0},"product_brand":[],"product_cat":[117,99],"product_tag":[152],"class_list":{"0":"post-10314","1":"product","2":"type-product","3":"status-publish","4":"has-post-thumbnail","6":"product_cat-dekoracija-sladic","7":"product_cat-sladkorne-in-cokoladne-perlice","8":"product_tag-novosti","9":"pa_znamka-fun-cakes","11":"first","12":"instock","13":"taxable","14":"shipping-taxable","15":"purchasable","16":"product-type-simple"},"aioseo_notices":[],"_links":{"self":[{"href":"https:\/\/www.lumist.si\/hr\/wp-json\/wp\/v2\/product\/10314","targetHints":{"allow":["GET"]}}],"collection":[{"href":"https:\/\/www.lumist.si\/hr\/wp-json\/wp\/v2\/product"}],"about":[{"href":"https:\/\/www.lumist.si\/hr\/wp-json\/wp\/v2\/types\/product"}],"replies":[{"embeddable":true,"href":"https:\/\/www.lumist.si\/hr\/wp-json\/wp\/v2\/comments?post=10314"}],"wp:featuredmedia":[{"embeddable":true,"href":"https:\/\/www.lumist.si\/hr\/wp-json\/wp\/v2\/media\/10315"}],"wp:attachment":[{"href":"https:\/\/www.lumist.si\/hr\/wp-json\/wp\/v2\/media?parent=10314"}],"wp:term":[{"taxonomy":"product_brand","embeddable":true,"href":"https:\/\/www.lumist.si\/hr\/wp-json\/wp\/v2\/product_brand?post=10314"},{"taxonomy":"product_cat","embeddable":true,"href":"https:\/\/www.lumist.si\/hr\/wp-json\/wp\/v2\/product_cat?post=10314"},{"taxonomy":"product_tag","embeddable":true,"href":"https:\/\/www.lumist.si\/hr\/wp-json\/wp\/v2\/product_tag?post=10314"}],"curies":[{"name":"wp","href":"https:\/\/api.w.org\/{rel}","templated":true}]}}