{"id":10351,"date":"2023-07-16T21:50:30","date_gmt":"2023-07-16T19:50:30","guid":{"rendered":"https:\/\/www.lumist.si\/?post_type=product&#038;p=10351"},"modified":"2026-03-30T09:36:56","modified_gmt":"2026-03-30T07:36:56","slug":"jedilna-barva-colour-mill-baby-modra-20-ml","status":"publish","type":"product","link":"https:\/\/www.lumist.si\/hr\/proizvod\/jedilna-barva-colour-mill-baby-modra-20-ml\/","title":{"rendered":"Jedilna barva Colour Mill Baby Modra 20 ml"},"content":{"rendered":"<p><strong>JEDILNA BARVA <\/strong><strong>Colour Mill<\/strong>, <strong>BABY MODRA<\/strong><\/p>\n<p><strong>Karakteristike:<\/strong><br \/>\n\u2713 Svetla &#8220;baby&#8221; modra<br \/>\n\u2713 Boje se postupno razvijaju, stoga preporu\u010dujemo da obojite kremu i ostavite je da odstoji preko no\u0107i.<br \/>\n\u2713 100% jestivo, bez E171<br \/>\n\u2713 Certificirani ko\u0161er, pogodan za vegetarijance i vegane, bez glutena<\/p>\n<p>Postignite besprijekorne, \u017eivopisne i prekrasno odva\u017ene zavr\u0161ne slojeve na svojim slasticama uz pomo\u0107 uljanih boja za hranu <strong>Color Mill<\/strong>. Jedilna barva Color Mill\u00a0 baby modra na oljni osnovi omogo\u010dajo, da se barva razpr\u0161i skozi vsak del \u017eivila, bogatega z ma\u0161\u010dobami, vklju\u010dno s sladkorjem, jajci in maslom. To je zato, ker so bili vsi materiali na vodni osnovi odstranjeni in nadome\u0161\u010deni z olji, ki so primerna za peko in torte; ta olja se veliko bolje preme\u0161ajo kot geli na vodni osnovi (za katere vemo, da odbijajo vodo iz olj v va\u0161i peki).<\/p>\n<p>Visoka koncentracija zna\u010di da \u0107ete posti\u0107i jo\u0161 svjetlije i \u017eivopisnije rezultate koriste\u0107i znatno manju koli\u010dinu nego ina\u010de. Dovoljna je tek kapljica da dobijete \u017eeljenu nijansu \u2013 preporu\u010dujemo kori\u0161tenje vrha \u010da\u010dkalice.<\/p>\n<p>Za razliku od konvencionalnih gel boja, <strong>Color Mill<\/strong> na bazi ulja voli masno\u0107e i ulja koja se nalaze u pe\u010denju. Posebnom formulom osigurava da se boja raspr\u0161i po hrani. To rezultira nevjerojatno \u017eivim, bogatim, postojanim nijansama koje ne blijede.<\/p>\n<p>Ako koristite vi\u0161e kapi, poja\u010dat \u0107ete intenzitet boje, ali s manje \u0107ete stvoriti nje\u017enije nijanse. Mije\u0161aju\u0107i smjesu polako dodavajte boju kako biste postigli \u017eeljenu nijansu.<\/p>\n<p>Tako\u0111er je potrebno uzeti u obzir zakonodavstvo o tome koliko boje mo\u017ee biti uklju\u010deno u pojedini proizvod.<\/p>\n<p>Boja je namijenjena bojanju onih prehrambenih proizvoda za koje to dopu\u0161ta va\u017ee\u0107e europsko zakonodavstvo. Bojila i ograni\u010dene koli\u010dine hrane i pi\u0107a u skladu s Uredbom 1333\/2008\/EZ.<\/p>\n<p><strong>Doziranje<\/strong>7,14 g\/kg.<br \/>\n<strong>Neto sadr\u017eaj<\/strong>: 20 g.<\/p>\n<p>\u010cuvati na suhom i tamnom mjestu, na sobnoj temperaturi.<br \/>\nUpotrijebiti najmanje do datuma otisnutog na pakiranju.<\/p>","protected":false},"excerpt":{"rendered":"<p><strong>JEDILNA BARVA <\/strong><strong>Colour Mill<\/strong>, <strong>BABY MODRA<\/strong><\/p>\n<p>Visoko koncentrirane barve na oljni osnovi primerne za barvanje maslenih krem, \u0161vicarskih meringue, \u010dokolade, testa za torto, ganacheja in sladkorne mase. Odli\u010dno deluje tudi v gumpastah, masi za modeliranje, royal icing kremi, marcipanu, me\u0161anicah za torte, pecivu, glazurah, izomaltu, piping gelu, me\u0161anicah za tortne \u010dipke in ve\u010d.<\/p>\n<p>&nbsp;<\/p>","protected":false},"featured_media":15204,"comment_status":"open","ping_status":"closed","template":"","meta":{"om_disable_all_campaigns":false,"inline_featured_image":false,"_monsterinsights_skip_tracking":false,"_monsterinsights_sitenote_active":false,"_monsterinsights_sitenote_note":"","_monsterinsights_sitenote_category":0},"product_brand":[],"product_cat":[124,257],"product_tag":[152],"class_list":{"0":"post-10351","1":"product","2":"type-product","3":"status-publish","4":"has-post-thumbnail","6":"product_cat-jedilne-barve-in-blescice","7":"product_cat-jedilne-barve","8":"product_tag-novosti","9":"pa_znamka-colour-mill","11":"first","12":"instock","13":"taxable","14":"shipping-taxable","15":"purchasable","16":"product-type-simple"},"aioseo_notices":[],"_links":{"self":[{"href":"https:\/\/www.lumist.si\/hr\/wp-json\/wp\/v2\/product\/10351","targetHints":{"allow":["GET"]}}],"collection":[{"href":"https:\/\/www.lumist.si\/hr\/wp-json\/wp\/v2\/product"}],"about":[{"href":"https:\/\/www.lumist.si\/hr\/wp-json\/wp\/v2\/types\/product"}],"replies":[{"embeddable":true,"href":"https:\/\/www.lumist.si\/hr\/wp-json\/wp\/v2\/comments?post=10351"}],"wp:featuredmedia":[{"embeddable":true,"href":"https:\/\/www.lumist.si\/hr\/wp-json\/wp\/v2\/media\/15204"}],"wp:attachment":[{"href":"https:\/\/www.lumist.si\/hr\/wp-json\/wp\/v2\/media?parent=10351"}],"wp:term":[{"taxonomy":"product_brand","embeddable":true,"href":"https:\/\/www.lumist.si\/hr\/wp-json\/wp\/v2\/product_brand?post=10351"},{"taxonomy":"product_cat","embeddable":true,"href":"https:\/\/www.lumist.si\/hr\/wp-json\/wp\/v2\/product_cat?post=10351"},{"taxonomy":"product_tag","embeddable":true,"href":"https:\/\/www.lumist.si\/hr\/wp-json\/wp\/v2\/product_tag?post=10351"}],"curies":[{"name":"wp","href":"https:\/\/api.w.org\/{rel}","templated":true}]}}