{"id":10352,"date":"2023-07-16T21:55:31","date_gmt":"2023-07-16T19:55:31","guid":{"rendered":"https:\/\/www.lumist.si\/?post_type=product&#038;p=10352"},"modified":"2025-10-12T16:33:55","modified_gmt":"2025-10-12T14:33:55","slug":"jedilna-barva-colour-mill-turkiz-20-ml","status":"publish","type":"product","link":"https:\/\/www.lumist.si\/hr\/proizvod\/jedilna-barva-colour-mill-turkiz-20-ml\/","title":{"rendered":"Jedilna barva Colour Mill, Turkiz 20 ml"},"content":{"rendered":"<p><strong>Jedilna barva Colour Mill, Turkiz 20 ml<\/strong><\/p>\n<p>Postignite besprijekorne, \u017eivopisne i prekrasno odva\u017ene zavr\u0161ne slojeve na svojim slasticama uz pomo\u0107 uljanih boja za hranu <strong>Color Mill<\/strong>. Boje na bazi ulja prodiru kroz sve masne sastojke u va\u0161im receptima \u2013 uklju\u010duju\u0107i maslac, jaja i \u0161e\u0107er \u2013 \u010dime osiguravaju ravnomjernu i intenzivnu boju.\n\nZa razliku od boja na bazi vode, koje se ne mije\u0161aju dobro s mastima, Color Mill boje ne sadr\u017ee vodu \u2013 ona je zamijenjena posebno formuliranim uljima koja su savr\u0161ena za pe\u010denje i dekoraciju kola\u010da. Rezultat? Puno bolja povezanost boje s masnim sastojcima i znatno intenzivniji efekt.<\/p>\n<p>Za razliku od konvencionalnih gel boja, <strong>Color Mill<\/strong> na bazi ulja voli masno\u0107e i ulja koja se nalaze u pe\u010denju. Posebnom formulom osigurava da se boja raspr\u0161i po hrani. To rezultira nevjerojatno \u017eivim, bogatim, postojanim nijansama koje ne blijede.<\/p>\n<p>Visoka koncentracija zna\u010di da \u0107ete posti\u0107i jo\u0161 svjetlije i \u017eivopisnije rezultate koriste\u0107i znatno manju koli\u010dinu nego ina\u010de. Dovoljna je tek kapljica da dobijete \u017eeljenu nijansu \u2013 preporu\u010dujemo kori\u0161tenje vrha \u010da\u010dkalice.<\/p>\n<p>Ako koristite vi\u0161e kapi, poja\u010dat \u0107ete intenzitet boje, ali s manje \u0107ete stvoriti nje\u017enije nijanse. Mije\u0161aju\u0107i smjesu polako dodavajte boju kako biste postigli \u017eeljenu nijansu.<\/p>\n<p>Tako\u0111er je potrebno uzeti u obzir zakonodavstvo o tome koliko boje mo\u017ee biti uklju\u010deno u pojedini proizvod.<\/p>\n<p>Boja je namijenjena bojanju onih prehrambenih proizvoda za koje to dopu\u0161ta va\u017ee\u0107e europsko zakonodavstvo. Bojila i ograni\u010dene koli\u010dine hrane i pi\u0107a u skladu s Uredbom 1333\/2008\/EZ.<\/p>\n<p><strong>Karakteristike:<\/strong><br \/>\n\u2713 Turkizna barva (Tiffany)<br \/>\n\u2713 Boje se postupno razvijaju, stoga preporu\u010dujemo da obojite kremu i ostavite je da odstoji preko no\u0107i.<br \/>\n\u2713 100% jestivo, bez E171<br \/>\n\u2713 Certificirani ko\u0161er, pogodan za vegetarijance i vegane, bez glutena<\/p>\n<p><strong>Doziranje<\/strong>: 4,16 g\/kg.<br \/>\n<strong>Neto sadr\u017eaj<\/strong>: 20 g.<\/p>\n<p>\u010cuvati na suhom i tamnom mjestu, na sobnoj temperaturi.<br \/>\nUpotrijebiti najmanje do datuma otisnutog na pakiranju.<\/p>","protected":false},"excerpt":{"rendered":"<p><strong>JEDILNA BARVA Colour Mill<\/strong>, <strong>Turkiz<\/strong><\/p>\n<p>visoko koncentrirane barve na oljni osnovi primerne za barvanje maslenih krem, \u0161vicarskih meringue, \u010dokolade, testa za torto, ganacheja in sladkorne mase. Odli\u010dno deluje tudi v gumpastah, masi za modeliranje, royal icing kremi, marcipanu, me\u0161anicah za torte, pecivu, glazurah, izomaltu, piping gelu, me\u0161anicah za tortne \u010dipke in ve\u010d.<\/p>\n<p>&nbsp;<\/p>","protected":false},"featured_media":15221,"comment_status":"open","ping_status":"closed","template":"","meta":{"om_disable_all_campaigns":false,"inline_featured_image":false,"_monsterinsights_skip_tracking":false,"_monsterinsights_sitenote_active":false,"_monsterinsights_sitenote_note":"","_monsterinsights_sitenote_category":0},"product_brand":[],"product_cat":[124,257],"product_tag":[],"class_list":{"0":"post-10352","1":"product","2":"type-product","3":"status-publish","4":"has-post-thumbnail","6":"product_cat-jedilne-barve-in-blescice","7":"product_cat-jedilne-barve","8":"pa_znamka-colour-mill","10":"first","11":"instock","12":"taxable","13":"shipping-taxable","14":"purchasable","15":"product-type-simple"},"aioseo_notices":[],"_links":{"self":[{"href":"https:\/\/www.lumist.si\/hr\/wp-json\/wp\/v2\/product\/10352","targetHints":{"allow":["GET"]}}],"collection":[{"href":"https:\/\/www.lumist.si\/hr\/wp-json\/wp\/v2\/product"}],"about":[{"href":"https:\/\/www.lumist.si\/hr\/wp-json\/wp\/v2\/types\/product"}],"replies":[{"embeddable":true,"href":"https:\/\/www.lumist.si\/hr\/wp-json\/wp\/v2\/comments?post=10352"}],"wp:featuredmedia":[{"embeddable":true,"href":"https:\/\/www.lumist.si\/hr\/wp-json\/wp\/v2\/media\/15221"}],"wp:attachment":[{"href":"https:\/\/www.lumist.si\/hr\/wp-json\/wp\/v2\/media?parent=10352"}],"wp:term":[{"taxonomy":"product_brand","embeddable":true,"href":"https:\/\/www.lumist.si\/hr\/wp-json\/wp\/v2\/product_brand?post=10352"},{"taxonomy":"product_cat","embeddable":true,"href":"https:\/\/www.lumist.si\/hr\/wp-json\/wp\/v2\/product_cat?post=10352"},{"taxonomy":"product_tag","embeddable":true,"href":"https:\/\/www.lumist.si\/hr\/wp-json\/wp\/v2\/product_tag?post=10352"}],"curies":[{"name":"wp","href":"https:\/\/api.w.org\/{rel}","templated":true}]}}