{"id":10386,"date":"2023-07-20T18:06:58","date_gmt":"2023-07-20T16:06:58","guid":{"rendered":"https:\/\/www.lumist.si\/?post_type=product&#038;p=10386"},"modified":"2026-01-04T20:36:50","modified_gmt":"2026-01-04T19:36:50","slug":"brigids-ganas-kit-fi-2780-cm","status":"publish","type":"product","link":"https:\/\/www.lumist.si\/hr\/proizvod\/brigids-ganas-kit-fi-2780-cm\/","title":{"rendered":"Brigid\u00b4s gana\u0161 kit, fi 27,80 cm"},"content":{"rendered":"","protected":false},"excerpt":{"rendered":"<p>BRIGID\u00b4S GANACHING KIT &#8211; premer 28 cm<br \/>\nGanaching Kit\u2122 novi je inovativan na\u010din za jednostavno premazivanje biskvita. Komplet se mo\u017ee koristiti za prelijevanje ganacheom od tamne, mlije\u010dne i bijele \u010dokolade ili premazivanje kremom od maslaca, \u0161vicarskom kremom, \u017eeleom\/\u017eelatinom, kola\u010dima od sira ili sladoleda i op\u0107enito svim kola\u010dima koji se ne peku. Posti\u0107i \u0107ete glatku i simetri\u010dnu ganache tortu s manje nereda, manje vremena i bez truda, bez obzira na razinu va\u0161e vje\u0161tine. Rubovi \u0107e biti o\u0161tri i ravni, a obod gladak i ravan.<\/p>\n<p><strong>SET SADR\u017dI<\/strong><br \/>\n\u2022 Visina granice do cca. 20 cm<br \/>\n\u2022 Neljepljivi disk za vi\u0161ekratnu upotrebu za oblaganje dna<br \/>\n\u2022 Kva\u010dica za pri\u010dvr\u0161\u0107ivanje presvlake otira\u010da<br \/>\n\u2022 Dozator za cije\u0111enje ganachea<br \/>\n\u2022 Odstojnik od pjene koji vam daje pravu debljinu ganachea<\/p>\n<p>\u2757\ufe0f Svaki jastu\u010di\u0107 se mo\u017ee ponovno koristiti, reciklirati i izra\u0111en je od plastike pogodne za hranu te je BPA BES* prema FCC-Europe.<br \/>\n<strong><br \/>\nGANA\u0160 OD BIJELE \u010cOKOLADE PUTER (PREPORUKA!)<\/strong><br \/>\n1000 g bijele \u010dokolade + 500 g putera<br \/>\nRastopite maslac i dodajte \u010dokoladu. Mije\u0161ajte dok se sastojci potpuno ne pro\u017emu i ne dobijete glatku, homogenu smjesu. Preliti preko torte koju smo prethodno stavili u &quot;Kit&quot;. Kola\u010d stavite u zamrziva\u010d na 2-3 sata ili preko no\u0107i.<\/p>\n<p><strong>RECEPT ZA GANA\u0160 NUTELLA<\/strong><br \/>\n1200 g bijele \u010dokolade + 400 g Nutelle<br \/>\nNutellu zagrijte i prelijte preko bijele \u010dokolade. Dobro izmije\u0161ajte kru\u017enim pokretima kako bi smjesa postala homogena i bez grudica. Preliti preko biskvita i ostaviti da se ohladi u Ganache kitu. Maknite obru\u010d i imate besprijekoran kola\u010d preliven Nutella ganacheom. Ukrasite po \u017eelji.<\/p>\n<p><strong>GANA\u0160 OD TAMNE \u010cOKOLADE RECEPT ZA TORTU PROMJE\u010cNIKA 22 CM<\/strong><br \/>\nOmjer 2:1 \u2013 1250 g crne \u010dokolade + 625 ml slatkog vrhnja<\/p>\n<p><strong>GANASE OD MLIJE\u010cNE \u010cOKOLADE RECEPT ZA TORTU PROMJE\u010cNIKA 22 CM<\/strong><br \/>\nOmjer 3:1 \u2013 1290 g mlije\u010dne \u010dokolade + 468 ml slatkog vrhnja<\/p>\n<p><strong>GANA\u0160 OD BIJELE \u010cOKOLADE RECEPT ZA TORTU PROMJE\u010cNIKA 22 CM<\/strong><br \/>\nOmjer 4:1 \u2013 1500 g bijele \u010dokolade + 375 ml slatkog vrhnja<\/p>\n<p>Priprema<br \/>\n\u25a0 Dodajte vrhnje i zagrijte malo ispod vrenja; ako prokuha mogu se stvoriti grudice u ganacheu.<br \/>\n\u25a0 \u010cokoladu nasjeckajte u zdjelu ili drugu posudu. Preliti vru\u0107im vrhnjem i ostaviti 1-2 minute.<br \/>\n\u25a0 Kru\u017enim, kratkim pokretima izmije\u0161ajte \u010dokoladu i vrhnje da dobijete jednoli\u010dnu jednoli\u010dnu smjesu. Ganache postaje gusta, sjajna krema, gotovo pjena, koja prekriva stra\u017enju stranu \u017elice. Ohladite na mlako, 35-40 stupnjeva.<br \/>\nNjime prelijevamo sve vrste biskvita, pita i ostalih slastica.<\/p>","protected":false},"featured_media":6347,"comment_status":"open","ping_status":"closed","template":"","meta":{"om_disable_all_campaigns":false,"inline_featured_image":false,"_monsterinsights_skip_tracking":false,"_monsterinsights_sitenote_active":false,"_monsterinsights_sitenote_note":"","_monsterinsights_sitenote_category":0},"product_brand":[],"product_cat":[415,365],"product_tag":[],"class_list":{"0":"post-10386","1":"product","2":"type-product","3":"status-publish","4":"has-post-thumbnail","6":"product_cat-pripomocki","7":"product_cat-v-akciji","9":"first","10":"outofstock","11":"sale","12":"taxable","13":"shipping-taxable","14":"purchasable","15":"product-type-simple"},"aioseo_notices":[],"_links":{"self":[{"href":"https:\/\/www.lumist.si\/hr\/wp-json\/wp\/v2\/product\/10386","targetHints":{"allow":["GET"]}}],"collection":[{"href":"https:\/\/www.lumist.si\/hr\/wp-json\/wp\/v2\/product"}],"about":[{"href":"https:\/\/www.lumist.si\/hr\/wp-json\/wp\/v2\/types\/product"}],"replies":[{"embeddable":true,"href":"https:\/\/www.lumist.si\/hr\/wp-json\/wp\/v2\/comments?post=10386"}],"wp:featuredmedia":[{"embeddable":true,"href":"https:\/\/www.lumist.si\/hr\/wp-json\/wp\/v2\/media\/6347"}],"wp:attachment":[{"href":"https:\/\/www.lumist.si\/hr\/wp-json\/wp\/v2\/media?parent=10386"}],"wp:term":[{"taxonomy":"product_brand","embeddable":true,"href":"https:\/\/www.lumist.si\/hr\/wp-json\/wp\/v2\/product_brand?post=10386"},{"taxonomy":"product_cat","embeddable":true,"href":"https:\/\/www.lumist.si\/hr\/wp-json\/wp\/v2\/product_cat?post=10386"},{"taxonomy":"product_tag","embeddable":true,"href":"https:\/\/www.lumist.si\/hr\/wp-json\/wp\/v2\/product_tag?post=10386"}],"curies":[{"name":"wp","href":"https:\/\/api.w.org\/{rel}","templated":true}]}}