{"id":10468,"date":"2023-08-12T16:49:20","date_gmt":"2023-08-12T14:49:20","guid":{"rendered":"https:\/\/www.lumist.si\/?post_type=product&#038;p=10468"},"modified":"2025-10-12T15:32:38","modified_gmt":"2025-10-12T13:32:38","slug":"jedilna-barva-colour-mill-rose-20-ml","status":"publish","type":"product","link":"https:\/\/www.lumist.si\/hr\/proizvod\/jedilna-barva-colour-mill-rose-20-ml\/","title":{"rendered":"Jedilna barva Colour Mill Rose 20 ml"},"content":{"rendered":"<p><strong>JEDILNA\u00a0 BARVA <\/strong><strong>Colour Mill<\/strong>, <strong>ROSE<\/strong><\/p>\n<p><strong>Karakteristike:<\/strong><br \/>\n\u2713 Ru\u017ei\u010dasta \u201cRose\u201d boja<br \/>\n\u2713 Boje se postupno razvijaju, stoga preporu\u010dujemo da obojite kremu i ostavite je da odstoji preko no\u0107i.<br \/>\n\u2713 100% jestivo, bez E171<\/p>\n<p>Dosezite brezhibne, \u017eivahne in \u010dudovito drzne barvne zaklju\u010dke na svojih dizajnih tort z uporabo oljnih barv za \u017eivila. Jedilna barva <strong>Colour Mill rose<\/strong>. Colour Mill na oljni osnovi omogo\u010dajo, da se barva razpr\u0161i skozi vsak del \u017eivila, bogatega z ma\u0161\u010dobami, vklju\u010dno s sladkorjem, jajci in maslom. To je zato, ker so bili vsi materiali na vodni osnovi odstranjeni in nadome\u0161\u010deni z olji, ki so primerna za peko in torte; ta olja se veliko bolje preme\u0161ajo kot geli na vodni osnovi (za katere vemo, da odbijajo vodo iz olj v va\u0161i peki).<\/p>\n<p>Za razliku od konvencionalnih gel boja, <strong>Colour Mill<\/strong> na bazi ulja voli masno\u0107e i ulja koja se nalaze u pe\u010denju. Posebnom formulom osigurava da se boja raspr\u0161i po hrani. To rezultira nevjerojatno \u017eivim, bogatim, postojanim nijansama koje ne blijede.<\/p>\n<p>Visoko koncentrirane barve na oljni osnovi primerne za barvanje maslenih krem, \u0161vicarskih meringue, \u010dokolade, testa za torto, ganacheja in sladkorne mase. Odli\u010dno deluje tudi v gumpastah, masi za modeliranje, royal icing kremi, marcipanu, me\u0161anicah za torte, pecivu, glazurah, izomaltu, piping gelu, me\u0161anicah za tortne \u010dipke in ve\u010d.<\/p>\n<p>Ako koristite vi\u0161e kapi, poja\u010dat \u0107ete intenzitet boje, ali s manje \u0107ete stvoriti nje\u017enije nijanse. Mije\u0161aju\u0107i smjesu polako dodavajte boju kako biste postigli \u017eeljenu nijansu.<\/p>\n<p>Tako\u0111er je potrebno uzeti u obzir zakonodavstvo o tome koliko boje mo\u017ee biti uklju\u010deno u pojedini proizvod.<\/p>\n<p>Boja je namijenjena bojanju onih prehrambenih proizvoda za koje je to dopu\u0161teno va\u017ee\u0107im europskim zakonodavstvom. Bojila za hranu i pi\u0107e i maksimalne koli\u010dine u skladu s Uredbom 1333\/2<\/p>\n<p><strong>Doziranje<\/strong>: 4,54 g\/kg.<br \/>\n<strong>Neto sadr\u017eaj<\/strong>: 20 g.<\/p>\n<p>\u010cuvati na suhom i tamnom mjestu, na sobnoj temperaturi.<br \/>\nUpotrijebiti najmanje do datuma otisnutog na pakiranju.<\/p>","protected":false},"excerpt":{"rendered":"<p><strong>JEDILNA\u00a0 BARVA <\/strong><strong>Colour Mill<\/strong>, <strong>ROSE<\/strong><\/p>\n<p>Visoko koncentrirane barve na oljni osnovi primerne za barvanje maslenih krem, \u0161vicarskih meringue, \u010dokolade, testa za torto, ganacheja in sladkorne mase. Odli\u010dno deluje tudi v gumpastah, masi za modeliranje, royal icing kremi, marcipanu, me\u0161anicah za torte, pecivu, glazurah, izomaltu, piping gelu, me\u0161anicah za tortne \u010dipke in ve\u010d.<\/p>\n<p>&nbsp;<\/p>","protected":false},"featured_media":15226,"comment_status":"open","ping_status":"closed","template":"","meta":{"om_disable_all_campaigns":false,"inline_featured_image":false,"_monsterinsights_skip_tracking":false,"_monsterinsights_sitenote_active":false,"_monsterinsights_sitenote_note":"","_monsterinsights_sitenote_category":0},"product_brand":[],"product_cat":[124,257],"product_tag":[152],"class_list":{"0":"post-10468","1":"product","2":"type-product","3":"status-publish","4":"has-post-thumbnail","6":"product_cat-jedilne-barve-in-blescice","7":"product_cat-jedilne-barve","8":"product_tag-novosti","9":"pa_znamka-colour-mill","11":"first","12":"instock","13":"taxable","14":"shipping-taxable","15":"purchasable","16":"product-type-simple"},"aioseo_notices":[],"_links":{"self":[{"href":"https:\/\/www.lumist.si\/hr\/wp-json\/wp\/v2\/product\/10468","targetHints":{"allow":["GET"]}}],"collection":[{"href":"https:\/\/www.lumist.si\/hr\/wp-json\/wp\/v2\/product"}],"about":[{"href":"https:\/\/www.lumist.si\/hr\/wp-json\/wp\/v2\/types\/product"}],"replies":[{"embeddable":true,"href":"https:\/\/www.lumist.si\/hr\/wp-json\/wp\/v2\/comments?post=10468"}],"wp:featuredmedia":[{"embeddable":true,"href":"https:\/\/www.lumist.si\/hr\/wp-json\/wp\/v2\/media\/15226"}],"wp:attachment":[{"href":"https:\/\/www.lumist.si\/hr\/wp-json\/wp\/v2\/media?parent=10468"}],"wp:term":[{"taxonomy":"product_brand","embeddable":true,"href":"https:\/\/www.lumist.si\/hr\/wp-json\/wp\/v2\/product_brand?post=10468"},{"taxonomy":"product_cat","embeddable":true,"href":"https:\/\/www.lumist.si\/hr\/wp-json\/wp\/v2\/product_cat?post=10468"},{"taxonomy":"product_tag","embeddable":true,"href":"https:\/\/www.lumist.si\/hr\/wp-json\/wp\/v2\/product_tag?post=10468"}],"curies":[{"name":"wp","href":"https:\/\/api.w.org\/{rel}","templated":true}]}}