{"id":10613,"date":"2023-09-12T14:58:05","date_gmt":"2023-09-12T12:58:05","guid":{"rendered":"https:\/\/www.lumist.si\/?post_type=product&#038;p=10613"},"modified":"2026-03-30T11:46:26","modified_gmt":"2026-03-30T09:46:26","slug":"preliv-piskot","status":"publish","type":"product","link":"https:\/\/www.lumist.si\/hr\/proizvod\/preliv-piskot\/","title":{"rendered":"Preliv \u010dokoladni, Pi\u0161kot"},"content":{"rendered":"<p>Dekorativni preljev od mlije\u010dne \u010dokolade s hrskavim komadi\u0107ima &quot;American cookies&quot; svestrani je proizvod. Koristite ga kao preljev, nadjev za torte, torte na \u0161tapi\u0107e, jednoporcijske torte, deserte u \u010da\u0161ama, za izradu krema ili moussea. Tako\u0111er odli\u010dan za aromatiziranje. Bez aditiva, konzervansa i lo\u0161ih masno\u0107a.<\/p>\n<p><strong>Koristite ga za:<\/strong><br \/>\n\u2013 nadjev za krafne, sladolede, kola\u010de,<br \/>\n\u2013 krema ili mousse,<br \/>\n\u2013 Namaz za pala\u010dinke ili preljev za sladoled.<\/p>\n<p><strong>Proizvod je:<\/strong><br \/>\n\u2013 Bez aditiva i konzervansa,<br \/>\n\u2013 Bez palminog ulja,<br \/>\n\u2013 Bez soje.<\/p>\n<p><strong>Skladi\u0161tenje:<\/strong> \u010cuvati na suhom mjestu daleko od izravne topline.<\/p>","protected":false},"excerpt":{"rendered":"<p>Dekorativni preljev od mlije\u010dne \u010dokolade s hrskavim komadi\u0107ima &quot;American cookies&quot; svestrani je proizvod. Koristite ga kao preljev, nadjev za torte, torte na \u0161tapi\u0107e, jednoporcijske torte, deserte u \u010da\u0161ama, za izradu krema ili moussea. Tako\u0111er odli\u010dan za aromatiziranje. Bez aditiva, konzervansa i lo\u0161ih masno\u0107a.<\/p>\n<p>&nbsp;<\/p>","protected":false},"featured_media":11964,"comment_status":"open","ping_status":"closed","template":"","meta":{"om_disable_all_campaigns":false,"inline_featured_image":false,"_monsterinsights_skip_tracking":false,"_monsterinsights_sitenote_active":false,"_monsterinsights_sitenote_note":"","_monsterinsights_sitenote_category":0},"product_brand":[],"product_cat":[121,339],"product_tag":[],"class_list":{"0":"post-10613","1":"product","2":"type-product","3":"status-publish","4":"has-post-thumbnail","6":"product_cat-kreme-polnila","7":"product_cat-dekor-kreme-in-prelivi","8":"pa_teza-250-g","10":"first","11":"instock","12":"taxable","13":"shipping-taxable","14":"purchasable","15":"product-type-variable","16":"has-default-attributes"},"aioseo_notices":[],"_links":{"self":[{"href":"https:\/\/www.lumist.si\/hr\/wp-json\/wp\/v2\/product\/10613","targetHints":{"allow":["GET"]}}],"collection":[{"href":"https:\/\/www.lumist.si\/hr\/wp-json\/wp\/v2\/product"}],"about":[{"href":"https:\/\/www.lumist.si\/hr\/wp-json\/wp\/v2\/types\/product"}],"replies":[{"embeddable":true,"href":"https:\/\/www.lumist.si\/hr\/wp-json\/wp\/v2\/comments?post=10613"}],"wp:featuredmedia":[{"embeddable":true,"href":"https:\/\/www.lumist.si\/hr\/wp-json\/wp\/v2\/media\/11964"}],"wp:attachment":[{"href":"https:\/\/www.lumist.si\/hr\/wp-json\/wp\/v2\/media?parent=10613"}],"wp:term":[{"taxonomy":"product_brand","embeddable":true,"href":"https:\/\/www.lumist.si\/hr\/wp-json\/wp\/v2\/product_brand?post=10613"},{"taxonomy":"product_cat","embeddable":true,"href":"https:\/\/www.lumist.si\/hr\/wp-json\/wp\/v2\/product_cat?post=10613"},{"taxonomy":"product_tag","embeddable":true,"href":"https:\/\/www.lumist.si\/hr\/wp-json\/wp\/v2\/product_tag?post=10613"}],"curies":[{"name":"wp","href":"https:\/\/api.w.org\/{rel}","templated":true}]}}