{"id":1087,"date":"2020-09-15T21:14:25","date_gmt":"2020-09-15T19:14:25","guid":{"rendered":"http:\/\/www.lumist.si\/?post_type=product&#038;p=1087"},"modified":"2026-03-24T19:51:16","modified_gmt":"2026-03-24T18:51:16","slug":"perlice-srebrne-medium-80-gr","status":"publish","type":"product","link":"https:\/\/www.lumist.si\/hr\/proizvod\/perlice-srebrne-medium-80-gr\/","title":{"rendered":"Perlice srebrne, medium 80 g"},"content":{"rendered":"<p><strong>Perlice srebrne, medium<\/strong><\/p>\n<p>Sijo\u010de srebrne soft perle velikosti 4 mm za okra\u0161evanje vseh sla\u0161\u010di\u010darskih izdelkov.<\/p>\n<p><strong>Te\u017eina:<\/strong> 80 Mr<br \/>\n<strong>Format:<\/strong> okrogla 4 mm<br \/>\n<strong>Boja:<\/strong> sijo\u010da srebrna<br \/>\n<strong>Ukus:<\/strong> mekana \u0161e\u0107erna masa<br \/>\n<strong>Kori\u0161tenje<\/strong>: univerzalno<\/p>\n<p>Shranjujte v temnem in suhem prostoru, stran od izvora son\u010dne svetlobe.<\/p>\n<p><strong><br \/>\nSkladi\u0161tenje:<\/strong> \u010cuvati na tamnom mjestu, 18-25\u00b0C. Preporu\u010damo da proizvod ne izla\u017eete izravnoj sun\u010devoj svjetlosti.<\/p>","protected":false},"excerpt":{"rendered":"<p><strong>Perlice Srebrne medium<\/strong><\/p>\n<p>Sijo\u010de srebrne soft perle velikosti 4 mm za okra\u0161evanje vseh sla\u0161\u010di\u010darskih izdelkov.<\/p>\n<p><strong>Te\u017eina:<\/strong> 80 Mr<br \/>\n<strong>Format:<\/strong> okrogla 4 mm<br \/>\n<strong>Boja:<\/strong> sijo\u010da srebrna<br \/>\n<strong>Ukus:<\/strong> mekana \u0161e\u0107erna masa<br \/>\n<strong>Kori\u0161tenje<\/strong>: univerzalno<\/p>\n<p><strong>Skladi\u0161tenje:<\/strong> \u010cuvati na tamnom mjestu, 18-25\u00b0C. Preporu\u010damo da proizvod ne izla\u017eete izravnoj sun\u010devoj svjetlosti.<\/p>\n<p>&nbsp;<\/p>\n<p>&nbsp;<\/p>","protected":false},"featured_media":9796,"comment_status":"open","ping_status":"closed","template":"","meta":{"om_disable_all_campaigns":false,"inline_featured_image":false,"_monsterinsights_skip_tracking":false,"_monsterinsights_sitenote_active":false,"_monsterinsights_sitenote_note":"","_monsterinsights_sitenote_category":0},"product_brand":[],"product_cat":[99],"product_tag":[],"class_list":{"0":"post-1087","1":"product","2":"type-product","3":"status-publish","4":"has-post-thumbnail","6":"product_cat-sladkorne-in-cokoladne-perlice","7":"pa_teza-80-g","9":"first","10":"instock","11":"taxable","12":"shipping-taxable","13":"purchasable","14":"product-type-simple"},"aioseo_notices":[],"_links":{"self":[{"href":"https:\/\/www.lumist.si\/hr\/wp-json\/wp\/v2\/product\/1087","targetHints":{"allow":["GET"]}}],"collection":[{"href":"https:\/\/www.lumist.si\/hr\/wp-json\/wp\/v2\/product"}],"about":[{"href":"https:\/\/www.lumist.si\/hr\/wp-json\/wp\/v2\/types\/product"}],"replies":[{"embeddable":true,"href":"https:\/\/www.lumist.si\/hr\/wp-json\/wp\/v2\/comments?post=1087"}],"wp:featuredmedia":[{"embeddable":true,"href":"https:\/\/www.lumist.si\/hr\/wp-json\/wp\/v2\/media\/9796"}],"wp:attachment":[{"href":"https:\/\/www.lumist.si\/hr\/wp-json\/wp\/v2\/media?parent=1087"}],"wp:term":[{"taxonomy":"product_brand","embeddable":true,"href":"https:\/\/www.lumist.si\/hr\/wp-json\/wp\/v2\/product_brand?post=1087"},{"taxonomy":"product_cat","embeddable":true,"href":"https:\/\/www.lumist.si\/hr\/wp-json\/wp\/v2\/product_cat?post=1087"},{"taxonomy":"product_tag","embeddable":true,"href":"https:\/\/www.lumist.si\/hr\/wp-json\/wp\/v2\/product_tag?post=1087"}],"curies":[{"name":"wp","href":"https:\/\/api.w.org\/{rel}","templated":true}]}}