{"id":10887,"date":"2023-11-01T22:03:01","date_gmt":"2023-11-01T21:03:01","guid":{"rendered":"https:\/\/www.lumist.si\/?post_type=product&#038;p=10887"},"modified":"2026-04-10T16:30:11","modified_gmt":"2026-04-10T14:30:11","slug":"cokoladna-krogla-magnolia","status":"publish","type":"product","link":"https:\/\/www.lumist.si\/hr\/proizvod\/cokoladna-krogla-magnolia\/","title":{"rendered":"\u010cokoladna krogla Magnolia, \u00d8 2,7 cm"},"content":{"rendered":"<p><strong>\u010cokoladna krogla Magnolia<\/strong><\/p>\n<p>\u0160uplja, vrlo svijetla \u010dokoladna kugla intenzivnih boja. Izra\u0111ena je od izvrsne bijele \u010dokolade i zbog svoje lako\u0107e pogodna je za ukra\u0161avanje i najfinijih slastica.<\/p>\n<p><strong>Koli\u010dina<\/strong>: 12 kom<br \/>\n<strong>Veli\u010dina<\/strong>: \u00d8 27 mm<br \/>\n<strong>Ukus<\/strong>: bijela \u010dokolada<br \/>\n<strong>Boja<\/strong>: bijela s mrljama ru\u017ei\u010daste<br \/>\n<strong>Oblik<\/strong>: sfera<br \/>\n<strong>Upotreba:<\/strong> ro\u0111endan, kr\u0161tenje, obljetnica, vjen\u010danje, univerzalno<\/p>\n<p><strong>Skladi\u0161tenje:<\/strong> \u010cuvati na tamnom i suhom mjestu pri temperaturi izme\u0111u 18\u00b0C i 20\u00b0C, pri relativnoj vla\u017enosti zraka ispod 70%. Za\u0161tititi od izravnog izlaganja svjetlu i stranim mirisima.<\/p>","protected":false},"excerpt":{"rendered":"<p><strong>\u010cokoladna krogla Magnolia<\/strong><\/p>\n<p>\u0160uplja, vrlo svijetla \u010dokoladna kugla intenzivnih boja. Izra\u0111ena je od izvrsne bijele \u010dokolade i zbog svoje lako\u0107e pogodna je za ukra\u0161avanje i najfinijih slastica.<\/p>\n<p>&nbsp;<\/p>","protected":false},"featured_media":12148,"comment_status":"open","ping_status":"closed","template":"","meta":{"om_disable_all_campaigns":false,"inline_featured_image":false,"_monsterinsights_skip_tracking":false,"_monsterinsights_sitenote_active":false,"_monsterinsights_sitenote_note":"","_monsterinsights_sitenote_category":0},"product_brand":[],"product_cat":[117,118],"product_tag":[152],"class_list":{"0":"post-10887","1":"product","2":"type-product","3":"status-publish","4":"has-post-thumbnail","6":"product_cat-dekoracija-sladic","7":"product_cat-cokoladne-krogle","8":"product_tag-novosti","9":"pa_kolicina-12-kom","10":"pa_znamka-barbara-luijckx","12":"first","13":"instock","14":"taxable","15":"shipping-taxable","16":"purchasable","17":"product-type-variable","18":"has-default-attributes"},"aioseo_notices":[],"_links":{"self":[{"href":"https:\/\/www.lumist.si\/hr\/wp-json\/wp\/v2\/product\/10887","targetHints":{"allow":["GET"]}}],"collection":[{"href":"https:\/\/www.lumist.si\/hr\/wp-json\/wp\/v2\/product"}],"about":[{"href":"https:\/\/www.lumist.si\/hr\/wp-json\/wp\/v2\/types\/product"}],"replies":[{"embeddable":true,"href":"https:\/\/www.lumist.si\/hr\/wp-json\/wp\/v2\/comments?post=10887"}],"wp:featuredmedia":[{"embeddable":true,"href":"https:\/\/www.lumist.si\/hr\/wp-json\/wp\/v2\/media\/12148"}],"wp:attachment":[{"href":"https:\/\/www.lumist.si\/hr\/wp-json\/wp\/v2\/media?parent=10887"}],"wp:term":[{"taxonomy":"product_brand","embeddable":true,"href":"https:\/\/www.lumist.si\/hr\/wp-json\/wp\/v2\/product_brand?post=10887"},{"taxonomy":"product_cat","embeddable":true,"href":"https:\/\/www.lumist.si\/hr\/wp-json\/wp\/v2\/product_cat?post=10887"},{"taxonomy":"product_tag","embeddable":true,"href":"https:\/\/www.lumist.si\/hr\/wp-json\/wp\/v2\/product_tag?post=10887"}],"curies":[{"name":"wp","href":"https:\/\/api.w.org\/{rel}","templated":true}]}}