{"id":11359,"date":"2024-01-18T21:00:01","date_gmt":"2024-01-18T20:00:01","guid":{"rendered":"https:\/\/www.lumist.si\/?post_type=product&#038;p=11359"},"modified":"2026-04-07T20:10:55","modified_gmt":"2026-04-07T18:10:55","slug":"preliv-temna-cokolada","status":"publish","type":"product","link":"https:\/\/www.lumist.si\/hr\/proizvod\/preliv-temna-cokolada\/","title":{"rendered":"Preliv temna \u010dokolada"},"content":{"rendered":"<p><strong>Preliv temna \u010dokolada <\/strong><\/p>\n<p>Dekorativni bar\u0161unasti preljev od tamne \u010dokolade. Proizvod je bez glutena, s prirodnim aromama, zgu\u0161njiva\u010dima i bojilima.<br \/>\nUporabite ga za prelivanje, kot polnilo tortam, cake drip, torticam na pal\u010dkah, monoporcijskim torticam, sladicam v kozar\u010dkih, za izdelavo kreme ali moussa. Odli\u010den tudi za aromatiziranje. Preliv\u00a0 je brez aditivov, konzervansov in slabih ma\u0161\u010dob.<\/p>\n<p><strong>Koristite ga za:<\/strong><br \/>\n\u2013 Drip za kola\u010de (mo\u017ee se bojati i \u010dokoladnim bojama),<br \/>\n\u2013 Prelivi deserta, krafni, sladoleda,<br \/>\n\u2013 Dodatak tijestu za krafne, sladoled,<br \/>\n\u2013 Krema ili mousse.<\/p>\n<p>Proizvod je:<br \/>\n- Bez glutena<br \/>\n\u2013 Bez palminog ulja<br \/>\n\u2013 Bez soje.<\/p>\n<p><strong>Skladi\u0161tenje<\/strong>: \u010cuvati na suhom mjestu daleko od izravnih izvora topline.<\/p>","protected":false},"excerpt":{"rendered":"<p><strong>Preliv temna \u010dokolada<\/strong><\/p>\n<p>Dekorativni bar\u0161unasti preljev od tamne \u010dokolade. Proizvod je bez glutena, s prirodnim aromama, zgu\u0161njiva\u010dima i bojilima.<br \/>\nUporabite ga za prelivanje, kot polnilo tortam, cake drip, torticam na pal\u010dkah, monoporcijskim torticam, sladicam v kozar\u010dkih, za izdelavo kreme ali moussa. Odli\u010den tudi za aromatiziranje. Preliv je brez aditivov, konzervansov in slabih ma\u0161\u010dob.<\/p>\n<p>&nbsp;<\/p>","protected":false},"featured_media":11965,"comment_status":"open","ping_status":"closed","template":"","meta":{"om_disable_all_campaigns":false,"inline_featured_image":false,"_monsterinsights_skip_tracking":false,"_monsterinsights_sitenote_active":false,"_monsterinsights_sitenote_note":"","_monsterinsights_sitenote_category":0},"product_brand":[],"product_cat":[339],"product_tag":[],"class_list":{"0":"post-11359","1":"product","2":"type-product","3":"status-publish","4":"has-post-thumbnail","6":"product_cat-dekor-kreme-in-prelivi","7":"pa_teza-250-g","9":"first","10":"instock","11":"taxable","12":"shipping-taxable","13":"purchasable","14":"product-type-variable","15":"has-default-attributes"},"aioseo_notices":[],"_links":{"self":[{"href":"https:\/\/www.lumist.si\/hr\/wp-json\/wp\/v2\/product\/11359","targetHints":{"allow":["GET"]}}],"collection":[{"href":"https:\/\/www.lumist.si\/hr\/wp-json\/wp\/v2\/product"}],"about":[{"href":"https:\/\/www.lumist.si\/hr\/wp-json\/wp\/v2\/types\/product"}],"replies":[{"embeddable":true,"href":"https:\/\/www.lumist.si\/hr\/wp-json\/wp\/v2\/comments?post=11359"}],"wp:featuredmedia":[{"embeddable":true,"href":"https:\/\/www.lumist.si\/hr\/wp-json\/wp\/v2\/media\/11965"}],"wp:attachment":[{"href":"https:\/\/www.lumist.si\/hr\/wp-json\/wp\/v2\/media?parent=11359"}],"wp:term":[{"taxonomy":"product_brand","embeddable":true,"href":"https:\/\/www.lumist.si\/hr\/wp-json\/wp\/v2\/product_brand?post=11359"},{"taxonomy":"product_cat","embeddable":true,"href":"https:\/\/www.lumist.si\/hr\/wp-json\/wp\/v2\/product_cat?post=11359"},{"taxonomy":"product_tag","embeddable":true,"href":"https:\/\/www.lumist.si\/hr\/wp-json\/wp\/v2\/product_tag?post=11359"}],"curies":[{"name":"wp","href":"https:\/\/api.w.org\/{rel}","templated":true}]}}