{"id":11374,"date":"2024-01-20T11:32:08","date_gmt":"2024-01-20T10:32:08","guid":{"rendered":"https:\/\/www.lumist.si\/?post_type=product&#038;p=11374"},"modified":"2026-04-22T09:40:29","modified_gmt":"2026-04-22T07:40:29","slug":"preliv-karamel","status":"publish","type":"product","link":"https:\/\/www.lumist.si\/hr\/proizvod\/preliv-karamel\/","title":{"rendered":"Preliv Karamel"},"content":{"rendered":"<p><strong>Preliv Karamel<\/strong><\/p>\n<p>-Dekorativni preliv Lindi Karamel z okusom karamele, ki ga lahko dodate k razli\u010dnim sladicam za edinstven okus. Uporabite ga za prelivanje, kot polnilo tortam, torticam na pal\u010dkah, monoporcijskim torticam, sladicam v kozar\u010dkih, za izdelavo kreme ali moussa. Odli\u010den tudi za aromatiziranje. Brez aditivov, konzervansev in slabih ma\u0161\u010dob.<\/p>\n<p><strong>Koristite ga za:<\/strong><br \/>\n\u2013 Drip za kola\u010de (mo\u017ee se bojati i \u010dokoladnim bojama),<br \/>\n\u2013 Prelivi deserta, krafni, sladoleda,<br \/>\n\u2013 Dodatak tijestu za krafne, sladoled,<br \/>\n\u2013 Krema ili mousse.<\/p>\n<p><strong>Proizvod je:<\/strong><br \/>\n- Bez glutena<br \/>\n\u2013 Bez palminog ulja<br \/>\n\u2013 Bez soje.<\/p>\n<p><strong>Skladi\u0161tenje:<\/strong> \u010cuvati na suhom mjestu daleko od izravne topline.<\/p>","protected":false},"excerpt":{"rendered":"<p><strong>Preliv Karamel<\/strong><\/p>\n<p>Dekorativni preljev s okusom karamele koji se mo\u017ee dodati raznim slasticama za jedinstven okus. Koristite ga kao preljev, nadjev za torte, torte na \u0161tapi\u0107e, jednoporcijske torte, deserte u \u010da\u0161ama, za izradu krema ili moussea. Tako\u0111er odli\u010dan za aromatiziranje. Bez aditiva, konzervansa i lo\u0161ih masno\u0107a.<\/p>\n<p>&nbsp;<\/p>","protected":false},"featured_media":11967,"comment_status":"open","ping_status":"closed","template":"","meta":{"om_disable_all_campaigns":false,"inline_featured_image":false,"_monsterinsights_skip_tracking":false,"_monsterinsights_sitenote_active":false,"_monsterinsights_sitenote_note":"","_monsterinsights_sitenote_category":0},"product_brand":[],"product_cat":[339],"product_tag":[152],"class_list":{"0":"post-11374","1":"product","2":"type-product","3":"status-publish","4":"has-post-thumbnail","6":"product_cat-dekor-kreme-in-prelivi","7":"product_tag-novosti","8":"pa_teza-250-g","10":"first","11":"instock","12":"taxable","13":"shipping-taxable","14":"purchasable","15":"product-type-variable","16":"has-default-attributes"},"aioseo_notices":[],"_links":{"self":[{"href":"https:\/\/www.lumist.si\/hr\/wp-json\/wp\/v2\/product\/11374","targetHints":{"allow":["GET"]}}],"collection":[{"href":"https:\/\/www.lumist.si\/hr\/wp-json\/wp\/v2\/product"}],"about":[{"href":"https:\/\/www.lumist.si\/hr\/wp-json\/wp\/v2\/types\/product"}],"replies":[{"embeddable":true,"href":"https:\/\/www.lumist.si\/hr\/wp-json\/wp\/v2\/comments?post=11374"}],"wp:featuredmedia":[{"embeddable":true,"href":"https:\/\/www.lumist.si\/hr\/wp-json\/wp\/v2\/media\/11967"}],"wp:attachment":[{"href":"https:\/\/www.lumist.si\/hr\/wp-json\/wp\/v2\/media?parent=11374"}],"wp:term":[{"taxonomy":"product_brand","embeddable":true,"href":"https:\/\/www.lumist.si\/hr\/wp-json\/wp\/v2\/product_brand?post=11374"},{"taxonomy":"product_cat","embeddable":true,"href":"https:\/\/www.lumist.si\/hr\/wp-json\/wp\/v2\/product_cat?post=11374"},{"taxonomy":"product_tag","embeddable":true,"href":"https:\/\/www.lumist.si\/hr\/wp-json\/wp\/v2\/product_tag?post=11374"}],"curies":[{"name":"wp","href":"https:\/\/api.w.org\/{rel}","templated":true}]}}