{"id":1139,"date":"2020-09-19T19:52:43","date_gmt":"2020-09-19T17:52:43","guid":{"rendered":"http:\/\/www.lumist.si\/?post_type=product&#038;p=1139"},"modified":"2025-09-09T17:07:59","modified_gmt":"2025-09-09T15:07:59","slug":"ti-in-jaz-ploscice","status":"publish","type":"product","link":"https:\/\/www.lumist.si\/hr\/proizvod\/ti-in-jaz-ploscice\/","title":{"rendered":"Ti i ja plo\u010dice"},"content":{"rendered":"","protected":false},"excerpt":{"rendered":"<p>Kvadratki so iz bele \u010dokolade z rde\u010dim Valentinovim potiskom &#8211; &#8220;ljubezen&#8221;, srce, ustnice.<br \/>\n\u010cokoladna dekoracija z univerzalno in valentinovo temo. Namenjene so dekoriranju tort, sladic, sladoleda, krem, mousse itd.<\/p>\n<p><strong>Koli\u010dina<\/strong>: 21 kom<br \/>\n<strong>Veli\u010dina:<\/strong> 35 x 35mm<br \/>\n<strong>Ukus:<\/strong> bijela \u010dokolada<br \/>\n<strong>Format:<\/strong> kvadrat s crvenim tiskom<br \/>\n<strong>Upotreba:<\/strong> Valentinovo, vjen\u010danje, godi\u0161njica univerzalna<\/p>\n<p>\u010cuvati na temperaturi od 18\u00b0C do 22\u00b0C, dalje od izvora sun\u010deve svjetlosti.<\/p>","protected":false},"featured_media":7661,"comment_status":"open","ping_status":"closed","template":"","meta":{"om_disable_all_campaigns":false,"inline_featured_image":false,"_monsterinsights_skip_tracking":false,"_monsterinsights_sitenote_active":false,"_monsterinsights_sitenote_note":"","_monsterinsights_sitenote_category":0},"product_brand":[],"product_cat":[27],"product_tag":[],"class_list":{"0":"post-1139","1":"product","2":"type-product","3":"status-publish","4":"has-post-thumbnail","6":"product_cat-cokoladni-okraski","7":"pa_kolicina-18-kos-3","9":"first","10":"outofstock","11":"taxable","12":"shipping-taxable","13":"purchasable","14":"product-type-variable","15":"has-default-attributes"},"aioseo_notices":[],"_links":{"self":[{"href":"https:\/\/www.lumist.si\/hr\/wp-json\/wp\/v2\/product\/1139","targetHints":{"allow":["GET"]}}],"collection":[{"href":"https:\/\/www.lumist.si\/hr\/wp-json\/wp\/v2\/product"}],"about":[{"href":"https:\/\/www.lumist.si\/hr\/wp-json\/wp\/v2\/types\/product"}],"replies":[{"embeddable":true,"href":"https:\/\/www.lumist.si\/hr\/wp-json\/wp\/v2\/comments?post=1139"}],"wp:featuredmedia":[{"embeddable":true,"href":"https:\/\/www.lumist.si\/hr\/wp-json\/wp\/v2\/media\/7661"}],"wp:attachment":[{"href":"https:\/\/www.lumist.si\/hr\/wp-json\/wp\/v2\/media?parent=1139"}],"wp:term":[{"taxonomy":"product_brand","embeddable":true,"href":"https:\/\/www.lumist.si\/hr\/wp-json\/wp\/v2\/product_brand?post=1139"},{"taxonomy":"product_cat","embeddable":true,"href":"https:\/\/www.lumist.si\/hr\/wp-json\/wp\/v2\/product_cat?post=1139"},{"taxonomy":"product_tag","embeddable":true,"href":"https:\/\/www.lumist.si\/hr\/wp-json\/wp\/v2\/product_tag?post=1139"}],"curies":[{"name":"wp","href":"https:\/\/api.w.org\/{rel}","templated":true}]}}