{"id":11531,"date":"2024-02-13T17:59:30","date_gmt":"2024-02-13T16:59:30","guid":{"rendered":"https:\/\/www.lumist.si\/?post_type=product&#038;p=11531"},"modified":"2026-04-10T17:48:48","modified_gmt":"2026-04-10T15:48:48","slug":"mirror-glaze-cokolada-200-g","status":"publish","type":"product","link":"https:\/\/www.lumist.si\/hr\/proizvod\/mirror-glaze-cokolada-200-g\/","title":{"rendered":"Mirror glaze, \u010cokolada 200 g"},"content":{"rendered":"<p><strong>Mirror glaze \u010cokolada 200 g<\/strong><\/p>\n<p><strong>Sjajna gotova glazura za ogledalo s okusom \u010dokolade<\/strong> namijenjen je potpunom pokrivanju svih vrsta slastica. Izuzetno je jednostavan za kori\u0161tenje, samo lagano zagrijete glazuru i prelijete. Vi\u0161ak glazure mo\u017eete sa\u010duvati i ponovno iskoristiti u sljede\u0107em desertu.<\/p>\n<p>Proizvod je <strong>vegan<\/strong>.<\/p>\n<p><strong>Pakiranje<\/strong> 200 g.<\/p>\n<p>\u010cuvati na suhom i hladnom mjestu. Rok upotrebe otisnut je na pakiranju.<\/p>","protected":false},"excerpt":{"rendered":"<p><strong>Mirror glaze \u010cokolada<\/strong><\/p>\n<p><strong>Sjajna gotova glazura za ogledalo s okusom \u010dokolade<\/strong> namijenjen je potpunom pokrivanju svih vrsta slastica. Izuzetno je jednostavan za kori\u0161tenje, samo lagano zagrijete glazuru i prelijete. Vi\u0161ak glazure mo\u017eete sa\u010duvati i ponovno iskoristiti u sljede\u0107em desertu.<\/p>\n<p>Proizvod je <strong>vegan<\/strong>.<\/p>\n<p>&nbsp;<\/p>","protected":false},"featured_media":11979,"comment_status":"open","ping_status":"closed","template":"","meta":{"om_disable_all_campaigns":false,"inline_featured_image":false,"_monsterinsights_skip_tracking":false,"_monsterinsights_sitenote_active":false,"_monsterinsights_sitenote_note":"","_monsterinsights_sitenote_category":0},"product_brand":[],"product_cat":[341,333],"product_tag":[],"class_list":{"0":"post-11531","1":"product","2":"type-product","3":"status-publish","4":"has-post-thumbnail","6":"product_cat-mirror-glaze","7":"product_cat-vegan","8":"pa_teza-200-g","9":"pa_znamka-rokmar","11":"first","12":"instock","13":"taxable","14":"shipping-taxable","15":"purchasable","16":"product-type-variable","17":"has-default-attributes"},"aioseo_notices":[],"_links":{"self":[{"href":"https:\/\/www.lumist.si\/hr\/wp-json\/wp\/v2\/product\/11531","targetHints":{"allow":["GET"]}}],"collection":[{"href":"https:\/\/www.lumist.si\/hr\/wp-json\/wp\/v2\/product"}],"about":[{"href":"https:\/\/www.lumist.si\/hr\/wp-json\/wp\/v2\/types\/product"}],"replies":[{"embeddable":true,"href":"https:\/\/www.lumist.si\/hr\/wp-json\/wp\/v2\/comments?post=11531"}],"wp:featuredmedia":[{"embeddable":true,"href":"https:\/\/www.lumist.si\/hr\/wp-json\/wp\/v2\/media\/11979"}],"wp:attachment":[{"href":"https:\/\/www.lumist.si\/hr\/wp-json\/wp\/v2\/media?parent=11531"}],"wp:term":[{"taxonomy":"product_brand","embeddable":true,"href":"https:\/\/www.lumist.si\/hr\/wp-json\/wp\/v2\/product_brand?post=11531"},{"taxonomy":"product_cat","embeddable":true,"href":"https:\/\/www.lumist.si\/hr\/wp-json\/wp\/v2\/product_cat?post=11531"},{"taxonomy":"product_tag","embeddable":true,"href":"https:\/\/www.lumist.si\/hr\/wp-json\/wp\/v2\/product_tag?post=11531"}],"curies":[{"name":"wp","href":"https:\/\/api.w.org\/{rel}","templated":true}]}}