{"id":11572,"date":"2024-02-24T19:13:50","date_gmt":"2024-02-24T18:13:50","guid":{"rendered":"https:\/\/www.lumist.si\/?post_type=product&#038;p=11572"},"modified":"2025-10-11T19:40:18","modified_gmt":"2025-10-11T17:40:18","slug":"preliv-slana-karamela-piskotom","status":"publish","type":"product","link":"https:\/\/www.lumist.si\/hr\/proizvod\/preliv-slana-karamela-piskotom\/","title":{"rendered":"Preliv Slana Karamela, z pi\u0161kotom"},"content":{"rendered":"<p><strong>Preliv Slana karamela z pi\u0161kotom<\/strong>\u00a0predstavlja razko\u0161no in kremasto do\u017eivetje s subtilnim pridihom slanosti. Gre za prilagodljiv izdelek, ki se izka\u017ee kot idealen dodatek za prelivanje ali polnjenje tort, tortic na pal\u010dkah, monoporcijskih sladic in kremastih kreacij v kozar\u010dkih. Njegova vsestranskost se poka\u017ee tudi pri ustvarjanju krem ali mousse, dodaten \u010dar pa prinese kot aromati\u010dna sestavina. Ta \u010daroben dekor ne le obogati videz, temve\u010d tudi okus va\u0161ih sladic, ustvarjajo\u010d nepozabno do\u017eivetje za va\u0161e brbon\u010dice.<\/p>\n<p><strong>Prikladno za<\/strong>:<br \/>\n\u2013 Preljev ili nadjev za deserte, krafne, sladolede, pala\u010dinke ili sladoled<br \/>\n\u2013 Oboga\u0107ivanje kreme ili moussea.<\/p>\n<p><strong>Proizvod je:<\/strong><br \/>\n\u2013 Bez palminog ulja<br \/>\n\u2013 Bez soje.<\/p>\n<p>\u010cuvati na suhom i tamnom mjestu, dalje od izvora jake topline i neugodnih mirisa.<\/p>","protected":false},"excerpt":{"rendered":"<p>Preliv Slana karamela z vanilija pi\u0161kotom<\/p>\n<p><strong>Preliv &#8220;Slana karamela&#8221;<\/strong> predstavlja razko\u0161no in kremasto do\u017eivetje s subtilnim pridihom slanosti. Gre za prilagodljiv izdelek, ki se izka\u017ee kot idealen dodatek za prelivanje ali polnjenje tort, tortic na pal\u010dkah, monoporcijskih sladic in kremastih kreacij v kozar\u010dkih. Njegova vsestranskost se poka\u017ee tudi pri ustvarjanju krem ali mousse, dodaten \u010dar pa prinese kot aromati\u010dna sestavina. Ta \u010daroben dekor ne le obogati videz, temve\u010d tudi okus va\u0161ih sladic, ustvarjajo\u010d nepozabno do\u017eivetje za va\u0161e brbon\u010dice.<\/p>\n<p>&nbsp;<\/p>","protected":false},"featured_media":11957,"comment_status":"open","ping_status":"closed","template":"","meta":{"om_disable_all_campaigns":false,"inline_featured_image":false,"_monsterinsights_skip_tracking":false,"_monsterinsights_sitenote_active":false,"_monsterinsights_sitenote_note":"","_monsterinsights_sitenote_category":0},"product_brand":[],"product_cat":[339],"product_tag":[152],"class_list":{"0":"post-11572","1":"product","2":"type-product","3":"status-publish","4":"has-post-thumbnail","6":"product_cat-dekor-kreme-in-prelivi","7":"product_tag-novosti","8":"pa_okus-karamela","9":"pa_teza-250-g","10":"pa_znamka-rokmar","12":"first","13":"instock","14":"taxable","15":"shipping-taxable","16":"purchasable","17":"product-type-variable","18":"has-default-attributes"},"aioseo_notices":[],"_links":{"self":[{"href":"https:\/\/www.lumist.si\/hr\/wp-json\/wp\/v2\/product\/11572","targetHints":{"allow":["GET"]}}],"collection":[{"href":"https:\/\/www.lumist.si\/hr\/wp-json\/wp\/v2\/product"}],"about":[{"href":"https:\/\/www.lumist.si\/hr\/wp-json\/wp\/v2\/types\/product"}],"replies":[{"embeddable":true,"href":"https:\/\/www.lumist.si\/hr\/wp-json\/wp\/v2\/comments?post=11572"}],"wp:featuredmedia":[{"embeddable":true,"href":"https:\/\/www.lumist.si\/hr\/wp-json\/wp\/v2\/media\/11957"}],"wp:attachment":[{"href":"https:\/\/www.lumist.si\/hr\/wp-json\/wp\/v2\/media?parent=11572"}],"wp:term":[{"taxonomy":"product_brand","embeddable":true,"href":"https:\/\/www.lumist.si\/hr\/wp-json\/wp\/v2\/product_brand?post=11572"},{"taxonomy":"product_cat","embeddable":true,"href":"https:\/\/www.lumist.si\/hr\/wp-json\/wp\/v2\/product_cat?post=11572"},{"taxonomy":"product_tag","embeddable":true,"href":"https:\/\/www.lumist.si\/hr\/wp-json\/wp\/v2\/product_tag?post=11572"}],"curies":[{"name":"wp","href":"https:\/\/api.w.org\/{rel}","templated":true}]}}