{"id":11642,"date":"2024-03-01T18:14:09","date_gmt":"2024-03-01T17:14:09","guid":{"rendered":"https:\/\/www.lumist.si\/?post_type=product&#038;p=11642"},"modified":"2026-04-08T21:01:08","modified_gmt":"2026-04-08T19:01:08","slug":"topping-gozdni-sadezi-1kg","status":"publish","type":"product","link":"https:\/\/www.lumist.si\/hr\/proizvod\/topping-gozdni-sadezi-1kg\/","title":{"rendered":"Topping Gozdni sade\u017ei 1kg"},"content":{"rendered":"<p><strong>Preljev \u0160umsko vo\u0107e <\/strong><\/p>\n<p>\u010daroban je preljev koji \u0107e vas odu\u0161eviti punim okusom svje\u017eeg \u0161umskog vo\u0107a. Ovaj osvje\u017eavaju\u0107i preljev u prakti\u010dnoj bo\u010dici na cije\u0111enje donosi eksploziju okusa \u0161umskih jagoda, malina, borovnica i ostalih \u0161umskih delicija.<\/p>\n<p>Sa \u0161arenim nijansama crvene, ljubi\u010daste i plave, ovaj preljev je savr\u0161en izbor za preljev sladoleda, smoothieja, milkshakeova, pala\u010dinki i drugih deserta ili pi\u0107a koji \u017eele osvje\u017eavaju\u0107i naglasak. Ovaj preljev se mo\u017ee koristiti hladan ili zagrijan u \u201cbain marie\u201d (cca 35\u00b0C) ako \u017eelite do\u017eivjeti toplinu \u0161umskih okusa.<\/p>\n<p><strong>Skladi\u0161tenje:<\/strong> \u010cuvati na suhom i hladnom mjestu, dalje od izravnih izvora topline.<\/p>","protected":false},"excerpt":{"rendered":"<p><strong>Preljev \u0160umsko vo\u0107e <\/strong><\/p>\n<p>\u010daroban je preljev koji \u0107e vas odu\u0161eviti punim okusom svje\u017eeg \u0161umskog vo\u0107a. Ovaj osvje\u017eavaju\u0107i preljev u prakti\u010dnoj bo\u010dici na cije\u0111enje donosi eksploziju okusa \u0161umskih jagoda, malina, borovnica i ostalih \u0161umskih delicija.<\/p>\n<p>&nbsp;<\/p>","protected":false},"featured_media":11662,"comment_status":"open","ping_status":"closed","template":"","meta":{"om_disable_all_campaigns":false,"inline_featured_image":false,"_monsterinsights_skip_tracking":false,"_monsterinsights_sitenote_active":false,"_monsterinsights_sitenote_note":"","_monsterinsights_sitenote_category":0},"product_brand":[],"product_cat":[339,364],"product_tag":[152],"class_list":{"0":"post-11642","1":"product","2":"type-product","3":"status-publish","4":"has-post-thumbnail","6":"product_cat-dekor-kreme-in-prelivi","7":"product_cat-toppingi-sadni-in-mlecni","8":"product_tag-novosti","9":"pa_znamka-rokmar","11":"first","12":"instock","13":"taxable","14":"shipping-taxable","15":"purchasable","16":"product-type-simple"},"aioseo_notices":[],"_links":{"self":[{"href":"https:\/\/www.lumist.si\/hr\/wp-json\/wp\/v2\/product\/11642","targetHints":{"allow":["GET"]}}],"collection":[{"href":"https:\/\/www.lumist.si\/hr\/wp-json\/wp\/v2\/product"}],"about":[{"href":"https:\/\/www.lumist.si\/hr\/wp-json\/wp\/v2\/types\/product"}],"replies":[{"embeddable":true,"href":"https:\/\/www.lumist.si\/hr\/wp-json\/wp\/v2\/comments?post=11642"}],"wp:featuredmedia":[{"embeddable":true,"href":"https:\/\/www.lumist.si\/hr\/wp-json\/wp\/v2\/media\/11662"}],"wp:attachment":[{"href":"https:\/\/www.lumist.si\/hr\/wp-json\/wp\/v2\/media?parent=11642"}],"wp:term":[{"taxonomy":"product_brand","embeddable":true,"href":"https:\/\/www.lumist.si\/hr\/wp-json\/wp\/v2\/product_brand?post=11642"},{"taxonomy":"product_cat","embeddable":true,"href":"https:\/\/www.lumist.si\/hr\/wp-json\/wp\/v2\/product_cat?post=11642"},{"taxonomy":"product_tag","embeddable":true,"href":"https:\/\/www.lumist.si\/hr\/wp-json\/wp\/v2\/product_tag?post=11642"}],"curies":[{"name":"wp","href":"https:\/\/api.w.org\/{rel}","templated":true}]}}