{"id":11656,"date":"2024-03-01T18:50:10","date_gmt":"2024-03-01T17:50:10","guid":{"rendered":"https:\/\/www.lumist.si\/?post_type=product&#038;p=11656"},"modified":"2026-03-17T15:36:11","modified_gmt":"2026-03-17T14:36:11","slug":"topping-karamela","status":"publish","type":"product","link":"https:\/\/www.lumist.si\/hr\/proizvod\/topping-karamela\/","title":{"rendered":"Topping Karamela, 1kg"},"content":{"rendered":"<p><strong>Topping Karamela<\/strong><\/p>\n<p>Topping Caramel je zapanjuju\u0107i karamel preljev koji se mo\u017ee pohvaliti posebnim okusom prave karamele. Ovaj opojni preljev stvoren je kao vrhunska nadopuna desertima i pi\u0107ima, pru\u017eaju\u0107i ukusno iskustvo karameliziranog \u0161e\u0107era u prakti\u010dnoj bo\u010dici na stiskanje.<\/p>\n<p>Sa svojom jedinstvenom notom karamele, ovaj preljev savr\u0161en je izbor za preljev sladoleda, smoothieja, milkshakeova, pala\u010dinki i drugih deserta ili pi\u0107a koji \u017eele dodatni slatki naglasak. Mo\u017eete ga koristiti hladnog ili zagrijati u &quot;bain marie&quot; (pribli\u017eno 35\u00b0C) kako biste stvorili topli u\u010dinak.<\/p>\n<p><strong>Skladi\u0161tenje:<\/strong> \u010cuvati na suhom i hladnom mjestu, dalje od izravnih izvora topline.<\/p>","protected":false},"excerpt":{"rendered":"<p><strong>Topping Karamela<\/strong><\/p>\n<p>Topping Caramel je zapanjuju\u0107i karamel preljev koji se mo\u017ee pohvaliti posebnim okusom prave karamele. Ovaj opojni preljev stvoren je kao vrhunska nadopuna desertima i pi\u0107ima, pru\u017eaju\u0107i ukusno iskustvo karameliziranog \u0161e\u0107era u prakti\u010dnoj bo\u010dici na stiskanje.<\/p>\n<p>&nbsp;<\/p>","protected":false},"featured_media":11666,"comment_status":"open","ping_status":"closed","template":"","meta":{"om_disable_all_campaigns":false,"inline_featured_image":false,"_monsterinsights_skip_tracking":false,"_monsterinsights_sitenote_active":false,"_monsterinsights_sitenote_note":"","_monsterinsights_sitenote_category":0},"product_brand":[],"product_cat":[339,122,364],"product_tag":[152],"class_list":{"0":"post-11656","1":"product","2":"type-product","3":"status-publish","4":"has-post-thumbnail","6":"product_cat-dekor-kreme-in-prelivi","7":"product_cat-prelivi-in-glazure","8":"product_cat-toppingi-sadni-in-mlecni","9":"product_tag-novosti","10":"pa_okus-karamela","11":"pa_znamka-rokmar","13":"first","14":"instock","15":"taxable","16":"shipping-taxable","17":"purchasable","18":"product-type-simple"},"aioseo_notices":[],"_links":{"self":[{"href":"https:\/\/www.lumist.si\/hr\/wp-json\/wp\/v2\/product\/11656","targetHints":{"allow":["GET"]}}],"collection":[{"href":"https:\/\/www.lumist.si\/hr\/wp-json\/wp\/v2\/product"}],"about":[{"href":"https:\/\/www.lumist.si\/hr\/wp-json\/wp\/v2\/types\/product"}],"replies":[{"embeddable":true,"href":"https:\/\/www.lumist.si\/hr\/wp-json\/wp\/v2\/comments?post=11656"}],"wp:featuredmedia":[{"embeddable":true,"href":"https:\/\/www.lumist.si\/hr\/wp-json\/wp\/v2\/media\/11666"}],"wp:attachment":[{"href":"https:\/\/www.lumist.si\/hr\/wp-json\/wp\/v2\/media?parent=11656"}],"wp:term":[{"taxonomy":"product_brand","embeddable":true,"href":"https:\/\/www.lumist.si\/hr\/wp-json\/wp\/v2\/product_brand?post=11656"},{"taxonomy":"product_cat","embeddable":true,"href":"https:\/\/www.lumist.si\/hr\/wp-json\/wp\/v2\/product_cat?post=11656"},{"taxonomy":"product_tag","embeddable":true,"href":"https:\/\/www.lumist.si\/hr\/wp-json\/wp\/v2\/product_tag?post=11656"}],"curies":[{"name":"wp","href":"https:\/\/api.w.org\/{rel}","templated":true}]}}