{"id":11864,"date":"2024-03-24T18:19:41","date_gmt":"2024-03-24T17:19:41","guid":{"rendered":"https:\/\/www.lumist.si\/?post_type=product&#038;p=11864"},"modified":"2026-03-29T17:00:54","modified_gmt":"2026-03-29T15:00:54","slug":"jedilna-barva-v-prahu-sprej-light-gold-10g","status":"publish","type":"product","link":"https:\/\/www.lumist.si\/hr\/proizvod\/jedilna-barva-v-prahu-sprej-light-gold-10g\/","title":{"rendered":"Jedilna barva v prahu, sprej Light gold 10g"},"content":{"rendered":"<p><strong>Jedilna barva v prahu, sprej Light Gold<\/strong><\/p>\n<p><strong>\u201cPUMP SPRAY LIGHT GOLD\u201d<\/strong> je serija revolucionarnih, svjetlucavih metalik prehrambenih boja u obliku finog praha. Dolazi u obliku suhog spreja koji se nanosi prikladnom pumpicom za doziranje. Namijenjeni su ru\u010dnom ukra\u0161avanju. Stvaraju efekt jakog sjaja. Boje mo\u017eete nanositi i suho i mokro \u2013 nakon mije\u0161anja s alkoholom. Boje su u obliku finog praha s razli\u010ditim debljinama \u010destica.<\/p>\n<p><strong>Kori\u0161tenje<\/strong>: Zlatni metalni prah mo\u017ee se koristiti na mnogo na\u010dina. Mo\u017eete ga nanijeti iz pumpice ili otresti s kista, stvaraju\u0107i blistav sjaj. Mo\u017eete ga pomije\u0161ati i s malo alkohola, \u010dime \u0107ete dobiti prekrasnu, metalik boju za ru\u010dno slikanje kistom. Za fondant, marcipan, royal icing, vafel papir; ukra\u0161avanje povr\u0161ina i masa - torte, kreme, \u017eelei i gelovi, kalupi za praline, \u010dokoladne i \u0161e\u0107erne dekoracije. Pigmenti su netopljivi u vodi. Zahvaljuju\u0107i tome, prikladni su za mije\u0161anje s proizvodima koji sadr\u017ee vodu ili ulje.<\/p>\n<p>Boja je tako\u0111er odli\u010dna za stvaranje gaziranih pi\u0107a.<\/p>\n<p><strong>Doziranje<\/strong>: prema principu quantum satis \u2013 za postizanje \u017eeljenog tehnolo\u0161kog u\u010dinka.<\/p>\n<p>\u010cuvati na suhom i hladnom mjestu.<\/p>\n<p>Zlatna, intenzivna prehrambena boja za dekoraciju. U prakti\u010dnoj bo\u010dici s pumpicom (suhi sprej). Ukrasite povr\u0161ine od fondanta, \u010dokolade, kreme, kreme, \u017eelea, royal icinga i vi\u0161e.<\/p>","protected":false},"excerpt":{"rendered":"<p><strong>Jedilna barva v prahu\u00a0 sprej, Light Gold<\/strong><\/p>\n<p><strong>\u201cPUMP SPRAY LIGHT GOLD\u201d<\/strong> je serija revolucionarnih, svjetlucavih metalik prehrambenih boja u obliku finog praha. Dolazi u obliku suhog spreja koji se nanosi prikladnom pumpicom za doziranje. Namijenjeni su ru\u010dnom ukra\u0161avanju. Stvaraju efekt jakog sjaja. Boje mo\u017eete nanositi i suho i mokro \u2013 nakon mije\u0161anja s alkoholom. Boje su u obliku finog praha s razli\u010ditim debljinama \u010destica.<\/p>\n<p>&nbsp;<\/p>","protected":false},"featured_media":16694,"comment_status":"open","ping_status":"closed","template":"","meta":{"om_disable_all_campaigns":false,"inline_featured_image":false,"_monsterinsights_skip_tracking":false,"_monsterinsights_sitenote_active":false,"_monsterinsights_sitenote_note":"","_monsterinsights_sitenote_category":0},"product_brand":[],"product_cat":[124,257,131],"product_tag":[152],"class_list":{"0":"post-11864","1":"product","2":"type-product","3":"status-publish","4":"has-post-thumbnail","6":"product_cat-jedilne-barve-in-blescice","7":"product_cat-jedilne-barve","8":"product_cat-jedilni-listici-blescice","9":"product_tag-novosti","10":"pa_znamka-sugarflair","12":"first","13":"instock","14":"taxable","15":"shipping-taxable","16":"purchasable","17":"product-type-simple"},"aioseo_notices":[],"_links":{"self":[{"href":"https:\/\/www.lumist.si\/hr\/wp-json\/wp\/v2\/product\/11864","targetHints":{"allow":["GET"]}}],"collection":[{"href":"https:\/\/www.lumist.si\/hr\/wp-json\/wp\/v2\/product"}],"about":[{"href":"https:\/\/www.lumist.si\/hr\/wp-json\/wp\/v2\/types\/product"}],"replies":[{"embeddable":true,"href":"https:\/\/www.lumist.si\/hr\/wp-json\/wp\/v2\/comments?post=11864"}],"wp:featuredmedia":[{"embeddable":true,"href":"https:\/\/www.lumist.si\/hr\/wp-json\/wp\/v2\/media\/16694"}],"wp:attachment":[{"href":"https:\/\/www.lumist.si\/hr\/wp-json\/wp\/v2\/media?parent=11864"}],"wp:term":[{"taxonomy":"product_brand","embeddable":true,"href":"https:\/\/www.lumist.si\/hr\/wp-json\/wp\/v2\/product_brand?post=11864"},{"taxonomy":"product_cat","embeddable":true,"href":"https:\/\/www.lumist.si\/hr\/wp-json\/wp\/v2\/product_cat?post=11864"},{"taxonomy":"product_tag","embeddable":true,"href":"https:\/\/www.lumist.si\/hr\/wp-json\/wp\/v2\/product_tag?post=11864"}],"curies":[{"name":"wp","href":"https:\/\/api.w.org\/{rel}","templated":true}]}}