{"id":11884,"date":"2024-03-24T21:43:53","date_gmt":"2024-03-24T20:43:53","guid":{"rendered":"https:\/\/www.lumist.si\/?post_type=product&#038;p=11884"},"modified":"2026-03-29T21:44:07","modified_gmt":"2026-03-29T19:44:07","slug":"perlice-mini-modre-80-g","status":"publish","type":"product","link":"https:\/\/www.lumist.si\/hr\/proizvod\/perlice-mini-modre-80-g\/","title":{"rendered":"Perlice mini Modre 80 g"},"content":{"rendered":"<p><strong>Perlice Mini, modre 80 g<\/strong><\/p>\n<p>S mini perlicama <strong>Zabavni kola\u010di<\/strong> Mogu\u0107e je izraditi bezbroj ukrasa \u2013 od prekrasnih obruba torti do ukra\u0161avanja kola\u010di\u0107a, cake popsova, mini torti i svih ostalih slastica.<\/p>\n<p>Ovaj proizvod ima: Halal certifikat.<\/p>\n<p>\u010cuvati na temperaturi izme\u0111u 8\u00b0C i 24\u00b0C u suhom okru\u017eenju.<\/p>\n<p>Sadr\u017eaj: 80 grama.<\/p>","protected":false},"excerpt":{"rendered":"<p><strong>Perlice Mini, modre<\/strong><\/p>\n<p>S mini perlicama <strong>Zabavni kola\u010di<\/strong> Mogu\u0107e je izraditi bezbroj ukrasa \u2013 od prekrasnih obruba torti do ukra\u0161avanja kola\u010di\u0107a, cake popsova, mini torti i svih ostalih slastica.<\/p>\n<p>&nbsp;<\/p>","protected":false},"featured_media":11885,"comment_status":"open","ping_status":"closed","template":"","meta":{"om_disable_all_campaigns":false,"inline_featured_image":false,"_monsterinsights_skip_tracking":false,"_monsterinsights_sitenote_active":false,"_monsterinsights_sitenote_note":"","_monsterinsights_sitenote_category":0},"product_brand":[],"product_cat":[117,99],"product_tag":[152],"class_list":{"0":"post-11884","1":"product","2":"type-product","3":"status-publish","4":"has-post-thumbnail","6":"product_cat-dekoracija-sladic","7":"product_cat-sladkorne-in-cokoladne-perlice","8":"product_tag-novosti","9":"pa_teza-80-g","10":"pa_znamka-fun-cakes","12":"first","13":"outofstock","14":"sale","15":"taxable","16":"shipping-taxable","17":"purchasable","18":"product-type-simple"},"aioseo_notices":[],"_links":{"self":[{"href":"https:\/\/www.lumist.si\/hr\/wp-json\/wp\/v2\/product\/11884","targetHints":{"allow":["GET"]}}],"collection":[{"href":"https:\/\/www.lumist.si\/hr\/wp-json\/wp\/v2\/product"}],"about":[{"href":"https:\/\/www.lumist.si\/hr\/wp-json\/wp\/v2\/types\/product"}],"replies":[{"embeddable":true,"href":"https:\/\/www.lumist.si\/hr\/wp-json\/wp\/v2\/comments?post=11884"}],"wp:featuredmedia":[{"embeddable":true,"href":"https:\/\/www.lumist.si\/hr\/wp-json\/wp\/v2\/media\/11885"}],"wp:attachment":[{"href":"https:\/\/www.lumist.si\/hr\/wp-json\/wp\/v2\/media?parent=11884"}],"wp:term":[{"taxonomy":"product_brand","embeddable":true,"href":"https:\/\/www.lumist.si\/hr\/wp-json\/wp\/v2\/product_brand?post=11884"},{"taxonomy":"product_cat","embeddable":true,"href":"https:\/\/www.lumist.si\/hr\/wp-json\/wp\/v2\/product_cat?post=11884"},{"taxonomy":"product_tag","embeddable":true,"href":"https:\/\/www.lumist.si\/hr\/wp-json\/wp\/v2\/product_tag?post=11884"}],"curies":[{"name":"wp","href":"https:\/\/api.w.org\/{rel}","templated":true}]}}