{"id":11934,"date":"2024-04-01T19:01:33","date_gmt":"2024-04-01T17:01:33","guid":{"rendered":"https:\/\/www.lumist.si\/?post_type=product&#038;p=11934"},"modified":"2025-10-05T11:03:04","modified_gmt":"2025-10-05T09:03:04","slug":"popki-rumene-vrtnice-25-g","status":"publish","type":"product","link":"https:\/\/www.lumist.si\/hr\/proizvod\/popki-rumene-vrtnice-25-g\/","title":{"rendered":"Popki rumene vrtnice, 25 g"},"content":{"rendered":"<p>Popki rumene vrtnice<\/p>\n<p>so bili tiso\u010dletja cenjeni zaradi svoje lepote in di\u0161ave. Ker se ro\u017eno olje na soncu in vetru hitro kvari, je vsebnost najve\u010dja prvo jutro, ko se cvet odpre. Cvetni listi vrtnic, nabrani za destilacijo, se obirajo ro\u010dno, dan za dnem, ob son\u010dnem vzhodu ali tik pred njim.<\/p>","protected":false},"excerpt":{"rendered":"<p><strong>Popki rumene vrtnice <\/strong><\/p>\n<p>so bili tiso\u010dletja cenjeni zaradi svoje lepote in di\u0161ave. Ker se ro\u017eno olje na soncu in vetru hitro kvari, je vsebnost najve\u010dja prvo jutro, ko se cvet odpre. Cvetni listi vrtnic, nabrani za destilacijo, se obirajo ro\u010dno, dan za dnem, ob son\u010dnem vzhodu ali tik pred njim.<\/p>\n<p><span dir=\"auto\">\u2713\u00a0<\/span><strong><span dir=\"auto\">Sastav<\/span><\/strong><span dir=\"auto\">: posu\u0161eni popki rumene vrtnice 100%<\/span><br \/>\n<span dir=\"auto\">\u2713\u00a0<\/span><strong><span dir=\"auto\">100% prirodna kvaliteta<\/span><\/strong><span dir=\"auto\">, bez \u0161tetnih tvari\/kemikalija\/te\u0161kih metala.<\/span><br \/>\n<span dir=\"auto\">\u2713\u00a0<\/span><strong><span dir=\"auto\">Pakiranje<\/span><\/strong><span dir=\"auto\">: 25 g.<\/span><\/p>","protected":false},"featured_media":11946,"comment_status":"open","ping_status":"closed","template":"","meta":{"om_disable_all_campaigns":false,"inline_featured_image":false,"_monsterinsights_skip_tracking":false,"_monsterinsights_sitenote_active":false,"_monsterinsights_sitenote_note":"","_monsterinsights_sitenote_category":0},"product_brand":[],"product_cat":[193],"product_tag":[152],"class_list":{"0":"post-11934","1":"product","2":"type-product","3":"status-publish","4":"has-post-thumbnail","6":"product_cat-jedilno-cvetje","7":"product_tag-novosti","8":"pa_teza-25-g","10":"first","11":"instock","12":"taxable","13":"shipping-taxable","14":"purchasable","15":"product-type-variable","16":"has-default-attributes"},"aioseo_notices":[],"_links":{"self":[{"href":"https:\/\/www.lumist.si\/hr\/wp-json\/wp\/v2\/product\/11934","targetHints":{"allow":["GET"]}}],"collection":[{"href":"https:\/\/www.lumist.si\/hr\/wp-json\/wp\/v2\/product"}],"about":[{"href":"https:\/\/www.lumist.si\/hr\/wp-json\/wp\/v2\/types\/product"}],"replies":[{"embeddable":true,"href":"https:\/\/www.lumist.si\/hr\/wp-json\/wp\/v2\/comments?post=11934"}],"wp:featuredmedia":[{"embeddable":true,"href":"https:\/\/www.lumist.si\/hr\/wp-json\/wp\/v2\/media\/11946"}],"wp:attachment":[{"href":"https:\/\/www.lumist.si\/hr\/wp-json\/wp\/v2\/media?parent=11934"}],"wp:term":[{"taxonomy":"product_brand","embeddable":true,"href":"https:\/\/www.lumist.si\/hr\/wp-json\/wp\/v2\/product_brand?post=11934"},{"taxonomy":"product_cat","embeddable":true,"href":"https:\/\/www.lumist.si\/hr\/wp-json\/wp\/v2\/product_cat?post=11934"},{"taxonomy":"product_tag","embeddable":true,"href":"https:\/\/www.lumist.si\/hr\/wp-json\/wp\/v2\/product_tag?post=11934"}],"curies":[{"name":"wp","href":"https:\/\/api.w.org\/{rel}","templated":true}]}}