{"id":12008,"date":"2024-04-07T10:45:28","date_gmt":"2024-04-07T08:45:28","guid":{"rendered":"https:\/\/www.lumist.si\/?post_type=product&#038;p=12008"},"modified":"2026-04-13T08:04:57","modified_gmt":"2026-04-13T06:04:57","slug":"mesanica-za-vaflje-mix","status":"publish","type":"product","link":"https:\/\/www.lumist.si\/hr\/proizvod\/mesanica-za-vaflje-mix\/","title":{"rendered":"Smjesa za vafle"},"content":{"rendered":"","protected":false},"excerpt":{"rendered":"<p>Profesionalna mje\u0161avina za savr\u0161ene vafle uz jednostavan recept. Ispecite rahle i so\u010dne vafle, a koristite preljev <strong><a href=\"https:\/\/www.lumist.si\/hr\/kategorija-proizvoda\/kreme-in-mesanice\/dekor-kreme\/\" target=\"_blank\" rel=\"noopener\">Krem dekor<\/a><\/strong>!<\/p>\n<p><strong>RECEPT:<\/strong><br \/>\nMella smjesa za vafle: 1000 g<br \/>\nMlijeko\/voda: 1000 g<\/p>\n<p>Miksajte najve\u0107om brzinom i ostavite nekoliko minuta. Smjesa za vafle je spremna.<\/p>\n<p><strong>Skladi\u0161tenje<\/strong>: \u010cuvati na suhom i tamnom mjestu, daleko od izvora jakog svjetla ili topline.<\/p>","protected":false},"featured_media":12018,"comment_status":"open","ping_status":"closed","template":"","meta":{"om_disable_all_campaigns":false,"inline_featured_image":false,"_monsterinsights_skip_tracking":false,"_monsterinsights_sitenote_active":false,"_monsterinsights_sitenote_note":"","_monsterinsights_sitenote_category":0},"product_brand":[],"product_cat":[121,164],"product_tag":[152],"class_list":{"0":"post-12008","1":"product","2":"type-product","3":"status-publish","4":"has-post-thumbnail","6":"product_cat-kreme-polnila","7":"product_cat-mesanice-za-kreme","8":"product_tag-novosti","9":"pa_teza-1-kg","11":"first","12":"instock","13":"taxable","14":"shipping-taxable","15":"purchasable","16":"product-type-variable","17":"has-default-attributes"},"aioseo_notices":[],"_links":{"self":[{"href":"https:\/\/www.lumist.si\/hr\/wp-json\/wp\/v2\/product\/12008","targetHints":{"allow":["GET"]}}],"collection":[{"href":"https:\/\/www.lumist.si\/hr\/wp-json\/wp\/v2\/product"}],"about":[{"href":"https:\/\/www.lumist.si\/hr\/wp-json\/wp\/v2\/types\/product"}],"replies":[{"embeddable":true,"href":"https:\/\/www.lumist.si\/hr\/wp-json\/wp\/v2\/comments?post=12008"}],"wp:featuredmedia":[{"embeddable":true,"href":"https:\/\/www.lumist.si\/hr\/wp-json\/wp\/v2\/media\/12018"}],"wp:attachment":[{"href":"https:\/\/www.lumist.si\/hr\/wp-json\/wp\/v2\/media?parent=12008"}],"wp:term":[{"taxonomy":"product_brand","embeddable":true,"href":"https:\/\/www.lumist.si\/hr\/wp-json\/wp\/v2\/product_brand?post=12008"},{"taxonomy":"product_cat","embeddable":true,"href":"https:\/\/www.lumist.si\/hr\/wp-json\/wp\/v2\/product_cat?post=12008"},{"taxonomy":"product_tag","embeddable":true,"href":"https:\/\/www.lumist.si\/hr\/wp-json\/wp\/v2\/product_tag?post=12008"}],"curies":[{"name":"wp","href":"https:\/\/api.w.org\/{rel}","templated":true}]}}