{"id":12155,"date":"2024-05-02T13:15:48","date_gmt":"2024-05-02T11:15:48","guid":{"rendered":"https:\/\/www.lumist.si\/?post_type=product&#038;p=12155"},"modified":"2026-04-10T16:31:37","modified_gmt":"2026-04-10T14:31:37","slug":"cokoladna-krogla-marelicna","status":"publish","type":"product","link":"https:\/\/www.lumist.si\/hr\/proizvod\/cokoladna-krogla-marelicna\/","title":{"rendered":"\u010cokoladna krogla Mareli\u010dna, \u00d8 2,7 cm"},"content":{"rendered":"<p><strong>\u010cokoladna krogla Mareli\u010dna perla <\/strong><\/p>\n<p>To je \u0161uplja, vrlo lagana \u010dokoladna kugla <strong>biser boje marelice.<\/strong> Izra\u0111ena je od izvrsne bijele \u010dokolade i zbog svoje lako\u0107e pogodna je za ukra\u0161avanje i najfinijih slastica.<\/p>\n<p><strong>Koli\u010dina:<\/strong> 12 kom<br \/>\n<strong>Veli\u010dina:<\/strong> \u00d8 27 mm<br \/>\n<strong>Ukus:<\/strong> Bijela \u010dokolada<br \/>\n<strong>Boja:<\/strong> perla od kajsije<br \/>\n<strong>Format:<\/strong> sfera<br \/>\n<strong>Upotreba:<\/strong> Univerzalno<\/p>\n<p>\u010cuvati na temperaturi od 18\u00b0C do 22\u00b0C, dalje od izvora sun\u010deve svjetlosti.<\/p>","protected":false},"excerpt":{"rendered":"<p><strong>\u010cokoladna krogla Mareli\u010dna<\/strong><\/p>\n<p>To je \u0161uplja, vrlo lagana \u010dokoladna kugla <strong>biser boje marelice.<\/strong> Izra\u0111ena je od izvrsne bijele \u010dokolade i zbog svoje lako\u0107e pogodna je za ukra\u0161avanje i najfinijih slastica.<\/p>\n<p>&nbsp;<\/p>","protected":false},"featured_media":12127,"comment_status":"open","ping_status":"closed","template":"","meta":{"om_disable_all_campaigns":false,"inline_featured_image":false,"_monsterinsights_skip_tracking":false,"_monsterinsights_sitenote_active":false,"_monsterinsights_sitenote_note":"","_monsterinsights_sitenote_category":0},"product_brand":[],"product_cat":[117,118],"product_tag":[152],"class_list":{"0":"post-12155","1":"product","2":"type-product","3":"status-publish","4":"has-post-thumbnail","6":"product_cat-dekoracija-sladic","7":"product_cat-cokoladne-krogle","8":"product_tag-novosti","9":"pa_kolicina-12-kos","11":"first","12":"instock","13":"taxable","14":"shipping-taxable","15":"purchasable","16":"product-type-variable","17":"has-default-attributes"},"aioseo_notices":[],"_links":{"self":[{"href":"https:\/\/www.lumist.si\/hr\/wp-json\/wp\/v2\/product\/12155","targetHints":{"allow":["GET"]}}],"collection":[{"href":"https:\/\/www.lumist.si\/hr\/wp-json\/wp\/v2\/product"}],"about":[{"href":"https:\/\/www.lumist.si\/hr\/wp-json\/wp\/v2\/types\/product"}],"replies":[{"embeddable":true,"href":"https:\/\/www.lumist.si\/hr\/wp-json\/wp\/v2\/comments?post=12155"}],"wp:featuredmedia":[{"embeddable":true,"href":"https:\/\/www.lumist.si\/hr\/wp-json\/wp\/v2\/media\/12127"}],"wp:attachment":[{"href":"https:\/\/www.lumist.si\/hr\/wp-json\/wp\/v2\/media?parent=12155"}],"wp:term":[{"taxonomy":"product_brand","embeddable":true,"href":"https:\/\/www.lumist.si\/hr\/wp-json\/wp\/v2\/product_brand?post=12155"},{"taxonomy":"product_cat","embeddable":true,"href":"https:\/\/www.lumist.si\/hr\/wp-json\/wp\/v2\/product_cat?post=12155"},{"taxonomy":"product_tag","embeddable":true,"href":"https:\/\/www.lumist.si\/hr\/wp-json\/wp\/v2\/product_tag?post=12155"}],"curies":[{"name":"wp","href":"https:\/\/api.w.org\/{rel}","templated":true}]}}