{"id":12401,"date":"2024-05-29T11:06:16","date_gmt":"2024-05-29T09:06:16","guid":{"rendered":"https:\/\/www.lumist.si\/?post_type=product&#038;p=12401"},"modified":"2026-02-13T11:25:08","modified_gmt":"2026-02-13T10:25:08","slug":"rozice-tulipan-wafer-12kos","status":"publish","type":"product","link":"https:\/\/www.lumist.si\/hr\/proizvod\/rozice-tulipan-wafer-12kos\/","title":{"rendered":"Cvjetovi tulipana, oblatna 12 kom"},"content":{"rendered":"","protected":false},"excerpt":{"rendered":"<p>Prekrasni oblatni tulipani za sve deserte. Stavite cvije\u0107e na povr\u0161inu koju \u017eelite ukrasiti. Pogodno za u\u017eivanje.<\/p>\n<p><strong>Koli\u010dina:<\/strong> 12 kom<br \/>\n<strong>Format:<\/strong> cvije\u0107e<br \/>\n<strong>Veli\u010dina:<\/strong> 3 cm<br \/>\n<strong>Vrsta ukrasa<\/strong>: za univerzalnu upotrebu, vjen\u010danja, kr\u0161tenja, ro\u0111endane.<\/p>\n<p>Prikladno za vegetarijance, bez E171, bez glutena, bez laktoze, bez mlije\u010dnih proteina.<\/p>\n<p>\u010cuvati na tamnom i suhom mjestu do maksimalno 22\u00b0C.<\/p>","protected":false},"featured_media":12402,"comment_status":"open","ping_status":"closed","template":"","meta":{"om_disable_all_campaigns":false,"inline_featured_image":false,"_monsterinsights_skip_tracking":false,"_monsterinsights_sitenote_active":false,"_monsterinsights_sitenote_note":"","_monsterinsights_sitenote_category":0},"product_brand":[],"product_cat":[117,100,365],"product_tag":[152],"class_list":{"0":"post-12401","1":"product","2":"type-product","3":"status-publish","4":"has-post-thumbnail","6":"product_cat-dekoracija-sladic","7":"product_cat-listici-roze-metulji","8":"product_cat-v-akciji","9":"product_tag-novosti","10":"pa_kolicina-12-kos","11":"pa_znamka-fun-cakes","13":"first","14":"instock","15":"sale","16":"taxable","17":"shipping-taxable","18":"purchasable","19":"product-type-variable","20":"has-default-attributes"},"aioseo_notices":[],"_links":{"self":[{"href":"https:\/\/www.lumist.si\/hr\/wp-json\/wp\/v2\/product\/12401","targetHints":{"allow":["GET"]}}],"collection":[{"href":"https:\/\/www.lumist.si\/hr\/wp-json\/wp\/v2\/product"}],"about":[{"href":"https:\/\/www.lumist.si\/hr\/wp-json\/wp\/v2\/types\/product"}],"replies":[{"embeddable":true,"href":"https:\/\/www.lumist.si\/hr\/wp-json\/wp\/v2\/comments?post=12401"}],"wp:featuredmedia":[{"embeddable":true,"href":"https:\/\/www.lumist.si\/hr\/wp-json\/wp\/v2\/media\/12402"}],"wp:attachment":[{"href":"https:\/\/www.lumist.si\/hr\/wp-json\/wp\/v2\/media?parent=12401"}],"wp:term":[{"taxonomy":"product_brand","embeddable":true,"href":"https:\/\/www.lumist.si\/hr\/wp-json\/wp\/v2\/product_brand?post=12401"},{"taxonomy":"product_cat","embeddable":true,"href":"https:\/\/www.lumist.si\/hr\/wp-json\/wp\/v2\/product_cat?post=12401"},{"taxonomy":"product_tag","embeddable":true,"href":"https:\/\/www.lumist.si\/hr\/wp-json\/wp\/v2\/product_tag?post=12401"}],"curies":[{"name":"wp","href":"https:\/\/api.w.org\/{rel}","templated":true}]}}