{"id":12414,"date":"2024-05-29T11:34:03","date_gmt":"2024-05-29T09:34:03","guid":{"rendered":"https:\/\/www.lumist.si\/?post_type=product&#038;p=12414"},"modified":"2026-04-10T16:58:08","modified_gmt":"2026-04-10T14:58:08","slug":"cokoladne-krogle-oh-baby","status":"publish","type":"product","link":"https:\/\/www.lumist.si\/hr\/proizvod\/cokoladne-krogle-oh-baby\/","title":{"rendered":"\u010cokoladne krogle, Oh baby! 130 g"},"content":{"rendered":"<p><strong>\u010cokoladne kuglice, du\u0161o!<\/strong><\/p>\n<p><strong>Zabavni kola\u010di<\/strong> \u010dokoladne hrskave kuglice spadaju u premium liniju posipa koje \u0107ete prepoznati po posebnoj posudici s ljubi\u010dastim poklopcem. Ove velike \u010dokoladne kuglice (\u00f815 mm) imaju ukusnu hrskavu jezgru i prekrivene su kvalitetnom \u010dokoladom. Koristite ih za ukra\u0161avanje svih vrsta slastica.<\/p>\n<p>\u010cuvati na tamnom i suhom mjestu do maksimalno 22\u00b0C.<br \/>\nNeto te\u017eina: 130 g.<\/p>","protected":false},"excerpt":{"rendered":"<p><strong>\u010cokoladne kuglice, du\u0161o!<\/strong><\/p>\n<p><strong>Zabavni kola\u010di<\/strong> \u010dokoladne hrskave kuglice spadaju u premium liniju posipa koje \u0107ete prepoznati po posebnoj posudici s ljubi\u010dastim poklopcem. Ove velike \u010dokoladne kuglice (\u00f815 mm) imaju ukusnu hrskavu jezgru i prekrivene su kvalitetnom \u010dokoladom. Koristite ih za ukra\u0161avanje svih vrsta slastica.<\/p>\n<p>&nbsp;<\/p>","protected":false},"featured_media":12415,"comment_status":"open","ping_status":"closed","template":"","meta":{"om_disable_all_campaigns":false,"inline_featured_image":false,"_monsterinsights_skip_tracking":false,"_monsterinsights_sitenote_active":false,"_monsterinsights_sitenote_note":"","_monsterinsights_sitenote_category":0},"product_brand":[],"product_cat":[117,118,99],"product_tag":[152],"class_list":{"0":"post-12414","1":"product","2":"type-product","3":"status-publish","4":"has-post-thumbnail","6":"product_cat-dekoracija-sladic","7":"product_cat-cokoladne-krogle","8":"product_cat-sladkorne-in-cokoladne-perlice","9":"product_tag-novosti","10":"pa_kolicina-1-kos","11":"pa_znamka-fun-cakes","13":"first","14":"instock","15":"taxable","16":"shipping-taxable","17":"purchasable","18":"product-type-simple"},"aioseo_notices":[],"_links":{"self":[{"href":"https:\/\/www.lumist.si\/hr\/wp-json\/wp\/v2\/product\/12414","targetHints":{"allow":["GET"]}}],"collection":[{"href":"https:\/\/www.lumist.si\/hr\/wp-json\/wp\/v2\/product"}],"about":[{"href":"https:\/\/www.lumist.si\/hr\/wp-json\/wp\/v2\/types\/product"}],"replies":[{"embeddable":true,"href":"https:\/\/www.lumist.si\/hr\/wp-json\/wp\/v2\/comments?post=12414"}],"wp:featuredmedia":[{"embeddable":true,"href":"https:\/\/www.lumist.si\/hr\/wp-json\/wp\/v2\/media\/12415"}],"wp:attachment":[{"href":"https:\/\/www.lumist.si\/hr\/wp-json\/wp\/v2\/media?parent=12414"}],"wp:term":[{"taxonomy":"product_brand","embeddable":true,"href":"https:\/\/www.lumist.si\/hr\/wp-json\/wp\/v2\/product_brand?post=12414"},{"taxonomy":"product_cat","embeddable":true,"href":"https:\/\/www.lumist.si\/hr\/wp-json\/wp\/v2\/product_cat?post=12414"},{"taxonomy":"product_tag","embeddable":true,"href":"https:\/\/www.lumist.si\/hr\/wp-json\/wp\/v2\/product_tag?post=12414"}],"curies":[{"name":"wp","href":"https:\/\/api.w.org\/{rel}","templated":true}]}}