{"id":1242,"date":"2020-09-28T19:33:42","date_gmt":"2020-09-28T17:33:42","guid":{"rendered":"http:\/\/www.lumist.si\/?post_type=product&#038;p=1242"},"modified":"2025-10-12T17:57:52","modified_gmt":"2025-10-12T15:57:52","slug":"kodri-limona-kopija","status":"publish","type":"product","link":"https:\/\/www.lumist.si\/hr\/proizvod\/kodri-limona-kopija\/","title":{"rendered":"Limun kovr\u010de"},"content":{"rendered":"<p><strong>Kodri limona, bela \u010dokolada z aromo limone<\/strong><\/p>\n<p>Izdelani iz najkakovostnej\u0161e bele \u010dokolade 29% z aromo limone, v intenzivni rumeni barvi. Odli\u010dno kot okras za torte, pi\u0161kote, sladoled in sladiceOkrasni \u010dokoladni posip v obliki majhnih kodrov, velikosti\u00a0 9 x 5 mm.<br \/>\nKodri imajo fino, lahko strukturo, kot nala\u0161\u010d za okrasitev tort, pi\u0161kotov, tort, sladoleda in sladic. Dobro se obnesejo z okrasitvijo izdelkov z maso.<\/p>\n<p>\u010cuvanje: Kovr\u010de su vrlo osjetljive na visoke temperature (lako se tope) pa ih \u010duvajte na suhom i hladnom mjestu, dobro zatvorene i za\u0161ti\u0107ene od sun\u010deve svjetlosti.<\/p>\n<p>Vrsta: \u010dokoladni ukrasi<br \/>\nOkus: bela \u010dokolada z aromo limone<br \/>\nDimenzije: 9 x 5 mm<br \/>\nUporaba: univerzalna<\/p>\n<p>Tip: \u010cokoladni ukrasi<br \/>\nVeli\u010dina: 9 x 5 mm<br \/>\nOkus: bela \u010dokolada z aromo limone<br \/>\nPrimjena: univerzalna<\/p>","protected":false},"excerpt":{"rendered":"<p><strong>Kodri limona, bela \u010dokolada z aromo limone<\/strong><\/p>\n<p>Izdelani iz najkakovostnej\u0161e bele \u010dokolade 29% z aromo limone, v intenzivni rumeni barvi. Odli\u010dno kot okras za torte, pi\u0161kote, sladoled in sladiceOkrasni \u010dokoladni posip v obliki majhnih kodrov, velikosti\u00a0 9 x 5 mm.<br \/>\nKodri imajo fino, lahko strukturo, kot nala\u0161\u010d za okrasitev tort, pi\u0161kotov, tort, sladoleda in sladic. Dobro se obnesejo z okrasitvijo izdelkov z maso.<\/p>\n<p>&nbsp;<\/p>","protected":false},"featured_media":1511,"comment_status":"open","ping_status":"closed","template":"","meta":{"om_disable_all_campaigns":false,"inline_featured_image":false,"_monsterinsights_skip_tracking":false,"_monsterinsights_sitenote_active":false,"_monsterinsights_sitenote_note":"","_monsterinsights_sitenote_category":0},"product_brand":[],"product_cat":[117,93],"product_tag":[],"class_list":{"0":"post-1242","1":"product","2":"type-product","3":"status-publish","4":"has-post-thumbnail","6":"product_cat-dekoracija-sladic","7":"product_cat-cokoladni-kodri","8":"pa_okus-limona","9":"pa_teza-100-g","10":"pa_teza-500-g","11":"pa_znamka-barbara-luijckx","13":"first","14":"instock","15":"taxable","16":"shipping-taxable","17":"purchasable","18":"product-type-variable","19":"has-default-attributes"},"aioseo_notices":[],"_links":{"self":[{"href":"https:\/\/www.lumist.si\/hr\/wp-json\/wp\/v2\/product\/1242","targetHints":{"allow":["GET"]}}],"collection":[{"href":"https:\/\/www.lumist.si\/hr\/wp-json\/wp\/v2\/product"}],"about":[{"href":"https:\/\/www.lumist.si\/hr\/wp-json\/wp\/v2\/types\/product"}],"replies":[{"embeddable":true,"href":"https:\/\/www.lumist.si\/hr\/wp-json\/wp\/v2\/comments?post=1242"}],"wp:featuredmedia":[{"embeddable":true,"href":"https:\/\/www.lumist.si\/hr\/wp-json\/wp\/v2\/media\/1511"}],"wp:attachment":[{"href":"https:\/\/www.lumist.si\/hr\/wp-json\/wp\/v2\/media?parent=1242"}],"wp:term":[{"taxonomy":"product_brand","embeddable":true,"href":"https:\/\/www.lumist.si\/hr\/wp-json\/wp\/v2\/product_brand?post=1242"},{"taxonomy":"product_cat","embeddable":true,"href":"https:\/\/www.lumist.si\/hr\/wp-json\/wp\/v2\/product_cat?post=1242"},{"taxonomy":"product_tag","embeddable":true,"href":"https:\/\/www.lumist.si\/hr\/wp-json\/wp\/v2\/product_tag?post=1242"}],"curies":[{"name":"wp","href":"https:\/\/api.w.org\/{rel}","templated":true}]}}