{"id":12427,"date":"2024-05-29T12:58:51","date_gmt":"2024-05-29T10:58:51","guid":{"rendered":"https:\/\/www.lumist.si\/?post_type=product&#038;p=12427"},"modified":"2026-03-12T22:01:38","modified_gmt":"2026-03-12T21:01:38","slug":"cokoladne-perlice-srebrne-60-g","status":"publish","type":"product","link":"https:\/\/www.lumist.si\/hr\/proizvod\/cokoladne-perlice-srebrne-60-g\/","title":{"rendered":"\u010cokoladne perlice srebrne 60 g"},"content":{"rendered":"<p><strong>\u010cokoladne perlice srebrne<\/strong><\/p>\n<p>Ukusna hrskava sredina prelivena \u010dokoladom. U obliku malih kuglica, promjera 4-5 mm, pogodne su za ukra\u0161avanje slastica i kao posip za kreme, pjene, pjene, sladolede.<\/p>\n<p><strong>Tip:<\/strong> \u010cokoladne prhke kuglice<br \/>\n<strong>Boja:<\/strong> Metalno srebrna<br \/>\n<strong>Veli\u010dina:<\/strong> 4-5 mm<br \/>\n<strong>Ukus:<\/strong> \u010dokolada<br \/>\n<strong>Format:<\/strong> lopta<\/p>\n<p><strong>Skladi\u0161tenje<\/strong>: na suhom i hladnom mjestu (temperatura 5-20 \u00b0C, relativna vla\u017enost zraka ispod 75%) u dobro zatvorenoj ambala\u017ei; za\u0161tititi od sun\u010deve svjetlosti i stranih mirisa.<\/p>","protected":false},"excerpt":{"rendered":"<p><strong>\u010cokoladne perlice srebrne<\/strong><\/p>\n<p>Ukusna hrskava sredina prelivena \u010dokoladom. U obliku malih kuglica, promjera 4-5 mm, pogodne su za ukra\u0161avanje slastica i kao posip za kreme, pjene, pjene, sladolede.<\/p>\n<p>.<\/p>","protected":false},"featured_media":12428,"comment_status":"open","ping_status":"closed","template":"","meta":{"om_disable_all_campaigns":false,"inline_featured_image":false,"_monsterinsights_skip_tracking":false,"_monsterinsights_sitenote_active":false,"_monsterinsights_sitenote_note":"","_monsterinsights_sitenote_category":0},"product_brand":[],"product_cat":[117,118,99],"product_tag":[152],"class_list":{"0":"post-12427","1":"product","2":"type-product","3":"status-publish","4":"has-post-thumbnail","6":"product_cat-dekoracija-sladic","7":"product_cat-cokoladne-krogle","8":"product_cat-sladkorne-in-cokoladne-perlice","9":"product_tag-novosti","10":"pa_teza-60-g","12":"first","13":"outofstock","14":"taxable","15":"shipping-taxable","16":"purchasable","17":"product-type-simple"},"aioseo_notices":[],"_links":{"self":[{"href":"https:\/\/www.lumist.si\/hr\/wp-json\/wp\/v2\/product\/12427","targetHints":{"allow":["GET"]}}],"collection":[{"href":"https:\/\/www.lumist.si\/hr\/wp-json\/wp\/v2\/product"}],"about":[{"href":"https:\/\/www.lumist.si\/hr\/wp-json\/wp\/v2\/types\/product"}],"replies":[{"embeddable":true,"href":"https:\/\/www.lumist.si\/hr\/wp-json\/wp\/v2\/comments?post=12427"}],"wp:featuredmedia":[{"embeddable":true,"href":"https:\/\/www.lumist.si\/hr\/wp-json\/wp\/v2\/media\/12428"}],"wp:attachment":[{"href":"https:\/\/www.lumist.si\/hr\/wp-json\/wp\/v2\/media?parent=12427"}],"wp:term":[{"taxonomy":"product_brand","embeddable":true,"href":"https:\/\/www.lumist.si\/hr\/wp-json\/wp\/v2\/product_brand?post=12427"},{"taxonomy":"product_cat","embeddable":true,"href":"https:\/\/www.lumist.si\/hr\/wp-json\/wp\/v2\/product_cat?post=12427"},{"taxonomy":"product_tag","embeddable":true,"href":"https:\/\/www.lumist.si\/hr\/wp-json\/wp\/v2\/product_tag?post=12427"}],"curies":[{"name":"wp","href":"https:\/\/api.w.org\/{rel}","templated":true}]}}