{"id":13193,"date":"2024-08-20T21:28:46","date_gmt":"2024-08-20T19:28:46","guid":{"rendered":"https:\/\/www.lumist.si\/?post_type=product&#038;p=13193"},"modified":"2026-01-10T08:21:00","modified_gmt":"2026-01-10T07:21:00","slug":"carobna-krema-limonino-rumena","status":"publish","type":"product","link":"https:\/\/www.lumist.si\/hr\/proizvod\/carobna-krema-limonino-rumena\/","title":{"rendered":"Me\u0161anica, \u010carobna krema, Rumena"},"content":{"rendered":"","protected":false},"excerpt":{"rendered":"<p><strong>\u010carobna krema, Limonino rumena<\/strong><\/p>\n<p>\u010carobna glazura v limonino rumeni barvi je primerna za okrasitev tort, pi\u0161kotov ali kola\u010dkov. Ta \u010darobna glazura je zasnovana tako za ljubiteljske kot profesionalne peke, saj zagotavlja gladek in ble\u0161\u010de\u010d videz vseh sladkih kreacij. Visokokakovostne sestavine zagotavljajo profesionalno glazuro.<\/p>\n<p><strong>Enostavna uporaba:<\/strong> Zme\u0161ajte prah z nekaj kapljicami vode za popolno konsistenco.<br \/>\n<strong>Vsestranska uporaba<\/strong>: Idealna za razli\u010dne tehnike dekoracije<\/p>\n<p>Neto sadr\u017eaj: 200 g.<\/p>\n<p>\u010cuvati na hladnom i suhom mjestu.<\/p>\n<p>&nbsp;<\/p>\n<p>&nbsp;<\/p>","protected":false},"featured_media":13194,"comment_status":"open","ping_status":"closed","template":"","meta":{"om_disable_all_campaigns":false,"inline_featured_image":false,"_monsterinsights_skip_tracking":false,"_monsterinsights_sitenote_active":false,"_monsterinsights_sitenote_note":"","_monsterinsights_sitenote_category":0},"product_brand":[],"product_cat":[121,164,365],"product_tag":[],"class_list":{"0":"post-13193","1":"product","2":"type-product","3":"status-publish","4":"has-post-thumbnail","6":"product_cat-kreme-polnila","7":"product_cat-mesanice-za-kreme","8":"product_cat-v-akciji","10":"first","11":"instock","12":"sale","13":"taxable","14":"shipping-taxable","15":"purchasable","16":"product-type-simple"},"aioseo_notices":[],"_links":{"self":[{"href":"https:\/\/www.lumist.si\/hr\/wp-json\/wp\/v2\/product\/13193","targetHints":{"allow":["GET"]}}],"collection":[{"href":"https:\/\/www.lumist.si\/hr\/wp-json\/wp\/v2\/product"}],"about":[{"href":"https:\/\/www.lumist.si\/hr\/wp-json\/wp\/v2\/types\/product"}],"replies":[{"embeddable":true,"href":"https:\/\/www.lumist.si\/hr\/wp-json\/wp\/v2\/comments?post=13193"}],"wp:featuredmedia":[{"embeddable":true,"href":"https:\/\/www.lumist.si\/hr\/wp-json\/wp\/v2\/media\/13194"}],"wp:attachment":[{"href":"https:\/\/www.lumist.si\/hr\/wp-json\/wp\/v2\/media?parent=13193"}],"wp:term":[{"taxonomy":"product_brand","embeddable":true,"href":"https:\/\/www.lumist.si\/hr\/wp-json\/wp\/v2\/product_brand?post=13193"},{"taxonomy":"product_cat","embeddable":true,"href":"https:\/\/www.lumist.si\/hr\/wp-json\/wp\/v2\/product_cat?post=13193"},{"taxonomy":"product_tag","embeddable":true,"href":"https:\/\/www.lumist.si\/hr\/wp-json\/wp\/v2\/product_tag?post=13193"}],"curies":[{"name":"wp","href":"https:\/\/api.w.org\/{rel}","templated":true}]}}