{"id":13349,"date":"2024-09-04T10:06:35","date_gmt":"2024-09-04T08:06:35","guid":{"rendered":"https:\/\/www.lumist.si\/?post_type=product&#038;p=13349"},"modified":"2026-03-12T21:47:47","modified_gmt":"2026-03-12T20:47:47","slug":"preliv-choco-drip-125-g-tiffany","status":"publish","type":"product","link":"https:\/\/www.lumist.si\/hr\/proizvod\/preliv-choco-drip-125-g-tiffany\/","title":{"rendered":"Preliv Choco Drip 125 g &#8211; Tiffany"},"content":{"rendered":"<p>Preliv Choco Drip 125 g &#8211; Tiffany<\/p>\n<p>Bilo da se radi o ukra\u0161avanju ili prelijevanju, rukovanje teku\u0107om \u010dokoladom nikada nije bilo lak\u0161e i zabavnije! <strong>Color Mill Choco Drip<\/strong> v odtenku Tiffany (turkizna barva) ne obljublja samo \u010dudovitega videza, ampak tudi slasten okus.<\/p>\n<p>Ova \u010dokolada u boci koja se lako topi idealna je za izradu ukusnih preljeva i drugih ukrasa za va\u0161e slastice.<br \/>\nChoco Drip dizajniran je za pojednostavljenje ukra\u0161avanja kola\u010da s dripom. Tako\u0111er je odli\u010dan za izradu \u010dokoladnih modela, umakanje i preljev \u010dokoladnih sladoleda, vo\u0107a, sladoleda, kola\u010di\u0107a, makarona i drugih slatkih poslastica.<\/p>\n<p><strong>Upute za upotrebu:<\/strong><\/p>\n<p>&#8211; <strong>Mikrovalna metoda<\/strong>: Skinite poklopac i brtvu. Zagrijte u mikrovalnoj pe\u0107nici 20 sekundi i zatim stisnite bo\u010dicu da sadr\u017eaj omek\u0161a. Zagrijte jo\u0161 20 sekundi i protresite. Zagrijte u intervalima od 10 sekundi dok se sadr\u017eaj potpuno ne otopi. Oprez: Pretjerano zagrijavanje mo\u017ee izazvati opekline.<\/p>\n<p>&#8211; <strong>Metoda kipu\u0107e vode<\/strong>: Stekleni\u010dko postavite v vr\u010d z vrelo vodo za 10 minut. Vmes jo pretresajte, dokler se \u010dokolada popolnoma ne stopi.<br \/>\n<strong>Pozor:<\/strong> Izogibajte se stiku z vrelo vodo. Pazite, da voda ne pride v stekleni\u010dko.<\/p>\n<p>\u2013 \u010cokoladu mo\u017eete podgrijavati dok ne potro\u0161ite sav njezin sadr\u017eaj.<\/p>\n<p>\u010cuvati na hladnom i suhom mjestu, daleko od direktne sun\u010deve svjetlosti. \u010cokoladni preljev stabilan je do 2 godine.<\/p>","protected":false},"excerpt":{"rendered":"<p><strong>Preliv Choco Drip 125 g &#8211; Tiffany<\/strong><\/p>\n<p>Bilo da se radi o ukra\u0161avanju ili prelijevanju, rukovanje teku\u0107om \u010dokoladom nikada nije bilo lak\u0161e i zabavnije! <strong>Color Mill Choco Drip<\/strong> v odtenku Tiffany (turkizna barva) ne obljublja samo \u010dudovitega videza, ampak tudi slasten okus.<\/p>\n<p>Ova \u010dokolada u boci koja se lako topi idealna je za izradu ukusnih preljeva i drugih ukrasa za va\u0161e slastice.<br \/>\nChoco Drip dizajniran je za pojednostavljenje ukra\u0161avanja kola\u010da s dripom. Tako\u0111er je odli\u010dan za izradu \u010dokoladnih modela, umakanje i preljev \u010dokoladnih sladoleda, vo\u0107a, sladoleda, kola\u010di\u0107a, makarona i drugih slatkih poslastica.<\/p>\n<p>&nbsp;<\/p>","protected":false},"featured_media":13352,"comment_status":"open","ping_status":"closed","template":"","meta":{"om_disable_all_campaigns":false,"inline_featured_image":false,"_monsterinsights_skip_tracking":false,"_monsterinsights_sitenote_active":false,"_monsterinsights_sitenote_note":"","_monsterinsights_sitenote_category":0},"product_brand":[],"product_cat":[122,377],"product_tag":[152],"class_list":{"0":"post-13349","1":"product","2":"type-product","3":"status-publish","4":"has-post-thumbnail","6":"product_cat-prelivi-in-glazure","7":"product_cat-coko-drip-preliv","8":"product_tag-novosti","9":"pa_znamka-colour-mill","11":"first","12":"instock","13":"taxable","14":"shipping-taxable","15":"purchasable","16":"product-type-simple"},"aioseo_notices":[],"_links":{"self":[{"href":"https:\/\/www.lumist.si\/hr\/wp-json\/wp\/v2\/product\/13349","targetHints":{"allow":["GET"]}}],"collection":[{"href":"https:\/\/www.lumist.si\/hr\/wp-json\/wp\/v2\/product"}],"about":[{"href":"https:\/\/www.lumist.si\/hr\/wp-json\/wp\/v2\/types\/product"}],"replies":[{"embeddable":true,"href":"https:\/\/www.lumist.si\/hr\/wp-json\/wp\/v2\/comments?post=13349"}],"wp:featuredmedia":[{"embeddable":true,"href":"https:\/\/www.lumist.si\/hr\/wp-json\/wp\/v2\/media\/13352"}],"wp:attachment":[{"href":"https:\/\/www.lumist.si\/hr\/wp-json\/wp\/v2\/media?parent=13349"}],"wp:term":[{"taxonomy":"product_brand","embeddable":true,"href":"https:\/\/www.lumist.si\/hr\/wp-json\/wp\/v2\/product_brand?post=13349"},{"taxonomy":"product_cat","embeddable":true,"href":"https:\/\/www.lumist.si\/hr\/wp-json\/wp\/v2\/product_cat?post=13349"},{"taxonomy":"product_tag","embeddable":true,"href":"https:\/\/www.lumist.si\/hr\/wp-json\/wp\/v2\/product_tag?post=13349"}],"curies":[{"name":"wp","href":"https:\/\/api.w.org\/{rel}","templated":true}]}}