{"id":13417,"date":"2024-09-13T11:56:02","date_gmt":"2024-09-13T09:56:02","guid":{"rendered":"https:\/\/www.lumist.si\/?post_type=product&#038;p=13417"},"modified":"2025-12-16T15:53:00","modified_gmt":"2025-12-16T14:53:00","slug":"cokoladni-swirl-bela-cokolada","status":"publish","type":"product","link":"https:\/\/www.lumist.si\/hr\/proizvod\/cokoladni-swirl-bela-cokolada\/","title":{"rendered":"\u010cokoladni vrtlog, bijela \u010dokolada,"},"content":{"rendered":"<p><strong>\u010cokoladni Swirl<\/strong><\/p>\n<p>\u010cokoladni zvitki iz prave belgijske \u010dokolade, za vsestransko in univerzalno uporabo.<br \/>\nVelikosti 15 x 25 mm, iz temne \u010dokolade, z obrobo iz bele.<\/p>\n<p><strong>Koli\u010dina:<\/strong> 40 Mr<br \/>\n<strong>Dimenzija:<\/strong> 13-18 x 18-25 mm<br \/>\n<strong>Ukus:<\/strong> tamna \u010dokolada, bijela \u010dokolada<br \/>\n<strong>Format:<\/strong> svitak<br \/>\n<strong>Upotreba:<\/strong> univerzalno, ro\u0111endan, maj\u010din dan, vjen\u010danje, kr\u0161tenje<\/p>\n<p>\u010cuvajte na temperaturi od 15\u00b0C do 20\u00b0C, dalje od izvora sun\u010deve svjetlosti.<\/p>","protected":false},"excerpt":{"rendered":"<p><strong>\u010cokoladni Swirl<\/strong><\/p>\n<p>\u010cokoladni zvitki iz prave belgijske \u010dokolade, za vsestransko in univerzalno uporabo.<br \/>\nVelikosti 15 x 25 mm, iz temne \u010dokolade, z obrobo iz bele.<\/p>\n<p><strong>Koli\u010dina:<\/strong> 40 Mr<br \/>\n<strong>Dimenzija:<\/strong> 13-18 x 18-25 mm<br \/>\n<strong>Ukus:<\/strong> tamna \u010dokolada, bijela \u010dokolada<br \/>\n<strong>Format:<\/strong> svitak<br \/>\n<strong>Upotreba:<\/strong> univerzalno, ro\u0111endan, maj\u010din dan, vjen\u010danje, kr\u0161tenje<\/p>\n<p>\u010cuvajte na temperaturi od 15\u00b0C do 20\u00b0C, dalje od izvora sun\u010deve svjetlosti.<\/p>","protected":false},"featured_media":13418,"comment_status":"open","ping_status":"closed","template":"","meta":{"om_disable_all_campaigns":false,"inline_featured_image":false,"_monsterinsights_skip_tracking":false,"_monsterinsights_sitenote_active":false,"_monsterinsights_sitenote_note":"","_monsterinsights_sitenote_category":0},"product_brand":[],"product_cat":[117,27],"product_tag":[152],"class_list":{"0":"post-13417","1":"product","2":"type-product","3":"status-publish","4":"has-post-thumbnail","6":"product_cat-dekoracija-sladic","7":"product_cat-cokoladni-okraski","8":"product_tag-novosti","9":"pa_teza-40-g","10":"pa_znamka-leman","12":"first","13":"instock","14":"taxable","15":"shipping-taxable","16":"purchasable","17":"product-type-variable","18":"has-default-attributes"},"aioseo_notices":[],"_links":{"self":[{"href":"https:\/\/www.lumist.si\/hr\/wp-json\/wp\/v2\/product\/13417","targetHints":{"allow":["GET"]}}],"collection":[{"href":"https:\/\/www.lumist.si\/hr\/wp-json\/wp\/v2\/product"}],"about":[{"href":"https:\/\/www.lumist.si\/hr\/wp-json\/wp\/v2\/types\/product"}],"replies":[{"embeddable":true,"href":"https:\/\/www.lumist.si\/hr\/wp-json\/wp\/v2\/comments?post=13417"}],"wp:featuredmedia":[{"embeddable":true,"href":"https:\/\/www.lumist.si\/hr\/wp-json\/wp\/v2\/media\/13418"}],"wp:attachment":[{"href":"https:\/\/www.lumist.si\/hr\/wp-json\/wp\/v2\/media?parent=13417"}],"wp:term":[{"taxonomy":"product_brand","embeddable":true,"href":"https:\/\/www.lumist.si\/hr\/wp-json\/wp\/v2\/product_brand?post=13417"},{"taxonomy":"product_cat","embeddable":true,"href":"https:\/\/www.lumist.si\/hr\/wp-json\/wp\/v2\/product_cat?post=13417"},{"taxonomy":"product_tag","embeddable":true,"href":"https:\/\/www.lumist.si\/hr\/wp-json\/wp\/v2\/product_tag?post=13417"}],"curies":[{"name":"wp","href":"https:\/\/api.w.org\/{rel}","templated":true}]}}