{"id":13512,"date":"2024-09-27T20:19:51","date_gmt":"2024-09-27T18:19:51","guid":{"rendered":"https:\/\/www.lumist.si\/?post_type=product&#038;p=13512"},"modified":"2025-09-28T21:42:57","modified_gmt":"2025-09-28T19:42:57","slug":"jedilne-barve-sugarflair-rose-pink-25g","status":"publish","type":"product","link":"https:\/\/www.lumist.si\/hr\/proizvod\/jedilne-barve-sugarflair-rose-pink-25g\/","title":{"rendered":"Jedilne barve Sugarflair, Rose pink 25g"},"content":{"rendered":"<p><strong>Jedilne barve Sugarflair, Rose pink<\/strong><\/p>\n<p>Sugarflair gel boje su vrlo jake boje napravljene u obliku gela. Pa\u017eljivo i postupno dodajte boju vrhom \u0161tapi\u0107a ili \u010da\u010dkalice, prema \u017eeljenoj nijansi. Mo\u017eete posti\u0107i najnje\u017enije pastelne boje, dok dodavanje vi\u0161e paste daje jarke boje bez promjene konzistencije proizvoda.<\/p>\n<p><strong>Upute:<\/strong> bojajte u malim koli\u010dinama nano\u0161enjem paste vrhom \u0161tapi\u0107a ili \u010da\u010dkalice, zatim dobro gnje\u010dite ili promije\u0161ajte dok ne dobijete \u017eeljenu boju. Dodajte vi\u0161e boje za bogatiju nijansu. <strong>Spectral Sugarflair \u201cRose Pink\u201d<\/strong> pogodan je za bojanje marcipana, fondanta i glazura te svih namirnica na bazi vode.<\/p>\n<p>Boja: Ru\u017ei\u010dasto roza<br \/>\nSadr\u017eaj: 25 g<\/p>\n<p>Prikladno za svu hranu na bazi vode.<\/p>\n<p>\u010cuvati na suhom i tamnom mjestu, daleko od izvora sun\u010deve svjetlosti.<\/p>","protected":false},"excerpt":{"rendered":"<p><strong>Jedilne barve Sugarflair, Rose pink<\/strong><\/p>\n<p>Sugarflair gel boje su vrlo jake boje napravljene u obliku gela. Pa\u017eljivo i postupno dodajte boju vrhom \u0161tapi\u0107a ili \u010da\u010dkalice, prema \u017eeljenoj nijansi. Mo\u017eete posti\u0107i najnje\u017enije pastelne boje, dok dodavanje vi\u0161e paste daje jarke boje bez promjene konzistencije proizvoda.<\/p>\n<p>&nbsp;<\/p>","protected":false},"featured_media":13546,"comment_status":"open","ping_status":"closed","template":"","meta":{"om_disable_all_campaigns":false,"inline_featured_image":false,"_monsterinsights_skip_tracking":false,"_monsterinsights_sitenote_active":false,"_monsterinsights_sitenote_note":"","_monsterinsights_sitenote_category":0},"product_brand":[],"product_cat":[124,257],"product_tag":[152],"class_list":{"0":"post-13512","1":"product","2":"type-product","3":"status-publish","4":"has-post-thumbnail","6":"product_cat-jedilne-barve-in-blescice","7":"product_cat-jedilne-barve","8":"product_tag-novosti","9":"pa_znamka-sugarflair","11":"first","12":"instock","13":"taxable","14":"shipping-taxable","15":"purchasable","16":"product-type-simple"},"aioseo_notices":[],"_links":{"self":[{"href":"https:\/\/www.lumist.si\/hr\/wp-json\/wp\/v2\/product\/13512","targetHints":{"allow":["GET"]}}],"collection":[{"href":"https:\/\/www.lumist.si\/hr\/wp-json\/wp\/v2\/product"}],"about":[{"href":"https:\/\/www.lumist.si\/hr\/wp-json\/wp\/v2\/types\/product"}],"replies":[{"embeddable":true,"href":"https:\/\/www.lumist.si\/hr\/wp-json\/wp\/v2\/comments?post=13512"}],"wp:featuredmedia":[{"embeddable":true,"href":"https:\/\/www.lumist.si\/hr\/wp-json\/wp\/v2\/media\/13546"}],"wp:attachment":[{"href":"https:\/\/www.lumist.si\/hr\/wp-json\/wp\/v2\/media?parent=13512"}],"wp:term":[{"taxonomy":"product_brand","embeddable":true,"href":"https:\/\/www.lumist.si\/hr\/wp-json\/wp\/v2\/product_brand?post=13512"},{"taxonomy":"product_cat","embeddable":true,"href":"https:\/\/www.lumist.si\/hr\/wp-json\/wp\/v2\/product_cat?post=13512"},{"taxonomy":"product_tag","embeddable":true,"href":"https:\/\/www.lumist.si\/hr\/wp-json\/wp\/v2\/product_tag?post=13512"}],"curies":[{"name":"wp","href":"https:\/\/api.w.org\/{rel}","templated":true}]}}