{"id":14103,"date":"2024-10-30T16:42:47","date_gmt":"2024-10-30T15:42:47","guid":{"rendered":"https:\/\/www.lumist.si\/?post_type=product&#038;p=14103"},"modified":"2025-11-13T17:22:04","modified_gmt":"2025-11-13T16:22:04","slug":"cokoladni-domino-klasik-20kos","status":"publish","type":"product","link":"https:\/\/www.lumist.si\/hr\/proizvod\/cokoladni-domino-klasik-20kos\/","title":{"rendered":"\u010cokoladni Domino klasik 20 kos"},"content":{"rendered":"<p><strong>\u010cokoladni Domino klasik 20 kos.<\/strong><\/p>\n<p>Prekrasan \u010dokoladni domino izra\u0111en od kvalitetne bijele i mlije\u010dne \u010dokolade, veli\u010dine 3 x 3 cm.<\/p>\n<p><strong>Nije prepakiran<\/strong>: 20 kom<br \/>\n<strong>Veli\u010dina<\/strong>: 3 x 3 cm<br \/>\n<strong>Ukus:<\/strong> bijela \u010dokolada<br \/>\n<strong>Kori\u0161tenje<\/strong>: univerzalno<\/p>\n<p>\u010cuvajte na temperaturi od 15\u00b0C do 20\u00b0C, dalje od izvora sun\u010deve svjetlosti.<\/p>","protected":false},"excerpt":{"rendered":"<p><strong>\u010cokoladni Domino klasik 20 kos.<\/strong><\/p>\n<p>Prekrasan \u010dokoladni domino izra\u0111en od kvalitetne bijele i mlije\u010dne \u010dokolade, veli\u010dine 3 x 3 cm.<\/p>\n<p>&nbsp;<\/p>","protected":false},"featured_media":14106,"comment_status":"open","ping_status":"closed","template":"","meta":{"om_disable_all_campaigns":false,"inline_featured_image":false,"_monsterinsights_skip_tracking":false,"_monsterinsights_sitenote_active":false,"_monsterinsights_sitenote_note":"","_monsterinsights_sitenote_category":0},"product_brand":[],"product_cat":[117,27],"product_tag":[152],"class_list":{"0":"post-14103","1":"product","2":"type-product","3":"status-publish","4":"has-post-thumbnail","6":"product_cat-dekoracija-sladic","7":"product_cat-cokoladni-okraski","8":"product_tag-novosti","9":"pa_kolicina-20-kos","11":"first","12":"outofstock","13":"taxable","14":"shipping-taxable","15":"purchasable","16":"product-type-simple"},"aioseo_notices":[],"_links":{"self":[{"href":"https:\/\/www.lumist.si\/hr\/wp-json\/wp\/v2\/product\/14103","targetHints":{"allow":["GET"]}}],"collection":[{"href":"https:\/\/www.lumist.si\/hr\/wp-json\/wp\/v2\/product"}],"about":[{"href":"https:\/\/www.lumist.si\/hr\/wp-json\/wp\/v2\/types\/product"}],"replies":[{"embeddable":true,"href":"https:\/\/www.lumist.si\/hr\/wp-json\/wp\/v2\/comments?post=14103"}],"wp:featuredmedia":[{"embeddable":true,"href":"https:\/\/www.lumist.si\/hr\/wp-json\/wp\/v2\/media\/14106"}],"wp:attachment":[{"href":"https:\/\/www.lumist.si\/hr\/wp-json\/wp\/v2\/media?parent=14103"}],"wp:term":[{"taxonomy":"product_brand","embeddable":true,"href":"https:\/\/www.lumist.si\/hr\/wp-json\/wp\/v2\/product_brand?post=14103"},{"taxonomy":"product_cat","embeddable":true,"href":"https:\/\/www.lumist.si\/hr\/wp-json\/wp\/v2\/product_cat?post=14103"},{"taxonomy":"product_tag","embeddable":true,"href":"https:\/\/www.lumist.si\/hr\/wp-json\/wp\/v2\/product_tag?post=14103"}],"curies":[{"name":"wp","href":"https:\/\/api.w.org\/{rel}","templated":true}]}}