{"id":14466,"date":"2024-12-03T09:01:13","date_gmt":"2024-12-03T08:01:13","guid":{"rendered":"https:\/\/www.lumist.si\/?post_type=product&#038;p=14466"},"modified":"2025-10-12T22:19:33","modified_gmt":"2025-10-12T20:19:33","slug":"lesnikova-cokoladna-krema-10","status":"publish","type":"product","link":"https:\/\/www.lumist.si\/hr\/proizvod\/lesnikova-cokoladna-krema-10\/","title":{"rendered":"Le\u0161nikova \u010dokoladna krema 10%"},"content":{"rendered":"<p><strong>Le\u0161nikova \u010dokoladna krema 10 %<\/strong><\/p>\n<p>\u010coko -Nougat krema vsebuje kakovostno \u010dokolado ter 10 % le\u0161nikov in je kremasta \u010dokoladno-nougatna krema, primerna za uporabo v sla\u0161\u010dicah, tortah, pecivih ali kot preliv. Znamka Lubeca, znana po svojih vrhunskih nougatnih izdelkih, ponuja to kremo z bogatim, ore\u0161\u010dkastim okusom, ki je priljubljena izbira tako za sla\u0161\u010di\u010darje kot doma\u010de ljubitelje &#8220;nutelle&#8221;.<\/p>\n<p><strong>Kori\u0161tenje<\/strong>: Sla\u0161\u010di\u010darstvo, \u010dokoladni izdelki, sladice, praline, sladoled.<\/p>\n<p><strong>Lastnosti<\/strong>: Kremasta struktura, lepo mazljivo.<\/p>\n<p><strong>Zna\u010dilnosti<\/strong>: Okus sve\u017ee pra\u017eenih le\u0161nikov, blaga mle\u010dna nota, rahla aroma kakava.<\/p>\n<p>\u010cuvati na suhom i tamnom mjestu, dalje od izvora topline.<\/p>","protected":false},"excerpt":{"rendered":"<p><strong>Le\u0161nikova \u010dokoladna krema 10 %<\/strong><\/p>\n<p>\u010coko -Nougat krema vsebuje kakovostno \u010dokolado ter 10 % le\u0161nikov in je kremasta \u010dokoladno-nougatna krema, primerna za uporabo v sla\u0161\u010dicah, tortah, pecivih ali kot preliv. Znamka Lubeca, znana po svojih vrhunskih nougatnih izdelkih, ponuja to kremo z bogatim, ore\u0161\u010dkastim okusom, ki je priljubljena izbira tako za sla\u0161\u010di\u010darje kot doma\u010de ljubitelje &#8220;nutelle&#8221;.<\/p>\n<p>&nbsp;<\/p>","protected":false},"featured_media":14467,"comment_status":"open","ping_status":"closed","template":"","meta":{"om_disable_all_campaigns":false,"inline_featured_image":false,"_monsterinsights_skip_tracking":false,"_monsterinsights_sitenote_active":false,"_monsterinsights_sitenote_note":"","_monsterinsights_sitenote_category":0},"product_brand":[],"product_cat":[121,262],"product_tag":[152],"class_list":{"0":"post-14466","1":"product","2":"type-product","3":"status-publish","4":"has-post-thumbnail","6":"product_cat-kreme-polnila","7":"product_cat-kreme-polnila-in-namazi","8":"product_tag-novosti","9":"pa_teza-1-kg","10":"pa_teza-250-g","11":"pa_znamka-lubeca","13":"first","14":"instock","15":"taxable","16":"shipping-taxable","17":"purchasable","18":"product-type-variable","19":"has-default-attributes"},"aioseo_notices":[],"_links":{"self":[{"href":"https:\/\/www.lumist.si\/hr\/wp-json\/wp\/v2\/product\/14466","targetHints":{"allow":["GET"]}}],"collection":[{"href":"https:\/\/www.lumist.si\/hr\/wp-json\/wp\/v2\/product"}],"about":[{"href":"https:\/\/www.lumist.si\/hr\/wp-json\/wp\/v2\/types\/product"}],"replies":[{"embeddable":true,"href":"https:\/\/www.lumist.si\/hr\/wp-json\/wp\/v2\/comments?post=14466"}],"wp:featuredmedia":[{"embeddable":true,"href":"https:\/\/www.lumist.si\/hr\/wp-json\/wp\/v2\/media\/14467"}],"wp:attachment":[{"href":"https:\/\/www.lumist.si\/hr\/wp-json\/wp\/v2\/media?parent=14466"}],"wp:term":[{"taxonomy":"product_brand","embeddable":true,"href":"https:\/\/www.lumist.si\/hr\/wp-json\/wp\/v2\/product_brand?post=14466"},{"taxonomy":"product_cat","embeddable":true,"href":"https:\/\/www.lumist.si\/hr\/wp-json\/wp\/v2\/product_cat?post=14466"},{"taxonomy":"product_tag","embeddable":true,"href":"https:\/\/www.lumist.si\/hr\/wp-json\/wp\/v2\/product_tag?post=14466"}],"curies":[{"name":"wp","href":"https:\/\/api.w.org\/{rel}","templated":true}]}}