{"id":14496,"date":"2024-12-04T10:39:21","date_gmt":"2024-12-04T09:39:21","guid":{"rendered":"https:\/\/www.lumist.si\/?post_type=product&#038;p=14496"},"modified":"2026-04-20T20:07:45","modified_gmt":"2026-04-20T18:07:45","slug":"lesnikova-krema-20","status":"publish","type":"product","link":"https:\/\/www.lumist.si\/hr\/proizvod\/lesnikova-krema-20\/","title":{"rendered":"Le\u0161nikova krema 20%"},"content":{"rendered":"<p><strong>Le\u0161nikova krema 20 %<\/strong><\/p>\n<p>Podignite svoje slastice na vi\u0161u razinu s novim <strong>Le\u0161nikovo kremo 20%<\/strong> priznate tvrtke <strong>Lubeca<\/strong>, poznat po svojim visokokvalitetnim sastojcima i predanosti izvrsnosti. Ova luksuzna nougat krema napravljena je od <strong>20 % sitno mljevenih lje\u0161njaka<\/strong>, \u0161to mu daje bogatu, svilenkastu teksturu koja se lako topi u ustima. Bilo da ste profesionalni slasti\u010dar ili pekar amater, Lubec&#039;s Nougat krema savr\u0161ena je za dodavanje da\u0161ka luksuza va\u0161im slasticama.<\/p>\n<p>Zbog <strong>svestran<\/strong> i <strong>jednostavan za kori\u0161tenje<\/strong> je Le\u0161nik krema 20% idealna za \u0161irok spekter aplikacij \u2013 od polnjenja pralin in tort do prelivanja sladoleda ali pala\u010dink. Njena ore\u0161\u010dkasta, rahlo sladka aroma se odli\u010dno poda k \u010dokoladi, sadju in celo slanim jedem, kar vam omogo\u010da ustvarjalnost v kuhinji.<\/p>\n<p>Napravljen od najkvalitetnijih sastojaka, ovaj nugat je kremast <strong>bez glutena<\/strong>, ne sadr\u017ei <strong>umjetni dodaci<\/strong> i predstavlja zanatsko umije\u0107e i strast po kojima je Lubeca poznat. Bilo da pripremate elegantne deserte ili jednostavno u\u017eivate u \u017elici vrhnja kao poslastici, Nougat Cream 20% donosi vam <strong>najbolje gurmansko iskustvo<\/strong> u svakom zalogaju.<\/p>\n<p><strong>Zakaj izbrati Lubeca Nougat, Le\u0161nikovo kremo 20%?<\/strong><\/p>\n<ul>\n<li>Vrhunska kvaliteta sa 20 lje\u0161njaka %<\/li>\n<li>Glatka i kremasta tekstura<\/li>\n<li>Idealan za razne upotrebe u pe\u010denju i slasticama<\/li>\n<li>Bez glutena i bez umjetnih dodataka<\/li>\n<\/ul>","protected":false},"excerpt":{"rendered":"<p><strong>Le\u0161nikova krema 20 %<\/strong><\/p>\n<p>Podignite svoje slastice na vi\u0161u razinu s novim <strong>Le\u0161nikov0 kremo 20%<\/strong> priznate tvrtke <strong>Lubeca<\/strong>, poznat po svojim visokokvalitetnim sastojcima i predanosti izvrsnosti. Ova luksuzna nougat krema napravljena je od <strong>20 % sitno mljevenih lje\u0161njaka<\/strong>, \u0161to mu daje bogatu, svilenkastu teksturu koja se lako topi u ustima. Bilo da ste profesionalni slasti\u010dar ili pekar amater, Lubec&#039;s Nougat krema savr\u0161ena je za dodavanje da\u0161ka luksuza va\u0161im slasticama.<\/p>\n<p>&nbsp;<\/p>\n<p>&nbsp;<\/p>\n<p>&nbsp;<\/p>","protected":false},"featured_media":14502,"comment_status":"open","ping_status":"closed","template":"","meta":{"om_disable_all_campaigns":false,"inline_featured_image":false,"_monsterinsights_skip_tracking":false,"_monsterinsights_sitenote_active":false,"_monsterinsights_sitenote_note":"","_monsterinsights_sitenote_category":0},"product_brand":[],"product_cat":[121,262],"product_tag":[152],"class_list":{"0":"post-14496","1":"product","2":"type-product","3":"status-publish","4":"has-post-thumbnail","6":"product_cat-kreme-polnila","7":"product_cat-kreme-polnila-in-namazi","8":"product_tag-novosti","9":"pa_teza-1-kg","10":"pa_teza-250-g","12":"first","13":"instock","14":"taxable","15":"shipping-taxable","16":"purchasable","17":"product-type-variable","18":"has-default-attributes"},"aioseo_notices":[],"_links":{"self":[{"href":"https:\/\/www.lumist.si\/hr\/wp-json\/wp\/v2\/product\/14496","targetHints":{"allow":["GET"]}}],"collection":[{"href":"https:\/\/www.lumist.si\/hr\/wp-json\/wp\/v2\/product"}],"about":[{"href":"https:\/\/www.lumist.si\/hr\/wp-json\/wp\/v2\/types\/product"}],"replies":[{"embeddable":true,"href":"https:\/\/www.lumist.si\/hr\/wp-json\/wp\/v2\/comments?post=14496"}],"wp:featuredmedia":[{"embeddable":true,"href":"https:\/\/www.lumist.si\/hr\/wp-json\/wp\/v2\/media\/14502"}],"wp:attachment":[{"href":"https:\/\/www.lumist.si\/hr\/wp-json\/wp\/v2\/media?parent=14496"}],"wp:term":[{"taxonomy":"product_brand","embeddable":true,"href":"https:\/\/www.lumist.si\/hr\/wp-json\/wp\/v2\/product_brand?post=14496"},{"taxonomy":"product_cat","embeddable":true,"href":"https:\/\/www.lumist.si\/hr\/wp-json\/wp\/v2\/product_cat?post=14496"},{"taxonomy":"product_tag","embeddable":true,"href":"https:\/\/www.lumist.si\/hr\/wp-json\/wp\/v2\/product_tag?post=14496"}],"curies":[{"name":"wp","href":"https:\/\/api.w.org\/{rel}","templated":true}]}}