{"id":14602,"date":"2024-12-11T13:18:14","date_gmt":"2024-12-11T12:18:14","guid":{"rendered":"https:\/\/www.lumist.si\/?post_type=product&#038;p=14602"},"modified":"2025-10-09T17:15:13","modified_gmt":"2025-10-09T15:15:13","slug":"cokoladna-tablica-18cmx35cm-18-kos","status":"publish","type":"product","link":"https:\/\/www.lumist.si\/hr\/proizvod\/cokoladna-tablica-18cmx35cm-18-kos\/","title":{"rendered":"\u010cokoladna tablica 1,8 cm x 3,5 cm 18 kos."},"content":{"rendered":"<p><strong>\u010cokoladica dekor<\/strong> je klasi\u010dna dekoracija iz temne \u010dokolade, ki spominja na majhno \u010dokoladno plo\u0161\u010dico z dimenzijami 18 x 36 mm. Zaradi svojega tradicionalnega dizajna in lomljive oblike je vsestranska pri okra\u0161evanju tort, sladoledov in drugih sladic.<\/p>\n<p><strong>Koli\u010dina:<\/strong> 18 kom<br \/>\n<strong>Dimenzija:<\/strong> 18 x 36 mm<br \/>\n<strong>Ukus:<\/strong>\u00a0 tamna \u010dokolada<br \/>\n<strong>Format:<\/strong> pravokutnik<br \/>\n<strong>Upotreba:<\/strong> univerzalna, ro\u0111endan, maj\u010din dan, vjen\u010danje, kr\u0161tenje.<\/p>\n<p>\u010cuvajte na temperaturi od 15\u00b0C do 20\u00b0C, dalje od izvora sun\u010deve svjetlosti.<\/p>\n<div class=\"woocommerce-product-details__short-description\">\n<div class=\"woocommerce-product-details__short-description\">\n<p>&nbsp;<\/p>\n<\/div>\n<\/div>","protected":false},"excerpt":{"rendered":"<p><strong>\u010cokoladica dekor<\/strong> je klasi\u010dna dekoracija iz temne \u010dokolade, ki spominja na majhno \u010dokoladno plo\u0161\u010dico z dimenzijami 18 x 36 mm. Zaradi svojega tradicionalnega dizajna in lomljive oblike je vsestranska pri okra\u0161evanju tort, sladoledov in drugih sladic.<\/p>\n<p>&nbsp;<\/p>\n<p>&nbsp;<\/p>\n<div class=\"woocommerce-product-details__short-description\">\n<div class=\"woocommerce-product-details__short-description\">\n<p>&nbsp;<\/p>\n<\/div>\n<\/div>","protected":false},"featured_media":14603,"comment_status":"open","ping_status":"closed","template":"","meta":{"om_disable_all_campaigns":false,"inline_featured_image":false,"_monsterinsights_skip_tracking":false,"_monsterinsights_sitenote_active":false,"_monsterinsights_sitenote_note":"","_monsterinsights_sitenote_category":0},"product_brand":[],"product_cat":[117,27],"product_tag":[152],"class_list":{"0":"post-14602","1":"product","2":"type-product","3":"status-publish","4":"has-post-thumbnail","6":"product_cat-dekoracija-sladic","7":"product_cat-cokoladni-okraski","8":"product_tag-novosti","9":"pa_kolicina-15-kom","11":"first","12":"instock","13":"taxable","14":"shipping-taxable","15":"purchasable","16":"product-type-simple"},"aioseo_notices":[],"_links":{"self":[{"href":"https:\/\/www.lumist.si\/hr\/wp-json\/wp\/v2\/product\/14602","targetHints":{"allow":["GET"]}}],"collection":[{"href":"https:\/\/www.lumist.si\/hr\/wp-json\/wp\/v2\/product"}],"about":[{"href":"https:\/\/www.lumist.si\/hr\/wp-json\/wp\/v2\/types\/product"}],"replies":[{"embeddable":true,"href":"https:\/\/www.lumist.si\/hr\/wp-json\/wp\/v2\/comments?post=14602"}],"wp:featuredmedia":[{"embeddable":true,"href":"https:\/\/www.lumist.si\/hr\/wp-json\/wp\/v2\/media\/14603"}],"wp:attachment":[{"href":"https:\/\/www.lumist.si\/hr\/wp-json\/wp\/v2\/media?parent=14602"}],"wp:term":[{"taxonomy":"product_brand","embeddable":true,"href":"https:\/\/www.lumist.si\/hr\/wp-json\/wp\/v2\/product_brand?post=14602"},{"taxonomy":"product_cat","embeddable":true,"href":"https:\/\/www.lumist.si\/hr\/wp-json\/wp\/v2\/product_cat?post=14602"},{"taxonomy":"product_tag","embeddable":true,"href":"https:\/\/www.lumist.si\/hr\/wp-json\/wp\/v2\/product_tag?post=14602"}],"curies":[{"name":"wp","href":"https:\/\/api.w.org\/{rel}","templated":true}]}}