{"id":14608,"date":"2024-12-11T14:21:37","date_gmt":"2024-12-11T13:21:37","guid":{"rendered":"https:\/\/www.lumist.si\/?post_type=product&#038;p=14608"},"modified":"2025-10-09T16:48:01","modified_gmt":"2025-10-09T14:48:01","slug":"cokoladni-trikotnik-punta-20-kos","status":"publish","type":"product","link":"https:\/\/www.lumist.si\/hr\/proizvod\/cokoladni-trikotnik-punta-20-kos\/","title":{"rendered":"\u010cokoladni trikotnik Punta 20 kos"},"content":{"rendered":"<p><strong>\u010cokoladni trikotnik<\/strong><\/p>\n<p><strong>Punt<\/strong> je trokutasti ukras napravljen kombinacijom visokokvalitetne bijele i tamne \u010dokolade stvaraju\u0107i ravnomjerni to\u010dkasti uzorak. Ukras je dimenzija 35 x 55 mm, a njegov jedinstveni dizajn \u010dini ga idealnim za razne slasti\u010darske kreacije.<\/p>\n<p><strong>Koli\u010dina<\/strong>: 20 kom<br \/>\n<strong>Veli\u010dina<\/strong>: 35 x 55 mm<br \/>\n<strong>Ukus:<\/strong> bijela \u010dokolada<br \/>\n<strong>Uzorak:<\/strong> crne to\u010dkice<br \/>\n<strong>Oblik<\/strong>: trokut<br \/>\n<strong>Kori\u0161tenje<\/strong>: univerzalno<\/p>\n<p>\u010cuvajte na temperaturi od 15\u00b0C do 20\u00b0C, dalje od izvora sun\u010deve svjetlosti.<\/p>","protected":false},"excerpt":{"rendered":"<p><strong>\u010cokoladni trikotnik<\/strong><\/p>\n<p><strong>Punt<\/strong> je trokutasti ukras napravljen kombinacijom visokokvalitetne bijele i tamne \u010dokolade stvaraju\u0107i ravnomjerni to\u010dkasti uzorak. Ukras je dimenzija 35 x 55 mm, a njegov jedinstveni dizajn \u010dini ga idealnim za razne slasti\u010darske kreacije.<\/p>\n<p>&nbsp;<\/p>","protected":false},"featured_media":14609,"comment_status":"open","ping_status":"closed","template":"","meta":{"om_disable_all_campaigns":false,"inline_featured_image":false,"_monsterinsights_skip_tracking":false,"_monsterinsights_sitenote_active":false,"_monsterinsights_sitenote_note":"","_monsterinsights_sitenote_category":0},"product_brand":[],"product_cat":[117,27],"product_tag":[152],"class_list":{"0":"post-14608","1":"product","2":"type-product","3":"status-publish","4":"has-post-thumbnail","6":"product_cat-dekoracija-sladic","7":"product_cat-cokoladni-okraski","8":"product_tag-novosti","10":"first","11":"instock","12":"taxable","13":"shipping-taxable","14":"purchasable","15":"product-type-simple"},"aioseo_notices":[],"_links":{"self":[{"href":"https:\/\/www.lumist.si\/hr\/wp-json\/wp\/v2\/product\/14608","targetHints":{"allow":["GET"]}}],"collection":[{"href":"https:\/\/www.lumist.si\/hr\/wp-json\/wp\/v2\/product"}],"about":[{"href":"https:\/\/www.lumist.si\/hr\/wp-json\/wp\/v2\/types\/product"}],"replies":[{"embeddable":true,"href":"https:\/\/www.lumist.si\/hr\/wp-json\/wp\/v2\/comments?post=14608"}],"wp:featuredmedia":[{"embeddable":true,"href":"https:\/\/www.lumist.si\/hr\/wp-json\/wp\/v2\/media\/14609"}],"wp:attachment":[{"href":"https:\/\/www.lumist.si\/hr\/wp-json\/wp\/v2\/media?parent=14608"}],"wp:term":[{"taxonomy":"product_brand","embeddable":true,"href":"https:\/\/www.lumist.si\/hr\/wp-json\/wp\/v2\/product_brand?post=14608"},{"taxonomy":"product_cat","embeddable":true,"href":"https:\/\/www.lumist.si\/hr\/wp-json\/wp\/v2\/product_cat?post=14608"},{"taxonomy":"product_tag","embeddable":true,"href":"https:\/\/www.lumist.si\/hr\/wp-json\/wp\/v2\/product_tag?post=14608"}],"curies":[{"name":"wp","href":"https:\/\/api.w.org\/{rel}","templated":true}]}}