{"id":14616,"date":"2024-12-11T15:07:30","date_gmt":"2024-12-11T14:07:30","guid":{"rendered":"https:\/\/www.lumist.si\/?post_type=product&#038;p=14616"},"modified":"2025-09-08T20:56:58","modified_gmt":"2025-09-08T18:56:58","slug":"cokoladna-zvezda-bele-zlate","status":"publish","type":"product","link":"https:\/\/www.lumist.si\/hr\/proizvod\/cokoladna-zvezda-bele-zlate\/","title":{"rendered":"\u010cokoladna zvijezda, bijelo zlato"},"content":{"rendered":"","protected":false},"excerpt":{"rendered":"<p>Prekrasan ukras od kvalitetne bijele \u010dokolade u obliku zvijezde sa zlatnim uzorkom. S promjerom od 37 mm, izvrsnog je oblika i preciznog otiska, \u0161to ga \u010dini savr\u0161enim za kreiranje modernih slasti\u010darskih kreacija.<\/p>\n<p><strong>Koli\u010dina<\/strong>: 20 kom<br \/>\n<strong>Boja<\/strong>: zlatna<br \/>\n<strong>Veli\u010dina:<\/strong> 37 mm<br \/>\n<strong>Ukus:<\/strong> bijela \u010dokolada<br \/>\n<strong>Format:<\/strong> zvjezdica<br \/>\n<strong>Upotreba:<\/strong> Bo\u017ei\u0107, vjen\u010danje, godi\u0161njica, univerzalno<\/p>\n<p>\u010cuvati na temperaturi od 18\u00b0C do 22\u00b0C, dalje od izvora sun\u010deve svjetlosti.<\/p>\n<p>&nbsp;<\/p>\n<p><strong>\u00a0<\/strong><\/p>","protected":false},"featured_media":14621,"comment_status":"open","ping_status":"closed","template":"","meta":{"om_disable_all_campaigns":false,"inline_featured_image":false,"_monsterinsights_skip_tracking":false,"_monsterinsights_sitenote_active":false,"_monsterinsights_sitenote_note":"","_monsterinsights_sitenote_category":0},"product_brand":[],"product_cat":[117,27],"product_tag":[152],"class_list":{"0":"post-14616","1":"product","2":"type-product","3":"status-publish","4":"has-post-thumbnail","6":"product_cat-dekoracija-sladic","7":"product_cat-cokoladni-okraski","8":"product_tag-novosti","9":"pa_kolicina-20-kos","10":"pa_znamka-barbara-luijckx","12":"first","13":"outofstock","14":"taxable","15":"shipping-taxable","16":"purchasable","17":"product-type-simple"},"aioseo_notices":[],"_links":{"self":[{"href":"https:\/\/www.lumist.si\/hr\/wp-json\/wp\/v2\/product\/14616","targetHints":{"allow":["GET"]}}],"collection":[{"href":"https:\/\/www.lumist.si\/hr\/wp-json\/wp\/v2\/product"}],"about":[{"href":"https:\/\/www.lumist.si\/hr\/wp-json\/wp\/v2\/types\/product"}],"replies":[{"embeddable":true,"href":"https:\/\/www.lumist.si\/hr\/wp-json\/wp\/v2\/comments?post=14616"}],"wp:featuredmedia":[{"embeddable":true,"href":"https:\/\/www.lumist.si\/hr\/wp-json\/wp\/v2\/media\/14621"}],"wp:attachment":[{"href":"https:\/\/www.lumist.si\/hr\/wp-json\/wp\/v2\/media?parent=14616"}],"wp:term":[{"taxonomy":"product_brand","embeddable":true,"href":"https:\/\/www.lumist.si\/hr\/wp-json\/wp\/v2\/product_brand?post=14616"},{"taxonomy":"product_cat","embeddable":true,"href":"https:\/\/www.lumist.si\/hr\/wp-json\/wp\/v2\/product_cat?post=14616"},{"taxonomy":"product_tag","embeddable":true,"href":"https:\/\/www.lumist.si\/hr\/wp-json\/wp\/v2\/product_tag?post=14616"}],"curies":[{"name":"wp","href":"https:\/\/api.w.org\/{rel}","templated":true}]}}