{"id":14720,"date":"2024-12-19T18:39:32","date_gmt":"2024-12-19T17:39:32","guid":{"rendered":"https:\/\/www.lumist.si\/?post_type=product&#038;p=14720"},"modified":"2026-03-29T22:25:11","modified_gmt":"2026-03-29T20:25:11","slug":"pasta-pistacija-100-sicilija-2","status":"publish","type":"product","link":"https:\/\/www.lumist.si\/hr\/proizvod\/pasta-pistacija-100-sicilija-2\/","title":{"rendered":"Pasta Pistacija 100% Sicilija"},"content":{"rendered":"<p data-start=\"0\" data-end=\"283\"><strong data-start=\"0\" data-end=\"36\">Pasta pistacija \u2013 100 % Sicilija<\/strong><br data-start=\"36\" data-end=\"39\" \/>Intenzivna pistacijeva pasta iz 100 % sicilijanskih pistacij, ki zagotavlja izrazit, avtenti\u010den okus in naravno barvo. Primerna je za profesionalno in doma\u010do uporabo ter za \u0161irok spekter sla\u0161\u010di\u010darskih izdelkov, kjer \u017eelimo bogat okus pistacije.<\/p>\n<p data-start=\"285\" data-end=\"381\"><strong data-start=\"285\" data-end=\"310\">Doziranje in uporaba:<\/strong><br data-start=\"310\" data-end=\"313\" \/>100 g paste : 1000 g osnove<br data-start=\"340\" data-end=\"343\" \/>Pred uporabo pasto dobro preme\u0161ajte.<\/p>\n<p data-start=\"383\" data-end=\"589\">Pasta za aromatiziranje se uporablja za najrazli\u010dnej\u0161e pekovske izdelke:<br data-start=\"455\" data-end=\"458\" \/>\u2013 stepena smetana in kremni siri<br data-start=\"490\" data-end=\"493\" \/>\u2013 nadevi, maslene kreme in pene<br data-start=\"524\" data-end=\"527\" \/>\u2013 testo za torte in peciva<br data-start=\"553\" data-end=\"556\" \/>\u2013 ganache, fondanti in sladoled<\/p>\n<p data-start=\"591\" data-end=\"735\"><strong data-start=\"591\" data-end=\"605\">Prednosti:<\/strong><br data-start=\"605\" data-end=\"608\" \/>\u2713 intenzivna aroma pistacije<br data-start=\"636\" data-end=\"639\" \/>\u2713 izjemen okus in dosledna kakovost<br data-start=\"674\" data-end=\"677\" \/>\u2713 termostabilna<br data-start=\"692\" data-end=\"695\" \/>\u2713 vedno na voljo<br data-start=\"711\" data-end=\"714\" \/>\u2713 dolg rok trajanja<\/p>\n<p data-start=\"737\" data-end=\"873\" data-is-last-node=\"\" data-is-only-node=\"\"><strong data-start=\"737\" data-end=\"754\">Skladi\u0161tenje:<\/strong><br data-start=\"754\" data-end=\"757\" \/>Proizvod je svje\u017e 12 mjeseci od datuma proizvodnje ako se \u010duva na hladnom i suhom mjestu, za\u0161ti\u0107eno od topline.<\/p>\n<p>&nbsp;<\/p>\n<p>&nbsp;<\/p>","protected":false},"excerpt":{"rendered":"<p data-start=\"344\" data-end=\"448\"><strong data-start=\"344\" data-end=\"356\">Upotreba:<\/strong><br data-start=\"356\" data-end=\"359\" \/>Za aromatiziranje krem, nadevov, maslenih krem, biskvitov, tort, ganachev in sladoleda.<\/p>\n<p data-start=\"450\" data-end=\"496\"><strong data-start=\"450\" data-end=\"464\">Doziranje:<\/strong><br data-start=\"464\" data-end=\"467\" \/>100 g paste : 1000 g osnove<\/p>\n<p data-start=\"498\" data-end=\"607\" data-is-last-node=\"\" data-is-only-node=\"\"><strong data-start=\"498\" data-end=\"515\">Skladi\u0161tenje:<\/strong><br data-start=\"515\" data-end=\"518\" \/>Hranite na hladnem in suhem mestu, za\u0161\u010diteno pred vro\u010dino. Pred uporabo dobro preme\u0161ajte.<\/p>\n<p>&nbsp;<\/p>\n<p>&nbsp;<\/p>\n<p>&nbsp;<\/p>","protected":false},"featured_media":14707,"comment_status":"open","ping_status":"closed","template":"","meta":{"om_disable_all_campaigns":false,"inline_featured_image":false,"_monsterinsights_skip_tracking":false,"_monsterinsights_sitenote_active":false,"_monsterinsights_sitenote_note":"","_monsterinsights_sitenote_category":0},"product_brand":[],"product_cat":[345,291],"product_tag":[152,356],"class_list":{"0":"post-14720","1":"product","2":"type-product","3":"status-publish","4":"has-post-thumbnail","6":"product_cat-paste-in-arome","7":"product_cat-koncentrirane-paste","8":"product_tag-novosti","9":"product_tag-priljubljeni","10":"pa_teza-1-kg","11":"pa_teza-200-g","13":"first","14":"instock","15":"taxable","16":"shipping-taxable","17":"purchasable","18":"product-type-variable","19":"has-default-attributes"},"aioseo_notices":[],"_links":{"self":[{"href":"https:\/\/www.lumist.si\/hr\/wp-json\/wp\/v2\/product\/14720","targetHints":{"allow":["GET"]}}],"collection":[{"href":"https:\/\/www.lumist.si\/hr\/wp-json\/wp\/v2\/product"}],"about":[{"href":"https:\/\/www.lumist.si\/hr\/wp-json\/wp\/v2\/types\/product"}],"replies":[{"embeddable":true,"href":"https:\/\/www.lumist.si\/hr\/wp-json\/wp\/v2\/comments?post=14720"}],"wp:featuredmedia":[{"embeddable":true,"href":"https:\/\/www.lumist.si\/hr\/wp-json\/wp\/v2\/media\/14707"}],"wp:attachment":[{"href":"https:\/\/www.lumist.si\/hr\/wp-json\/wp\/v2\/media?parent=14720"}],"wp:term":[{"taxonomy":"product_brand","embeddable":true,"href":"https:\/\/www.lumist.si\/hr\/wp-json\/wp\/v2\/product_brand?post=14720"},{"taxonomy":"product_cat","embeddable":true,"href":"https:\/\/www.lumist.si\/hr\/wp-json\/wp\/v2\/product_cat?post=14720"},{"taxonomy":"product_tag","embeddable":true,"href":"https:\/\/www.lumist.si\/hr\/wp-json\/wp\/v2\/product_tag?post=14720"}],"curies":[{"name":"wp","href":"https:\/\/api.w.org\/{rel}","templated":true}]}}