{"id":14947,"date":"2025-01-13T19:43:46","date_gmt":"2025-01-13T18:43:46","guid":{"rendered":"https:\/\/www.lumist.si\/?post_type=product&#038;p=14947"},"modified":"2026-01-26T12:25:00","modified_gmt":"2026-01-26T11:25:00","slug":"model-za-cokolado-srcki","status":"publish","type":"product","link":"https:\/\/www.lumist.si\/hr\/proizvod\/model-za-cokolado-srcki\/","title":{"rendered":"Silikonski model mini sr\u010dki, 21&#215;10,5 cm"},"content":{"rendered":"","protected":false},"excerpt":{"rendered":"<p><strong>Silikonski kalup za \u010dokoladna srca <\/strong>idealan je alat za izradu doma\u0107ih \u010dokolada, plo\u010dica, bombonijera i drugih slatkih poslastica. Izra\u0111en od 100 % silikona za hranu, bez lateksa, osigurava sigurnu i pouzdanu upotrebu. Bilo da izra\u0111ujete posebne darove za Bo\u017ei\u0107, Dan zahvalnosti, Maj\u010din dan ili bilo koju drugu prigodu, ovaj model olak\u0161ava stvaranje ukusnih poslastica.<\/p>\n<p><strong>Veli\u010dina kalupa: <\/strong>21 x 10,5 cm<strong><br \/>\nVeli\u010dina svakog srca:<\/strong> 3 x 2,5 cm<br \/>\n<strong>Srca u kalupu<\/strong>: 15<\/p>\n<p>Prikladan za zamrziva\u010d i pe\u0107nicu, omogu\u0107uje jednostavno uklanjanje proizvoda bez lijepljenja. Jednostavno \u010di\u0161\u0107enje i vi\u0161estruka uporaba osiguravaju prakti\u010dnost i dugotrajnost ure\u0111aja u va\u0161oj kuhinji. Bez BPA!<\/p>","protected":false},"featured_media":14948,"comment_status":"open","ping_status":"closed","template":"","meta":{"om_disable_all_campaigns":false,"inline_featured_image":false,"_monsterinsights_skip_tracking":false,"_monsterinsights_sitenote_active":false,"_monsterinsights_sitenote_note":"","_monsterinsights_sitenote_category":0},"product_brand":[],"product_cat":[415,365],"product_tag":[152],"class_list":{"0":"post-14947","1":"product","2":"type-product","3":"status-publish","4":"has-post-thumbnail","6":"product_cat-pripomocki","7":"product_cat-v-akciji","8":"product_tag-novosti","10":"first","11":"instock","12":"sale","13":"taxable","14":"shipping-taxable","15":"purchasable","16":"product-type-simple"},"aioseo_notices":[],"_links":{"self":[{"href":"https:\/\/www.lumist.si\/hr\/wp-json\/wp\/v2\/product\/14947","targetHints":{"allow":["GET"]}}],"collection":[{"href":"https:\/\/www.lumist.si\/hr\/wp-json\/wp\/v2\/product"}],"about":[{"href":"https:\/\/www.lumist.si\/hr\/wp-json\/wp\/v2\/types\/product"}],"replies":[{"embeddable":true,"href":"https:\/\/www.lumist.si\/hr\/wp-json\/wp\/v2\/comments?post=14947"}],"wp:featuredmedia":[{"embeddable":true,"href":"https:\/\/www.lumist.si\/hr\/wp-json\/wp\/v2\/media\/14948"}],"wp:attachment":[{"href":"https:\/\/www.lumist.si\/hr\/wp-json\/wp\/v2\/media?parent=14947"}],"wp:term":[{"taxonomy":"product_brand","embeddable":true,"href":"https:\/\/www.lumist.si\/hr\/wp-json\/wp\/v2\/product_brand?post=14947"},{"taxonomy":"product_cat","embeddable":true,"href":"https:\/\/www.lumist.si\/hr\/wp-json\/wp\/v2\/product_cat?post=14947"},{"taxonomy":"product_tag","embeddable":true,"href":"https:\/\/www.lumist.si\/hr\/wp-json\/wp\/v2\/product_tag?post=14947"}],"curies":[{"name":"wp","href":"https:\/\/api.w.org\/{rel}","templated":true}]}}