{"id":14956,"date":"2025-01-13T20:38:41","date_gmt":"2025-01-13T19:38:41","guid":{"rendered":"https:\/\/www.lumist.si\/?post_type=product&#038;p=14956"},"modified":"2026-02-10T06:42:13","modified_gmt":"2026-02-10T05:42:13","slug":"silikonski-model-za-tortice-2x-ploscica","status":"publish","type":"product","link":"https:\/\/www.lumist.si\/hr\/proizvod\/silikonski-model-za-tortice-2x-ploscica\/","title":{"rendered":"Silikonski model tortice, 2 x plo\u0161\u010dica 14,5 x 2,5"},"content":{"rendered":"","protected":false},"excerpt":{"rendered":"<div class=\"woocommerce-product-details__short-description\">\n<p><strong>Silikonski model okrogle oblike s dvemi\u00a0 kalupi <\/strong>je idealen pripomo\u010dek za ustvarjanje doma\u010dih , plo\u0161\u010dic, bonbonier in drugih sladkih dobrot. Narejen iz 100 % silikona za \u017eivila, brez lateksa, zagotavlja varno in zanesljivo uporabo. Ne glede na to, ali pripravljate posebna darila za bo\u017ei\u010d, zahvalni dan, materinski dan ali katero koli drugo prilo\u017enost, vam ta model omogo\u010da preprosto ustvarjanje okusnih dobrot.<\/p>\n<p><strong>Veli\u010dina svakog oblika:<\/strong> 14,5 x 2,5 cm<br \/>\n<strong>Broj oblika \u010dokolade<\/strong>: 6<\/p>\n<p>Prikladan za zamrziva\u010d i pe\u0107nicu, omogu\u0107uje jednostavno uklanjanje proizvoda bez lijepljenja. Jednostavno \u010di\u0161\u0107enje i vi\u0161estruka uporaba osiguravaju prakti\u010dnost i dugotrajnost ure\u0111aja u va\u0161oj kuhinji. Bez BPA!<\/p>\n<\/div>","protected":false},"featured_media":16807,"comment_status":"open","ping_status":"closed","template":"","meta":{"om_disable_all_campaigns":false,"inline_featured_image":false,"_monsterinsights_skip_tracking":false,"_monsterinsights_sitenote_active":false,"_monsterinsights_sitenote_note":"","_monsterinsights_sitenote_category":0},"product_brand":[],"product_cat":[415],"product_tag":[152],"class_list":{"0":"post-14956","1":"product","2":"type-product","3":"status-publish","4":"has-post-thumbnail","6":"product_cat-pripomocki","7":"product_tag-novosti","9":"first","10":"instock","11":"taxable","12":"shipping-taxable","13":"purchasable","14":"product-type-simple"},"aioseo_notices":[],"_links":{"self":[{"href":"https:\/\/www.lumist.si\/hr\/wp-json\/wp\/v2\/product\/14956","targetHints":{"allow":["GET"]}}],"collection":[{"href":"https:\/\/www.lumist.si\/hr\/wp-json\/wp\/v2\/product"}],"about":[{"href":"https:\/\/www.lumist.si\/hr\/wp-json\/wp\/v2\/types\/product"}],"replies":[{"embeddable":true,"href":"https:\/\/www.lumist.si\/hr\/wp-json\/wp\/v2\/comments?post=14956"}],"wp:featuredmedia":[{"embeddable":true,"href":"https:\/\/www.lumist.si\/hr\/wp-json\/wp\/v2\/media\/16807"}],"wp:attachment":[{"href":"https:\/\/www.lumist.si\/hr\/wp-json\/wp\/v2\/media?parent=14956"}],"wp:term":[{"taxonomy":"product_brand","embeddable":true,"href":"https:\/\/www.lumist.si\/hr\/wp-json\/wp\/v2\/product_brand?post=14956"},{"taxonomy":"product_cat","embeddable":true,"href":"https:\/\/www.lumist.si\/hr\/wp-json\/wp\/v2\/product_cat?post=14956"},{"taxonomy":"product_tag","embeddable":true,"href":"https:\/\/www.lumist.si\/hr\/wp-json\/wp\/v2\/product_tag?post=14956"}],"curies":[{"name":"wp","href":"https:\/\/api.w.org\/{rel}","templated":true}]}}