{"id":14964,"date":"2025-01-13T21:07:01","date_gmt":"2025-01-13T20:07:01","guid":{"rendered":"https:\/\/www.lumist.si\/?post_type=product&#038;p=14964"},"modified":"2026-03-26T20:19:35","modified_gmt":"2026-03-26T19:19:35","slug":"silikonski-model-za-cokolado-12x-mini-ploscica","status":"publish","type":"product","link":"https:\/\/www.lumist.si\/hr\/proizvod\/silikonski-model-za-cokolado-12x-mini-ploscica\/","title":{"rendered":"Silikonski model, za \u010dokolado 12x mini plo\u0161\u010dica"},"content":{"rendered":"<div id=\":pl\" class=\"a3s aiL\">\n<div>\n<div><strong>Silikonski model<\/strong><\/div>\n<div>\n<p><strong>Silikonski model pravokutnog oblika sa dvanaest mini kalupa<\/strong> savr\u0161en je alat za izradu doma\u0107ih \u010dokolada, plo\u010dica, bombona i drugih slatkih poslastica. Izra\u0111ena je od 100 % prehrambenog silikona, bez lateksa, \u0161to osigurava sigurnu i pouzdanu upotrebu. Bilo da izra\u0111ujete posebne darove za Bo\u017ei\u0107, Dan zahvalnosti, Maj\u010din dan ili bilo koju drugu prigodu, ovaj model olak\u0161ava stvaranje slatkih poslastica.<\/p>\n<\/div>\n<div class=\"adM\"><strong>Zna\u010dajke:<br \/>\n<\/strong>1. Izdr\u017eljivi silikon za hranu, fleksibilan, za vi\u0161ekratnu upotrebu, neprianjaju\u0107i i bez BPA<br \/>\n2. Izvrstan za izradu \u010dokoladnih plo\u010dica, energetskih proteinskih plo\u010dica, kakao plo\u010dica, gumenih bombona itd.<br \/>\n3. Pogodan za kori\u0161tenje u pe\u0107nici, hladnjaku i perilici posu\u0111a, podnosi temperature od -40 \u00b0C do 240 \u00b0C.<br \/>\n4. Vrlo jednostavan za kori\u0161tenje za djecu. U\u0161tedite vrijeme i zabavite se pripremaju\u0107i zdrave doma\u0107e grickalice.<\/div>\n<div>\n<p><strong>Kako koristiti?<\/strong><br \/>\n1. Prije prve uporabe operite vru\u0107om vodom ili deterd\u017eentom kako biste uklonili povr\u0161insku pra\u0161inu.<br \/>\n2. Nemojte koristiti na otvorenom plamenu ili izravno na izvoru topline.<br \/>\n3. Ne povla\u010dite i ne udarajte sna\u017eno, tako\u0111er izbjegavajte grebanje o\u0161trim predmetima.<br \/>\n4. Nemojte \u010distiti abrazivnim sapunima ili grubim spu\u017evama.<br \/>\n5. Kako biste izbjegli pra\u0161inu, ne ostavljajte izlo\u017eenu na zraku dulje vrijeme.<\/p>\n<\/div>\n<\/div>\n<\/div>","protected":false},"excerpt":{"rendered":"<div class=\"woocommerce-product-details__short-description\">\n<div class=\"woocommerce-product-details__short-description\">\n<p><strong>Silikonski model pravokutnog oblika sa dvanaest mini kalupa<\/strong> savr\u0161en je alat za izradu doma\u0107ih \u010dokolada, plo\u010dica, bombona i drugih slatkih poslastica. Izra\u0111ena je od 100 % prehrambenog silikona, bez lateksa, \u0161to osigurava sigurnu i pouzdanu upotrebu. Bilo da izra\u0111ujete posebne darove za Bo\u017ei\u0107, Dan zahvalnosti, Maj\u010din dan ili bilo koju drugu prigodu, ovaj model olak\u0161ava stvaranje slatkih poslastica.<\/p>\n<p>&nbsp;<\/p>\n<\/div>\n<\/div>","protected":false},"featured_media":14965,"comment_status":"open","ping_status":"closed","template":"","meta":{"om_disable_all_campaigns":false,"inline_featured_image":false,"_monsterinsights_skip_tracking":false,"_monsterinsights_sitenote_active":false,"_monsterinsights_sitenote_note":"","_monsterinsights_sitenote_category":0},"product_brand":[],"product_cat":[415,365],"product_tag":[152],"class_list":{"0":"post-14964","1":"product","2":"type-product","3":"status-publish","4":"has-post-thumbnail","6":"product_cat-pripomocki","7":"product_cat-v-akciji","8":"product_tag-novosti","10":"first","11":"instock","12":"sale","13":"taxable","14":"shipping-taxable","15":"purchasable","16":"product-type-simple"},"aioseo_notices":[],"_links":{"self":[{"href":"https:\/\/www.lumist.si\/hr\/wp-json\/wp\/v2\/product\/14964","targetHints":{"allow":["GET"]}}],"collection":[{"href":"https:\/\/www.lumist.si\/hr\/wp-json\/wp\/v2\/product"}],"about":[{"href":"https:\/\/www.lumist.si\/hr\/wp-json\/wp\/v2\/types\/product"}],"replies":[{"embeddable":true,"href":"https:\/\/www.lumist.si\/hr\/wp-json\/wp\/v2\/comments?post=14964"}],"wp:featuredmedia":[{"embeddable":true,"href":"https:\/\/www.lumist.si\/hr\/wp-json\/wp\/v2\/media\/14965"}],"wp:attachment":[{"href":"https:\/\/www.lumist.si\/hr\/wp-json\/wp\/v2\/media?parent=14964"}],"wp:term":[{"taxonomy":"product_brand","embeddable":true,"href":"https:\/\/www.lumist.si\/hr\/wp-json\/wp\/v2\/product_brand?post=14964"},{"taxonomy":"product_cat","embeddable":true,"href":"https:\/\/www.lumist.si\/hr\/wp-json\/wp\/v2\/product_cat?post=14964"},{"taxonomy":"product_tag","embeddable":true,"href":"https:\/\/www.lumist.si\/hr\/wp-json\/wp\/v2\/product_tag?post=14964"}],"curies":[{"name":"wp","href":"https:\/\/api.w.org\/{rel}","templated":true}]}}