{"id":14989,"date":"2025-01-17T13:13:01","date_gmt":"2025-01-17T12:13:01","guid":{"rendered":"https:\/\/www.lumist.si\/?post_type=product&#038;p=14989"},"modified":"2026-04-10T16:59:25","modified_gmt":"2026-04-10T14:59:25","slug":"cokoladne-krogle-peachy-pink-130g","status":"publish","type":"product","link":"https:\/\/www.lumist.si\/hr\/proizvod\/cokoladne-krogle-peachy-pink-130g\/","title":{"rendered":"\u010cokoladne krogle, Peachy pink 130 g"},"content":{"rendered":"<p><strong>\u010cokoladne kuglice, breskvasto roza<\/strong><\/p>\n<p><strong>Zabavni kola\u010di<\/strong> \u010dokoladne hrskave kuglice spadaju u premium liniju posipa koje \u0107ete prepoznati po posebnoj posudici s ljubi\u010dastim poklopcem. Ove velike \u010dokoladne kuglice (\u00f815 mm) imaju ukusnu hrskavu jezgru i prekrivene su kvalitetnom \u010dokoladom. Koristite ih za ukra\u0161avanje svih vrsta slastica.<\/p>\n<p>\u010cuvati na tamnom i suhom mjestu do maksimalno 22\u00b0C.<br \/>\nNeto te\u017eina: 130 g.<\/p>","protected":false},"excerpt":{"rendered":"<p><strong>\u010cokoladne kuglice, breskvasto roza<\/strong><\/p>\n<p><strong>Zabavni kola\u010di<\/strong> \u010dokoladne hrskave kuglice spadaju u premium liniju posipa koje \u0107ete prepoznati po posebnoj posudici s ljubi\u010dastim poklopcem. Ove velike \u010dokoladne kuglice (\u00f815 mm) imaju ukusnu hrskavu jezgru i prekrivene su kvalitetnom \u010dokoladom. Koristite ih za ukra\u0161avanje svih vrsta slastica.<\/p>\n<p>&nbsp;<\/p>","protected":false},"featured_media":14990,"comment_status":"open","ping_status":"closed","template":"","meta":{"om_disable_all_campaigns":false,"inline_featured_image":false,"_monsterinsights_skip_tracking":false,"_monsterinsights_sitenote_active":false,"_monsterinsights_sitenote_note":"","_monsterinsights_sitenote_category":0},"product_brand":[],"product_cat":[117,118,99],"product_tag":[152],"class_list":{"0":"post-14989","1":"product","2":"type-product","3":"status-publish","4":"has-post-thumbnail","6":"product_cat-dekoracija-sladic","7":"product_cat-cokoladne-krogle","8":"product_cat-sladkorne-in-cokoladne-perlice","9":"product_tag-novosti","10":"pa_znamka-fun-cakes","12":"first","13":"instock","14":"taxable","15":"shipping-taxable","16":"purchasable","17":"product-type-simple"},"aioseo_notices":[],"_links":{"self":[{"href":"https:\/\/www.lumist.si\/hr\/wp-json\/wp\/v2\/product\/14989","targetHints":{"allow":["GET"]}}],"collection":[{"href":"https:\/\/www.lumist.si\/hr\/wp-json\/wp\/v2\/product"}],"about":[{"href":"https:\/\/www.lumist.si\/hr\/wp-json\/wp\/v2\/types\/product"}],"replies":[{"embeddable":true,"href":"https:\/\/www.lumist.si\/hr\/wp-json\/wp\/v2\/comments?post=14989"}],"wp:featuredmedia":[{"embeddable":true,"href":"https:\/\/www.lumist.si\/hr\/wp-json\/wp\/v2\/media\/14990"}],"wp:attachment":[{"href":"https:\/\/www.lumist.si\/hr\/wp-json\/wp\/v2\/media?parent=14989"}],"wp:term":[{"taxonomy":"product_brand","embeddable":true,"href":"https:\/\/www.lumist.si\/hr\/wp-json\/wp\/v2\/product_brand?post=14989"},{"taxonomy":"product_cat","embeddable":true,"href":"https:\/\/www.lumist.si\/hr\/wp-json\/wp\/v2\/product_cat?post=14989"},{"taxonomy":"product_tag","embeddable":true,"href":"https:\/\/www.lumist.si\/hr\/wp-json\/wp\/v2\/product_tag?post=14989"}],"curies":[{"name":"wp","href":"https:\/\/api.w.org\/{rel}","templated":true}]}}