{"id":15156,"date":"2025-02-08T22:33:58","date_gmt":"2025-02-08T21:33:58","guid":{"rendered":"https:\/\/www.lumist.si\/?post_type=product&#038;p=15156"},"modified":"2026-03-02T08:58:49","modified_gmt":"2026-03-02T07:58:49","slug":"akrilne-palcke-za-cakepops-25-kom","status":"publish","type":"product","link":"https:\/\/www.lumist.si\/hr\/proizvod\/akrilne-palcke-za-cakepops-25-kom\/","title":{"rendered":"Akrilni \u0161tapi\u0107i za Cakepops, 25 kom"},"content":{"rendered":"","protected":false},"excerpt":{"rendered":"<p>Visoko prozirni okrugli akrilni \u0161tapi\u0107i za capopsis, lizalice, druge slastice i DIY kreacije. Za vi\u0161ekratnu upotrebu.<\/p>\n<p><strong>Promjer:<\/strong> 3 mm<br \/>\n<strong>duljina:<\/strong> 15,24 cm<br \/>\n<strong>Pakiranje:<\/strong> 25 komada<\/p>","protected":false},"featured_media":15157,"comment_status":"open","ping_status":"closed","template":"","meta":{"om_disable_all_campaigns":false,"inline_featured_image":false,"_monsterinsights_skip_tracking":false,"_monsterinsights_sitenote_active":false,"_monsterinsights_sitenote_note":"","_monsterinsights_sitenote_category":0},"product_brand":[],"product_cat":[415],"product_tag":[152],"class_list":{"0":"post-15156","1":"product","2":"type-product","3":"status-publish","4":"has-post-thumbnail","6":"product_cat-pripomocki","7":"product_tag-novosti","9":"first","10":"instock","11":"taxable","12":"shipping-taxable","13":"purchasable","14":"product-type-simple"},"aioseo_notices":[],"_links":{"self":[{"href":"https:\/\/www.lumist.si\/hr\/wp-json\/wp\/v2\/product\/15156","targetHints":{"allow":["GET"]}}],"collection":[{"href":"https:\/\/www.lumist.si\/hr\/wp-json\/wp\/v2\/product"}],"about":[{"href":"https:\/\/www.lumist.si\/hr\/wp-json\/wp\/v2\/types\/product"}],"replies":[{"embeddable":true,"href":"https:\/\/www.lumist.si\/hr\/wp-json\/wp\/v2\/comments?post=15156"}],"wp:featuredmedia":[{"embeddable":true,"href":"https:\/\/www.lumist.si\/hr\/wp-json\/wp\/v2\/media\/15157"}],"wp:attachment":[{"href":"https:\/\/www.lumist.si\/hr\/wp-json\/wp\/v2\/media?parent=15156"}],"wp:term":[{"taxonomy":"product_brand","embeddable":true,"href":"https:\/\/www.lumist.si\/hr\/wp-json\/wp\/v2\/product_brand?post=15156"},{"taxonomy":"product_cat","embeddable":true,"href":"https:\/\/www.lumist.si\/hr\/wp-json\/wp\/v2\/product_cat?post=15156"},{"taxonomy":"product_tag","embeddable":true,"href":"https:\/\/www.lumist.si\/hr\/wp-json\/wp\/v2\/product_tag?post=15156"}],"curies":[{"name":"wp","href":"https:\/\/api.w.org\/{rel}","templated":true}]}}