{"id":15343,"date":"2025-02-23T17:25:52","date_gmt":"2025-02-23T16:25:52","guid":{"rendered":"https:\/\/www.lumist.si\/?post_type=product&#038;p=15343"},"modified":"2025-07-19T11:11:42","modified_gmt":"2025-07-19T09:11:42","slug":"svecke-za-torto-srebrno-roza-6-kom","status":"publish","type":"product","link":"https:\/\/www.lumist.si\/hr\/proizvod\/svecke-za-torto-srebrno-roza-6-kom\/","title":{"rendered":"Svije\u0107e za torte, srebrno ru\u017ei\u010daste, 6 kom"},"content":{"rendered":"","protected":false},"excerpt":{"rendered":"<p>Elegantne svije\u0107e za torte za sve prilike.<\/p>\n<p><strong>Boja:<\/strong> Srebrno ru\u017ei\u010dasta<br \/>\n<strong>Broj svje\u0107ica:<\/strong> 6 komada<\/p>","protected":false},"featured_media":15344,"comment_status":"open","ping_status":"closed","template":"","meta":{"om_disable_all_campaigns":false,"inline_featured_image":false,"_monsterinsights_skip_tracking":false,"_monsterinsights_sitenote_active":false,"_monsterinsights_sitenote_note":"","_monsterinsights_sitenote_category":0},"product_brand":[],"product_cat":[415],"product_tag":[152],"class_list":{"0":"post-15343","1":"product","2":"type-product","3":"status-publish","4":"has-post-thumbnail","6":"product_cat-pripomocki","7":"product_tag-novosti","9":"first","10":"instock","11":"taxable","12":"shipping-taxable","13":"purchasable","14":"product-type-simple"},"aioseo_notices":[],"_links":{"self":[{"href":"https:\/\/www.lumist.si\/hr\/wp-json\/wp\/v2\/product\/15343","targetHints":{"allow":["GET"]}}],"collection":[{"href":"https:\/\/www.lumist.si\/hr\/wp-json\/wp\/v2\/product"}],"about":[{"href":"https:\/\/www.lumist.si\/hr\/wp-json\/wp\/v2\/types\/product"}],"replies":[{"embeddable":true,"href":"https:\/\/www.lumist.si\/hr\/wp-json\/wp\/v2\/comments?post=15343"}],"wp:featuredmedia":[{"embeddable":true,"href":"https:\/\/www.lumist.si\/hr\/wp-json\/wp\/v2\/media\/15344"}],"wp:attachment":[{"href":"https:\/\/www.lumist.si\/hr\/wp-json\/wp\/v2\/media?parent=15343"}],"wp:term":[{"taxonomy":"product_brand","embeddable":true,"href":"https:\/\/www.lumist.si\/hr\/wp-json\/wp\/v2\/product_brand?post=15343"},{"taxonomy":"product_cat","embeddable":true,"href":"https:\/\/www.lumist.si\/hr\/wp-json\/wp\/v2\/product_cat?post=15343"},{"taxonomy":"product_tag","embeddable":true,"href":"https:\/\/www.lumist.si\/hr\/wp-json\/wp\/v2\/product_tag?post=15343"}],"curies":[{"name":"wp","href":"https:\/\/api.w.org\/{rel}","templated":true}]}}