{"id":15448,"date":"2025-03-11T15:12:09","date_gmt":"2025-03-11T14:12:09","guid":{"rendered":"https:\/\/www.lumist.si\/?post_type=product&#038;p=15448"},"modified":"2026-04-14T07:55:06","modified_gmt":"2026-04-14T05:55:06","slug":"cokoladna-ploscica-super-mama-15kos","status":"publish","type":"product","link":"https:\/\/www.lumist.si\/hr\/proizvod\/cokoladna-ploscica-super-mama-15kos\/","title":{"rendered":"\u010cokoladna plo\u0161\u010dica &#8220;Super Mama&#8221; 15 kos."},"content":{"rendered":"<p>Prisr\u010dna \u010dokoladna plo\u0161\u010dica, izdelane iz kakovostne belgijske \u010dokolade so idealna dekoracija za materinski dan.<\/p>\n<p><strong>pakirano:<\/strong> 15 kom<br \/>\n<strong>Veli\u010dina:<\/strong> 45 x 35 mm<br \/>\n<strong>Ukus:<\/strong> bijela \u010dokolada<br \/>\n<strong>Boja:<\/strong> ru\u017ei\u010dasta<br \/>\n<strong>Oblik<\/strong>: natpis<br \/>\n<strong>Upotreba:<\/strong> univerzalni, maj\u010din dan<\/p>\n<p>&nbsp;<\/p>\n<p>\u010cuvajte na temperaturi od 15\u00b0C do 20\u00b0C, dalje od izvora sun\u010deve svjetlosti.<\/p>","protected":false},"excerpt":{"rendered":"<div class=\"woocommerce-product-details__short-description\">\n<p>Prisr\u010dna \u010dokoladna plo\u0161\u010dica, izdelane iz kakovostne belgijske \u010dokolade so idealna dekoracija za materinski dan.<\/p>\n<p><strong>pakirano:<\/strong> 15 kom<br \/>\n<strong>Veli\u010dina:<\/strong> 45 x 35 mm<br \/>\n<strong>Ukus:<\/strong> bijela \u010dokolada<br \/>\n<strong>Boja:<\/strong> ru\u017ei\u010dasta<br \/>\n<strong>Oblik<\/strong>: natpis<br \/>\n<strong>Upotreba:<\/strong> univerzalni, maj\u010din dan<\/p>\n<p>&nbsp;<\/p>\n<p>\u010cuvajte na temperaturi od 15\u00b0C do 20\u00b0C, dalje od izvora sun\u010deve svjetlosti.<\/p>\n<\/div>","protected":false},"featured_media":15429,"comment_status":"open","ping_status":"closed","template":"","meta":{"om_disable_all_campaigns":false,"inline_featured_image":false,"_monsterinsights_skip_tracking":false,"_monsterinsights_sitenote_active":false,"_monsterinsights_sitenote_note":"","_monsterinsights_sitenote_category":0},"product_brand":[],"product_cat":[117,27],"product_tag":[152],"class_list":{"0":"post-15448","1":"product","2":"type-product","3":"status-publish","4":"has-post-thumbnail","6":"product_cat-dekoracija-sladic","7":"product_cat-cokoladni-okraski","8":"product_tag-novosti","9":"pa_kolicina-15-kom","11":"first","12":"instock","13":"taxable","14":"shipping-taxable","15":"purchasable","16":"product-type-simple"},"aioseo_notices":[],"_links":{"self":[{"href":"https:\/\/www.lumist.si\/hr\/wp-json\/wp\/v2\/product\/15448","targetHints":{"allow":["GET"]}}],"collection":[{"href":"https:\/\/www.lumist.si\/hr\/wp-json\/wp\/v2\/product"}],"about":[{"href":"https:\/\/www.lumist.si\/hr\/wp-json\/wp\/v2\/types\/product"}],"replies":[{"embeddable":true,"href":"https:\/\/www.lumist.si\/hr\/wp-json\/wp\/v2\/comments?post=15448"}],"wp:featuredmedia":[{"embeddable":true,"href":"https:\/\/www.lumist.si\/hr\/wp-json\/wp\/v2\/media\/15429"}],"wp:attachment":[{"href":"https:\/\/www.lumist.si\/hr\/wp-json\/wp\/v2\/media?parent=15448"}],"wp:term":[{"taxonomy":"product_brand","embeddable":true,"href":"https:\/\/www.lumist.si\/hr\/wp-json\/wp\/v2\/product_brand?post=15448"},{"taxonomy":"product_cat","embeddable":true,"href":"https:\/\/www.lumist.si\/hr\/wp-json\/wp\/v2\/product_cat?post=15448"},{"taxonomy":"product_tag","embeddable":true,"href":"https:\/\/www.lumist.si\/hr\/wp-json\/wp\/v2\/product_tag?post=15448"}],"curies":[{"name":"wp","href":"https:\/\/api.w.org\/{rel}","templated":true}]}}