{"id":15455,"date":"2025-03-11T16:22:22","date_gmt":"2025-03-11T15:22:22","guid":{"rendered":"https:\/\/www.lumist.si\/?post_type=product&#038;p=15455"},"modified":"2026-01-01T19:47:51","modified_gmt":"2026-01-01T18:47:51","slug":"cokoladne-perlice-gold","status":"publish","type":"product","link":"https:\/\/www.lumist.si\/hr\/proizvod\/cokoladne-perlice-gold\/","title":{"rendered":"\u010cokoladne perlice gold 80 g"},"content":{"rendered":"<p><strong>\u010cokoladne perlice gold<\/strong><\/p>\n<p>Ukusna hrskava sredina prekrivena visokokvalitetnom belgijskom \u010dokoladom. U obliku promjera 1 cm, ovaj ukrasni posip pogodan je za sve vrste slastica, poslastica i slastica u staklenkama.<\/p>\n<p><strong>Pakiranje<\/strong>: 80 g<br \/>\n<strong>Veli\u010dina<\/strong>: 1 cm<br \/>\n<strong>Ukus<\/strong>: zlatni sjaj<\/p>\n<p><strong>Skladi\u0161tenje:<\/strong> na suhom i hladnom mjestu (temperatura 5-20\u00b0C, relativna vla\u017enost ispod 75%) u dobro zatvorenoj ambala\u017ei; za\u0161tititi od sun\u010deve svjetlosti i stranih mirisa.<\/p>","protected":false},"excerpt":{"rendered":"<p><strong>\u010cokoladne perlice gold<\/strong><\/p>\n<p>Ukusna hrskava sredina prekrivena visokokvalitetnom belgijskom \u010dokoladom. U obliku promjera 1 cm, ovaj ukrasni posip pogodan je za sve vrste slastica, poslastica i slastica u staklenkama.<\/p>\n<p>&nbsp;<\/p>","protected":false},"featured_media":15458,"comment_status":"open","ping_status":"closed","template":"","meta":{"om_disable_all_campaigns":false,"inline_featured_image":false,"_monsterinsights_skip_tracking":false,"_monsterinsights_sitenote_active":false,"_monsterinsights_sitenote_note":"","_monsterinsights_sitenote_category":0},"product_brand":[],"product_cat":[117,118,99],"product_tag":[],"class_list":{"0":"post-15455","1":"product","2":"type-product","3":"status-publish","4":"has-post-thumbnail","6":"product_cat-dekoracija-sladic","7":"product_cat-cokoladne-krogle","8":"product_cat-sladkorne-in-cokoladne-perlice","9":"pa_teza-80-g","10":"pa_znamka-leman","12":"first","13":"instock","14":"sale","15":"taxable","16":"shipping-taxable","17":"purchasable","18":"product-type-simple"},"aioseo_notices":[],"_links":{"self":[{"href":"https:\/\/www.lumist.si\/hr\/wp-json\/wp\/v2\/product\/15455","targetHints":{"allow":["GET"]}}],"collection":[{"href":"https:\/\/www.lumist.si\/hr\/wp-json\/wp\/v2\/product"}],"about":[{"href":"https:\/\/www.lumist.si\/hr\/wp-json\/wp\/v2\/types\/product"}],"replies":[{"embeddable":true,"href":"https:\/\/www.lumist.si\/hr\/wp-json\/wp\/v2\/comments?post=15455"}],"wp:featuredmedia":[{"embeddable":true,"href":"https:\/\/www.lumist.si\/hr\/wp-json\/wp\/v2\/media\/15458"}],"wp:attachment":[{"href":"https:\/\/www.lumist.si\/hr\/wp-json\/wp\/v2\/media?parent=15455"}],"wp:term":[{"taxonomy":"product_brand","embeddable":true,"href":"https:\/\/www.lumist.si\/hr\/wp-json\/wp\/v2\/product_brand?post=15455"},{"taxonomy":"product_cat","embeddable":true,"href":"https:\/\/www.lumist.si\/hr\/wp-json\/wp\/v2\/product_cat?post=15455"},{"taxonomy":"product_tag","embeddable":true,"href":"https:\/\/www.lumist.si\/hr\/wp-json\/wp\/v2\/product_tag?post=15455"}],"curies":[{"name":"wp","href":"https:\/\/api.w.org\/{rel}","templated":true}]}}